{"id":7867,"date":"2003-10-23T15:22:54","date_gmt":"2003-10-23T12:22:54","guid":{"rendered":"https:\/\/msppu.org.ua\/?page_id=7867"},"modified":"2018-05-11T15:23:45","modified_gmt":"2018-05-11T12:23:45","slug":"5-lecie-msppu-23-10-2003","status":"publish","type":"page","link":"https:\/\/msppu.org.ua\/pl\/archiwum\/5-lecie-msppu-23-10-2003\/","title":{"rendered":"5-lecie MSPPU 23.10.2003"},"content":{"rendered":"<p>23 pa\u017adziernika 2003 roku w Ambasadzie Rzeczypospolitej Polskiej w Kijowie odby\u0142o si\u0119 uroczyste przyj\u0119cie z okazji 5-lecia Mi\u0119dzynarodowego Stowarzyszenia Przedsi\u0119biorc\u00f3w Polskich na Ukrainie. Na uroczysto\u015bci byli obecni Cz\u0142onkowie Stowarzyszenia oraz przedstawiciele polskiej dyplomacji, mi\u0119dzy innymi: Ambasador Nadzwyczajny i pe\u0142nomocny Marek Zi\u00f3\u0142kowski<\/p>\n<p>Radca \u2014 Minister Anna Skowro\u0144ska \u2013 \u0141uczy\u0144ska, Konsul Generalny Sylwester Szostak.<\/p>\n","protected":false},"excerpt":{"rendered":"<p>23 pa\u017adziernika 2003 roku w Ambasadzie Rzeczypospolitej Polskiej w Kijowie odby\u0142o si\u0119 uroczyste przyj\u0119cie z okazji 5-lecia Mi\u0119dzynarodowego Stowarzyszenia Przedsi\u0119biorc\u00f3w Polskich na Ukrainie. Na uroczysto\u015bci byli obecni Cz\u0142onkowie Stowarzyszenia oraz przedstawiciele polskiej dyplomacji, mi\u0119dzy innymi: Ambasador Nadzwyczajny i pe\u0142nomocny Marek Zi\u00f3\u0142kowski Radca \u2014 Minister Anna Skowro\u0144ska \u2013 \u0141uczy\u0144ska, Konsul Generalny Sylwester Szostak.<\/p>\n","protected":false},"author":2,"featured_media":0,"parent":7038,"menu_order":0,"comment_status":"closed","ping_status":"closed","template":"","meta":{"_acf_changed":false,"footnotes":""},"class_list":["post-7867","page","type-page","status-publish","hentry"],"acf":[],"_links":{"self":[{"href":"https:\/\/msppu.org.ua\/pl\/wp-json\/wp\/v2\/pages\/7867","targetHints":{"allow":["GET"]}}],"collection":[{"href":"https:\/\/msppu.org.ua\/pl\/wp-json\/wp\/v2\/pages"}],"about":[{"href":"https:\/\/msppu.org.ua\/pl\/wp-json\/wp\/v2\/types\/page"}],"author":[{"embeddable":true,"href":"https:\/\/msppu.org.ua\/pl\/wp-json\/wp\/v2\/users\/2"}],"replies":[{"embeddable":true,"href":"https:\/\/msppu.org.ua\/pl\/wp-json\/wp\/v2\/comments?post=7867"}],"version-history":[{"count":0,"href":"https:\/\/msppu.org.ua\/pl\/wp-json\/wp\/v2\/pages\/7867\/revisions"}],"up":[{"embeddable":true,"href":"https:\/\/msppu.org.ua\/pl\/wp-json\/wp\/v2\/pages\/7038"}],"wp:attachment":[{"href":"https:\/\/msppu.org.ua\/pl\/wp-json\/wp\/v2\/media?parent=7867"}],"curies":[{"name":"wp","href":"https:\/\/api.w.org\/{rel}","templated":true}]}}