{"id":7857,"date":"2006-03-10T15:18:46","date_gmt":"2006-03-10T13:18:46","guid":{"rendered":"https:\/\/msppu.org.ua\/?page_id=7857"},"modified":"2018-05-11T15:19:17","modified_gmt":"2018-05-11T12:19:17","slug":"seminarium-na-temat-rynku-uslug-logistycznych-z-udzialem-spolki-raben-ukraina-10-03-2006","status":"publish","type":"page","link":"https:\/\/msppu.org.ua\/pl\/archiwum\/seminarium-na-temat-rynku-uslug-logistycznych-z-udzialem-spolki-raben-ukraina-10-03-2006\/","title":{"rendered":"Seminarium na temat rynku us\u0142ug logistycznych z udzia\u0142em sp\u00f3\u0142ki \u201eRaben Ukraina\u201d. 10.03.2006"},"content":{"rendered":"<p>Dnia 10.03.2006 roku w centrum biznesowym \u00abKempa Centrum\u00bb odby\u0142o si\u0119 seminarium na temat rynku logistycznego Ukrainy. Organizatorami seminarium by\u0142a sp\u00f3\u0142ka \u201eRaben Ukraina\u201d oraz Mi\u0119dzynarodowe Stowarzyszenie Przedsi\u0119biorc\u00f3w Polskich na Ukrainie.<\/p>\n<p>Andrzej Koz\u0142owski \u2013 Generalny Dyrektor firmy \u201eRaben Ukraina\u201d\u00a0 w swojej prezentacji przedstawi\u0142 g\u0142\u00f3wne w\u0105tki oraz tendencje rozwoju ukrai\u0144skiego rynku us\u0142ug logistycznych w por\u00f3wnaniu z polskim rynkiem.<\/p>\n<p>Go\u015b\u0107mi spotkania byli przedstawiciele ukrai\u0144skich medi\u00f3w oraz organizacji dzia\u0142aj\u0105cych na rynku\u00a0 logistycznym, w\u015br\u00f3d kt\u00f3rych znale\u017ali si\u0119 tak\u017ce \u00a0przedstawiciele Ukrai\u0144skiej Asocjacji Logistycznej oraz redakcji czasopisma \u00abDystrybucja i logistyka\u00bb.<\/p>\n","protected":false},"excerpt":{"rendered":"<p>Dnia 10.03.2006 roku w centrum biznesowym \u00abKempa Centrum\u00bb odby\u0142o si\u0119 seminarium na temat rynku logistycznego Ukrainy. Organizatorami seminarium by\u0142a sp\u00f3\u0142ka \u201eRaben Ukraina\u201d oraz Mi\u0119dzynarodowe Stowarzyszenie Przedsi\u0119biorc\u00f3w Polskich na Ukrainie. Andrzej Koz\u0142owski \u2013 Generalny Dyrektor firmy \u201eRaben Ukraina\u201d\u00a0 w swojej prezentacji przedstawi\u0142 g\u0142\u00f3wne w\u0105tki oraz tendencje rozwoju ukrai\u0144skiego rynku us\u0142ug logistycznych w por\u00f3wnaniu z polskim rynkiem. [&hellip;]<\/p>\n","protected":false},"author":2,"featured_media":0,"parent":7038,"menu_order":0,"comment_status":"closed","ping_status":"closed","template":"","meta":{"_acf_changed":false,"footnotes":""},"class_list":["post-7857","page","type-page","status-publish","hentry"],"acf":[],"_links":{"self":[{"href":"https:\/\/msppu.org.ua\/pl\/wp-json\/wp\/v2\/pages\/7857","targetHints":{"allow":["GET"]}}],"collection":[{"href":"https:\/\/msppu.org.ua\/pl\/wp-json\/wp\/v2\/pages"}],"about":[{"href":"https:\/\/msppu.org.ua\/pl\/wp-json\/wp\/v2\/types\/page"}],"author":[{"embeddable":true,"href":"https:\/\/msppu.org.ua\/pl\/wp-json\/wp\/v2\/users\/2"}],"replies":[{"embeddable":true,"href":"https:\/\/msppu.org.ua\/pl\/wp-json\/wp\/v2\/comments?post=7857"}],"version-history":[{"count":0,"href":"https:\/\/msppu.org.ua\/pl\/wp-json\/wp\/v2\/pages\/7857\/revisions"}],"up":[{"embeddable":true,"href":"https:\/\/msppu.org.ua\/pl\/wp-json\/wp\/v2\/pages\/7038"}],"wp:attachment":[{"href":"https:\/\/msppu.org.ua\/pl\/wp-json\/wp\/v2\/media?parent=7857"}],"curies":[{"name":"wp","href":"https:\/\/api.w.org\/{rel}","templated":true}]}}