{"id":7853,"date":"2007-06-21T15:17:17","date_gmt":"2007-06-21T12:17:17","guid":{"rendered":"https:\/\/msppu.org.ua\/?page_id=7853"},"modified":"2018-05-11T15:17:43","modified_gmt":"2018-05-11T12:17:43","slug":"konferencja-kredobank-21-06-2007","status":"publish","type":"page","link":"https:\/\/msppu.org.ua\/pl\/archiwum\/konferencja-kredobank-21-06-2007\/","title":{"rendered":"Konferencja Kredobank. 21.06.2007"},"content":{"rendered":"<p>W dniu 21.06.2007 roku o 17:00 w \u201eUkrai\u0144skim Domie\u201d odby\u0142o si\u0119 spotkanie, wsp\u00f3lnie zorganizowane MSPPU z WAT \u201eKREDOBANK\u201d (Grupa PKO BP). G\u0142\u00f3wnym celem konferencji by\u0142o przedstawienie nowych mo\u017cliwo\u015bci kredytowych dla przedstawicielstw, filii, sp\u00f3\u0142ek-c\u00f3rek polskich przedsi\u0119biorstw, prowadz\u0105cych dzia\u0142alno\u015b\u0107 na Ukrainie.<\/p>\n<p>Do udzia\u0142u w spotkaniu byli zaproszeni polscy biznesmeni, dzia\u0142aj\u0105cy na terenie Ukrainy oraz przedstawiciele dyplomatyczni Rzeczpospolitej Polskiej, a mianowicie: Ambasador Rzeczpospolitej Polskiej Jacek Kluczkowski, Radca Handlowy Ambasady RP Anna Skowro\u0144ska \u2013 \u0141uczy\u0144ska, Konsul Generalny RP Grzegorz Opali\u0144ski. Spotkanie zaszczyci\u0142 swoj\u0105 obecno\u015bci\u0105 Eks\u2013Premier Rzeczpospolitej Polskiej Kazimierz Marcinkiewicz.<\/p>\n<p>\u201eKREDYT UKRAINA\u201d \u2013 jest to produkt Kredobanku, reprezentuj\u0105cy now\u0105 form\u0119 inwestycji na rynku ukrai\u0144skim, polega na udzieleniu kredytu przez PKO Bank Polski podmiotowi polskiemu, kt\u00f3ry nast\u0119pnie uzyskane \u015brodki przekazuje w formie umowy po\u017cyczki swojemu partnerowi biznesowemu na Ukrainie. Takie rozwi\u0105zanie finansowe jest nowatorstwem w ukrai\u0144skim biznesie, pozwalaj\u0105cym ukrai\u0144skim biznesmenom korzysta\u0107 ze stop procentowych (kt\u00f3re s\u0105 znacznie ni\u017csze, ni\u017c na Ukrainie) z jakich korzystaj\u0105 polskie Sp\u00f3\u0142ki.<\/p>\n<p>Zorganizowanie tego spotkania wywo\u0142a\u0142o wielkie zainteresowanie jak ze strony polskich przedsi\u0119biorc\u00f3w, tak i ich partner\u00f3w na Ukrainie. Podczas rozm\u00f3w w kuluarach obecni mieli mo\u017cliwo\u015b\u0107 bardziej szczeg\u00f3\u0142owo porozmawia\u0107 na temat nowego produktu oraz jego zastosowania praktycznego.<\/p>\n","protected":false},"excerpt":{"rendered":"<p>W dniu 21.06.2007 roku o 17:00 w \u201eUkrai\u0144skim Domie\u201d odby\u0142o si\u0119 spotkanie, wsp\u00f3lnie zorganizowane MSPPU z WAT \u201eKREDOBANK\u201d (Grupa PKO BP). G\u0142\u00f3wnym celem konferencji by\u0142o przedstawienie nowych mo\u017cliwo\u015bci kredytowych dla przedstawicielstw, filii, sp\u00f3\u0142ek-c\u00f3rek polskich przedsi\u0119biorstw, prowadz\u0105cych dzia\u0142alno\u015b\u0107 na Ukrainie. Do udzia\u0142u w spotkaniu byli zaproszeni polscy biznesmeni, dzia\u0142aj\u0105cy na terenie Ukrainy oraz przedstawiciele dyplomatyczni Rzeczpospolitej [&hellip;]<\/p>\n","protected":false},"author":2,"featured_media":0,"parent":7038,"menu_order":0,"comment_status":"closed","ping_status":"closed","template":"","meta":{"_acf_changed":false,"footnotes":""},"class_list":["post-7853","page","type-page","status-publish","hentry"],"acf":[],"_links":{"self":[{"href":"https:\/\/msppu.org.ua\/pl\/wp-json\/wp\/v2\/pages\/7853","targetHints":{"allow":["GET"]}}],"collection":[{"href":"https:\/\/msppu.org.ua\/pl\/wp-json\/wp\/v2\/pages"}],"about":[{"href":"https:\/\/msppu.org.ua\/pl\/wp-json\/wp\/v2\/types\/page"}],"author":[{"embeddable":true,"href":"https:\/\/msppu.org.ua\/pl\/wp-json\/wp\/v2\/users\/2"}],"replies":[{"embeddable":true,"href":"https:\/\/msppu.org.ua\/pl\/wp-json\/wp\/v2\/comments?post=7853"}],"version-history":[{"count":0,"href":"https:\/\/msppu.org.ua\/pl\/wp-json\/wp\/v2\/pages\/7853\/revisions"}],"up":[{"embeddable":true,"href":"https:\/\/msppu.org.ua\/pl\/wp-json\/wp\/v2\/pages\/7038"}],"wp:attachment":[{"href":"https:\/\/msppu.org.ua\/pl\/wp-json\/wp\/v2\/media?parent=7853"}],"curies":[{"name":"wp","href":"https:\/\/api.w.org\/{rel}","templated":true}]}}