{"id":7849,"date":"2008-06-08T15:15:39","date_gmt":"2008-06-08T12:15:39","guid":{"rendered":"https:\/\/msppu.org.ua\/?page_id=7849"},"modified":"2018-07-20T12:33:42","modified_gmt":"2018-07-20T09:33:42","slug":"ogladanie-meczy-mistrzostwa-europy-oraz-formuly-1-08-06-2008-12-06-2008-17-06-2008","status":"publish","type":"page","link":"https:\/\/msppu.org.ua\/pl\/archiwum\/ogladanie-meczy-mistrzostwa-europy-oraz-formuly-1-08-06-2008-12-06-2008-17-06-2008\/","title":{"rendered":"Ogl\u0105danie meczy Mistrzostwa Europy oraz Formu\u0142y 1. 08.06.2008, 12.06.2008, 17.06.2008"},"content":{"rendered":"<p>08.06. 2008 Mecz Polska - Niemcy, wsp\u00f3lne kibicowanie w pubie Golden Gate<\/p>\n<p>8 czerwca Stowarzyszenie Przedsi\u0119biorc\u00f3w Polskich na Ukrainie zaprosi\u0142o wszystkich swoich cz\u0142onk\u00f3w i sympatyk\u00f3w do pubu Golden Gate dla wsp\u00f3lnego ogl\u0105dania meczu z Mistrzostw Europy EURO 2008 Polska \u2013 Niemcy. Sala pubu by\u0142a przepe\u0142niona. Opr\u00f3cz Polak\u00f3w w pubie kibicowa\u0142o kilkoro Niemc\u00f3w, ale nastawienie by\u0142o sportowe. Pomijaj\u0105c fakt, \u017ce mecz si\u0119 sko\u0144czy\u0142 z negatywnym wynikiem dla Polski - 2 : 0 (dwie bramki strzelone przez \u0141ukasza Podolskiego zaowocowa\u0142y dla Niemc\u00f3w pierwszymi trzema punktami na EURO), atmosfera by\u0142a bardzo przyjazna i towarzyska. Wszyscy Polacy wracali do domu z nadziej\u0105 na zwyci\u0119stwo swej dru\u017cyny w nast\u0119pnym meczu z Austri\u0105.<\/p>\n<p>12.06.2008 Polska \u2013 Austria<\/p>\n<p>Nast\u0119pne spotkanie w pubie Golden Gate odby\u0142o si\u0119 tytu\u0142em kolejnego wyst\u0105pienia polskiej reprezentacji pi\u0142karskiej. Przed meczem z Austri\u0105 Polska mia\u0142a jeszcze szanse dosta\u0107 si\u0119 do kolejnego etapu pod warunkiem zwyci\u0119stwa Austrii nad Niemcami oraz pokonania Chorwacji jedn\u0105 bramk\u0105 wi\u0119cej, ni\u017c Austria pokona\u0107 by mia\u0142a Niemcy. Dla Austrii sytuacja wygl\u0105da\u0142a podobnie.<\/p>\n<p>Wszyscy obecni kibice zdawali sobie spraw\u0119 z wa\u017cno\u015bci tego meczu dla los\u00f3w Polski na EURO, wiec, nawet brak klimatyzacji (kt\u00f3ra zepsu\u0142a si\u0119 w dniu poprzednim) w pomieszczeniu pubu nie zrobi\u0142o na polskich kibicach \u017cadnego wra\u017cenia. Wszyscy byli nastawieni na zwyci\u0119stwo. Niestety mecz sko\u0144czy\u0142 si\u0119 wynikiem 1:1. Po pierwszej po\u0142owie meczu Polacy wygrywali 1 : 0 (Roger Guerreiro po podaniu Saganowskiego zdoby\u0142 bramk\u0119 dla Polski), ale ju\u017c w czasie doliczonym z rzutu karnego dla Austrii za faul Lewandowskiego strzeli\u0142 bramk\u0119 Vasti\u0107.<\/p>\n<p>16.06.2008 Polska \u2013 Chorwacja<\/p>\n<p>Tradycyjne kibicowanie na meczu Polska \u2013 Chorwacja u pubie Golden Gate, zorganizowane przez Stowarzyszenie, sta\u0142o si\u0119 podsumowaniem poprzednich spotka\u0144 podczas mistrzostw pi\u0142ki no\u017cnej, i opr\u00f3cz tego \u2013 podsumowaniem wyst\u0105pienia polskiej reprezentacji pi\u0142karskiej na mistrzostwach Europy 2008. Polacy przegrali 1 : 0 (dla wyeliminowania z grupy musieli wygra\u0107 2 : 0), wi\u0119c polska dru\u017cyna, niestety, wr\u00f3ci\u0142a do domu.<\/p>\n<p>Pomijaj\u0105c fakt nieudanego wyst\u0105pienia Polski na EURO 2008, kibicowanie w pubie Golden Gacie mia\u0142o wiele pozytywnych stron dla wszystkich uczestnik\u00f3w. By\u0142y to bowiem \u015bwietne okazje spotka\u0144 i zawarcia nowych znajomo\u015bci w atmosferze napi\u0119cia sportowego. Mo\u017cna z pewno\u015bci\u0105 powiedzie\u0107, \u017ce te spotkania s\u0142u\u017cy\u0142y integracji naszego ko\u0142a oraz by\u0142y okazj\u0105 sp\u0119dzania czasu wolnego we wspania\u0142ym towarzystwie.<\/p>\n<p>08.06.2008 Formu\u0142a 1<\/p>\n<p>Robert Kubica, polski kierowca zespo\u0142u BMW Sauber, wygra\u0142 wy\u015bcig o Grand Prix Kanady na Gilles Villeneuve Circuit w Montrealu. Drugie miejsce zaj\u0105\u0142 jego kolega z zespo\u0142u Niemiec Nick Heidfeld, a trzeci by\u0142 David Coulthard (Red Bull). To pierwsze zwyci\u0119stwo Polaka w historii jego wyst\u0119p\u00f3w w F1. To tak\u017ce pierwsze zwyci\u0119stwo BMW Sauber w tej rywalizacji. Jednocze\u015bnie Kubica obj\u0105\u0142 prowadzenie w klasyfikacji generalnej M\u015a kierowc\u00f3w.<\/p>\n<p>Zwyci\u0119stwo Kubicy na torze w Montrealu ma szczeg\u00f3lne znacznie, bowiem rok temu Polak na tym torze mia\u0142 bardzo gro\u017any wypadek w wyniku kt\u00f3rego kompletnie rozbi\u0142 sw\u00f3j bolid.<\/p>\n<p>Spotkanie polepszy\u0142o humor kibicom, kt\u00f3rzy prze\u017cywali niepowodzenie Polak\u00f3w na EURO 2008.<\/p>\n\n\t\t<style type=\"text\/css\">\n\t\t\t#gallery-1 {\n\t\t\t\tmargin: auto;\n\t\t\t}\n\t\t\t#gallery-1 .gallery-item {\n\t\t\t\tfloat: left;\n\t\t\t\tmargin-top: 10px;\n\t\t\t\ttext-align: center;\n\t\t\t\twidth: 12%;\n\t\t\t}\n\t\t\t#gallery-1 img {\n\t\t\t\tborder: 2px solid #cfcfcf;\n\t\t\t}\n\t\t\t#gallery-1 .gallery-caption {\n\t\t\t\tmargin-left: 0;\n\t\t\t}\n\t\t\t\/* see gallery_shortcode() in wp-includes\/media.php *\/\n\t\t<\/style>\n\t\t<div id='gallery-1' class='gallery galleryid-7849 gallery-columns-8 gallery-size-thumbnail'><dl class='gallery-item'>\n\t\t\t<dt class='gallery-icon landscape'>\n\t\t\t\t<a href='https:\/\/msppu.org.ua\/wp-content\/uploads\/2008\/06\/P1010252.JPG'><img loading=\"lazy\" decoding=\"async\" width=\"150\" height=\"150\" src=\"https:\/\/msppu.org.ua\/wp-content\/uploads\/2008\/06\/P1010252-150x150.jpg\" class=\"attachment-thumbnail size-thumbnail\" alt=\"\" \/><\/a>\n\t\t\t<\/dt><\/dl><dl class='gallery-item'>\n\t\t\t<dt class='gallery-icon landscape'>\n\t\t\t\t<a href='https:\/\/msppu.org.ua\/wp-content\/uploads\/2008\/06\/P1010249.JPG'><img loading=\"lazy\" decoding=\"async\" width=\"150\" height=\"150\" src=\"https:\/\/msppu.org.ua\/wp-content\/uploads\/2008\/06\/P1010249-150x150.jpg\" class=\"attachment-thumbnail size-thumbnail\" alt=\"\" \/><\/a>\n\t\t\t<\/dt><\/dl><dl class='gallery-item'>\n\t\t\t<dt class='gallery-icon landscape'>\n\t\t\t\t<a href='https:\/\/msppu.org.ua\/wp-content\/uploads\/2008\/06\/P1010248.JPG'><img loading=\"lazy\" decoding=\"async\" width=\"150\" height=\"150\" src=\"https:\/\/msppu.org.ua\/wp-content\/uploads\/2008\/06\/P1010248-150x150.jpg\" class=\"attachment-thumbnail size-thumbnail\" alt=\"\" \/><\/a>\n\t\t\t<\/dt><\/dl><dl class='gallery-item'>\n\t\t\t<dt class='gallery-icon landscape'>\n\t\t\t\t<a href='https:\/\/msppu.org.ua\/wp-content\/uploads\/2008\/06\/P1010247.JPG'><img loading=\"lazy\" decoding=\"async\" width=\"150\" height=\"150\" src=\"https:\/\/msppu.org.ua\/wp-content\/uploads\/2008\/06\/P1010247-150x150.jpg\" class=\"attachment-thumbnail size-thumbnail\" alt=\"\" \/><\/a>\n\t\t\t<\/dt><\/dl><dl class='gallery-item'>\n\t\t\t<dt class='gallery-icon landscape'>\n\t\t\t\t<a href='https:\/\/msppu.org.ua\/wp-content\/uploads\/2008\/06\/P1010239.JPG'><img loading=\"lazy\" decoding=\"async\" width=\"150\" height=\"150\" src=\"https:\/\/msppu.org.ua\/wp-content\/uploads\/2008\/06\/P1010239-150x150.jpg\" class=\"attachment-thumbnail size-thumbnail\" alt=\"\" \/><\/a>\n\t\t\t<\/dt><\/dl><dl class='gallery-item'>\n\t\t\t<dt class='gallery-icon landscape'>\n\t\t\t\t<a href='https:\/\/msppu.org.ua\/wp-content\/uploads\/2008\/06\/P1010237.JPG'><img loading=\"lazy\" decoding=\"async\" width=\"150\" height=\"150\" src=\"https:\/\/msppu.org.ua\/wp-content\/uploads\/2008\/06\/P1010237-150x150.jpg\" class=\"attachment-thumbnail size-thumbnail\" alt=\"\" \/><\/a>\n\t\t\t<\/dt><\/dl><dl class='gallery-item'>\n\t\t\t<dt class='gallery-icon landscape'>\n\t\t\t\t<a href='https:\/\/msppu.org.ua\/wp-content\/uploads\/2008\/06\/P1010236.JPG'><img loading=\"lazy\" decoding=\"async\" width=\"150\" height=\"150\" src=\"https:\/\/msppu.org.ua\/wp-content\/uploads\/2008\/06\/P1010236-150x150.jpg\" class=\"attachment-thumbnail size-thumbnail\" alt=\"\" \/><\/a>\n\t\t\t<\/dt><\/dl><dl class='gallery-item'>\n\t\t\t<dt class='gallery-icon landscape'>\n\t\t\t\t<a href='https:\/\/msppu.org.ua\/wp-content\/uploads\/2008\/06\/P1010234.JPG'><img loading=\"lazy\" decoding=\"async\" width=\"150\" height=\"150\" src=\"https:\/\/msppu.org.ua\/wp-content\/uploads\/2008\/06\/P1010234-150x150.jpg\" class=\"attachment-thumbnail size-thumbnail\" alt=\"\" \/><\/a>\n\t\t\t<\/dt><\/dl><br style=\"clear: both\" \/><dl class='gallery-item'>\n\t\t\t<dt class='gallery-icon landscape'>\n\t\t\t\t<a href='https:\/\/msppu.org.ua\/wp-content\/uploads\/2008\/06\/P1010232.JPG'><img loading=\"lazy\" decoding=\"async\" width=\"150\" height=\"150\" src=\"https:\/\/msppu.org.ua\/wp-content\/uploads\/2008\/06\/P1010232-150x150.jpg\" class=\"attachment-thumbnail size-thumbnail\" alt=\"\" \/><\/a>\n\t\t\t<\/dt><\/dl><dl class='gallery-item'>\n\t\t\t<dt class='gallery-icon landscape'>\n\t\t\t\t<a href='https:\/\/msppu.org.ua\/wp-content\/uploads\/2008\/06\/P1010231.JPG'><img loading=\"lazy\" decoding=\"async\" width=\"150\" height=\"150\" src=\"https:\/\/msppu.org.ua\/wp-content\/uploads\/2008\/06\/P1010231-150x150.jpg\" class=\"attachment-thumbnail size-thumbnail\" alt=\"\" \/><\/a>\n\t\t\t<\/dt><\/dl><dl class='gallery-item'>\n\t\t\t<dt class='gallery-icon landscape'>\n\t\t\t\t<a href='https:\/\/msppu.org.ua\/wp-content\/uploads\/2008\/06\/P1010230.JPG'><img loading=\"lazy\" decoding=\"async\" width=\"150\" height=\"150\" src=\"https:\/\/msppu.org.ua\/wp-content\/uploads\/2008\/06\/P1010230-150x150.jpg\" class=\"attachment-thumbnail size-thumbnail\" alt=\"\" \/><\/a>\n\t\t\t<\/dt><\/dl><dl class='gallery-item'>\n\t\t\t<dt class='gallery-icon landscape'>\n\t\t\t\t<a href='https:\/\/msppu.org.ua\/wp-content\/uploads\/2008\/06\/P1010228.JPG'><img loading=\"lazy\" decoding=\"async\" width=\"150\" height=\"150\" src=\"https:\/\/msppu.org.ua\/wp-content\/uploads\/2008\/06\/P1010228-150x150.jpg\" class=\"attachment-thumbnail size-thumbnail\" alt=\"\" \/><\/a>\n\t\t\t<\/dt><\/dl><dl class='gallery-item'>\n\t\t\t<dt class='gallery-icon landscape'>\n\t\t\t\t<a href='https:\/\/msppu.org.ua\/wp-content\/uploads\/2008\/06\/P1010226.JPG'><img loading=\"lazy\" decoding=\"async\" width=\"150\" height=\"150\" src=\"https:\/\/msppu.org.ua\/wp-content\/uploads\/2008\/06\/P1010226-150x150.jpg\" class=\"attachment-thumbnail size-thumbnail\" alt=\"\" \/><\/a>\n\t\t\t<\/dt><\/dl><dl class='gallery-item'>\n\t\t\t<dt class='gallery-icon landscape'>\n\t\t\t\t<a href='https:\/\/msppu.org.ua\/wp-content\/uploads\/2008\/06\/P1010225.JPG'><img loading=\"lazy\" decoding=\"async\" width=\"150\" height=\"150\" src=\"https:\/\/msppu.org.ua\/wp-content\/uploads\/2008\/06\/P1010225-150x150.jpg\" class=\"attachment-thumbnail size-thumbnail\" alt=\"\" \/><\/a>\n\t\t\t<\/dt><\/dl><dl class='gallery-item'>\n\t\t\t<dt class='gallery-icon landscape'>\n\t\t\t\t<a href='https:\/\/msppu.org.ua\/wp-content\/uploads\/2008\/06\/P1010224.JPG'><img loading=\"lazy\" decoding=\"async\" width=\"150\" height=\"150\" src=\"https:\/\/msppu.org.ua\/wp-content\/uploads\/2008\/06\/P1010224-150x150.jpg\" class=\"attachment-thumbnail size-thumbnail\" alt=\"\" \/><\/a>\n\t\t\t<\/dt><\/dl><dl class='gallery-item'>\n\t\t\t<dt class='gallery-icon portrait'>\n\t\t\t\t<a href='https:\/\/msppu.org.ua\/wp-content\/uploads\/2008\/06\/P1010223.JPG'><img loading=\"lazy\" decoding=\"async\" width=\"150\" height=\"150\" src=\"https:\/\/msppu.org.ua\/wp-content\/uploads\/2008\/06\/P1010223-150x150.jpg\" class=\"attachment-thumbnail size-thumbnail\" alt=\"\" \/><\/a>\n\t\t\t<\/dt><\/dl><br style=\"clear: both\" \/><dl class='gallery-item'>\n\t\t\t<dt class='gallery-icon landscape'>\n\t\t\t\t<a href='https:\/\/msppu.org.ua\/wp-content\/uploads\/2008\/06\/P1010220.JPG'><img loading=\"lazy\" decoding=\"async\" width=\"150\" height=\"150\" src=\"https:\/\/msppu.org.ua\/wp-content\/uploads\/2008\/06\/P1010220-150x150.jpg\" class=\"attachment-thumbnail size-thumbnail\" alt=\"\" \/><\/a>\n\t\t\t<\/dt><\/dl>\n\t\t\t<br style='clear: both' \/>\n\t\t<\/div>\n\n","protected":false},"excerpt":{"rendered":"<p>08.06. 2008 Mecz Polska - Niemcy, wsp\u00f3lne kibicowanie w pubie Golden Gate 8 czerwca Stowarzyszenie Przedsi\u0119biorc\u00f3w Polskich na Ukrainie zaprosi\u0142o wszystkich swoich cz\u0142onk\u00f3w i sympatyk\u00f3w do pubu Golden Gate dla wsp\u00f3lnego ogl\u0105dania meczu z Mistrzostw Europy EURO 2008 Polska \u2013 Niemcy. Sala pubu by\u0142a przepe\u0142niona. Opr\u00f3cz Polak\u00f3w w pubie kibicowa\u0142o kilkoro Niemc\u00f3w, ale nastawienie by\u0142o [&hellip;]<\/p>\n","protected":false},"author":2,"featured_media":0,"parent":7038,"menu_order":0,"comment_status":"closed","ping_status":"closed","template":"","meta":{"_acf_changed":false,"footnotes":""},"class_list":["post-7849","page","type-page","status-publish","hentry"],"acf":[],"_links":{"self":[{"href":"https:\/\/msppu.org.ua\/pl\/wp-json\/wp\/v2\/pages\/7849","targetHints":{"allow":["GET"]}}],"collection":[{"href":"https:\/\/msppu.org.ua\/pl\/wp-json\/wp\/v2\/pages"}],"about":[{"href":"https:\/\/msppu.org.ua\/pl\/wp-json\/wp\/v2\/types\/page"}],"author":[{"embeddable":true,"href":"https:\/\/msppu.org.ua\/pl\/wp-json\/wp\/v2\/users\/2"}],"replies":[{"embeddable":true,"href":"https:\/\/msppu.org.ua\/pl\/wp-json\/wp\/v2\/comments?post=7849"}],"version-history":[{"count":0,"href":"https:\/\/msppu.org.ua\/pl\/wp-json\/wp\/v2\/pages\/7849\/revisions"}],"up":[{"embeddable":true,"href":"https:\/\/msppu.org.ua\/pl\/wp-json\/wp\/v2\/pages\/7038"}],"wp:attachment":[{"href":"https:\/\/msppu.org.ua\/pl\/wp-json\/wp\/v2\/media?parent=7849"}],"curies":[{"name":"wp","href":"https:\/\/api.w.org\/{rel}","templated":true}]}}