{"id":7841,"date":"2008-10-19T15:11:39","date_gmt":"2008-10-19T12:11:39","guid":{"rendered":"https:\/\/msppu.org.ua\/?page_id=7841"},"modified":"2018-07-20T12:57:07","modified_gmt":"2018-07-20T09:57:07","slug":"mecz-z-klubem-przedsiebiorcow-ukrainskich-nowa-formacja-19-10-2008","status":"publish","type":"page","link":"https:\/\/msppu.org.ua\/pl\/archiwum\/mecz-z-klubem-przedsiebiorcow-ukrainskich-nowa-formacja-19-10-2008\/","title":{"rendered":"Mecz z klubem przedsi\u0119biorc\u00f3w ukrai\u0144skich Nowa Formacja. 19.10.2008"},"content":{"rendered":"<p>Jeste\u015bmy po pierwszym spektakularnym zwyci\u0119stwie nad \u201eNow\u0105 Formacj\u0105\u201d. W ostatni\u0105 niedziele nasza dru\u017cyna pokona\u0142a ukrai\u0144skich biznesmen\u00f3w 5:4 po zaciek\u0142ej 90 minutowej walce! Ukrai\u0144scy biznesmeni podeszli do sprawy biznesowo i wystawili bardzo m\u0142od\u0105 dru\u017cyn\u0119 \u2013 do tego stopnia, \u017ce chwilami wydawa\u0142o si\u0119, \u017ce mamy do czynienia z rezerwowym sk\u0142adem Dynamo. Ale dajmy spok\u00f3j spekulacjom.<\/p>\n<p>26 pa\u017adziernika o 14. 00 na tym samym stadionie zmierzymy si\u0119 z ukrai\u0144skimi artystami. B\u0119dzie te\u017c asysta licznych medi\u00f3w.<\/p>\n\n\t\t<style type=\"text\/css\">\n\t\t\t#gallery-1 {\n\t\t\t\tmargin: auto;\n\t\t\t}\n\t\t\t#gallery-1 .gallery-item {\n\t\t\t\tfloat: left;\n\t\t\t\tmargin-top: 10px;\n\t\t\t\ttext-align: center;\n\t\t\t\twidth: 12%;\n\t\t\t}\n\t\t\t#gallery-1 img {\n\t\t\t\tborder: 2px solid #cfcfcf;\n\t\t\t}\n\t\t\t#gallery-1 .gallery-caption {\n\t\t\t\tmargin-left: 0;\n\t\t\t}\n\t\t\t\/* see gallery_shortcode() in wp-includes\/media.php *\/\n\t\t<\/style>\n\t\t<div id='gallery-1' class='gallery galleryid-7841 gallery-columns-8 gallery-size-thumbnail'><dl class='gallery-item'>\n\t\t\t<dt class='gallery-icon landscape'>\n\t\t\t\t<a href='https:\/\/msppu.org.ua\/wp-content\/uploads\/2008\/10\/Spotkania_pilka%20809.jpg'><img loading=\"lazy\" decoding=\"async\" width=\"150\" height=\"150\" src=\"https:\/\/msppu.org.ua\/wp-content\/uploads\/2008\/10\/Spotkania_pilka 809-150x150.jpg\" class=\"attachment-thumbnail size-thumbnail\" alt=\"\" \/><\/a>\n\t\t\t<\/dt><\/dl><dl class='gallery-item'>\n\t\t\t<dt class='gallery-icon landscape'>\n\t\t\t\t<a href='https:\/\/msppu.org.ua\/wp-content\/uploads\/2008\/10\/Spotkania_pilka%20812.jpg'><img loading=\"lazy\" decoding=\"async\" width=\"150\" height=\"150\" src=\"https:\/\/msppu.org.ua\/wp-content\/uploads\/2008\/10\/Spotkania_pilka 812-150x150.jpg\" class=\"attachment-thumbnail size-thumbnail\" alt=\"\" \/><\/a>\n\t\t\t<\/dt><\/dl><dl class='gallery-item'>\n\t\t\t<dt class='gallery-icon landscape'>\n\t\t\t\t<a href='https:\/\/msppu.org.ua\/wp-content\/uploads\/2008\/10\/Spotkania_pilka%20816.jpg'><img loading=\"lazy\" decoding=\"async\" width=\"150\" height=\"150\" src=\"https:\/\/msppu.org.ua\/wp-content\/uploads\/2008\/10\/Spotkania_pilka 816-150x150.jpg\" class=\"attachment-thumbnail size-thumbnail\" alt=\"\" \/><\/a>\n\t\t\t<\/dt><\/dl><dl class='gallery-item'>\n\t\t\t<dt class='gallery-icon landscape'>\n\t\t\t\t<a href='https:\/\/msppu.org.ua\/wp-content\/uploads\/2008\/10\/Spotkania_pilka%20821.jpg'><img loading=\"lazy\" decoding=\"async\" width=\"150\" height=\"150\" src=\"https:\/\/msppu.org.ua\/wp-content\/uploads\/2008\/10\/Spotkania_pilka 821-150x150.jpg\" class=\"attachment-thumbnail size-thumbnail\" alt=\"\" \/><\/a>\n\t\t\t<\/dt><\/dl><dl class='gallery-item'>\n\t\t\t<dt class='gallery-icon landscape'>\n\t\t\t\t<a href='https:\/\/msppu.org.ua\/wp-content\/uploads\/2008\/10\/Spotkania_pilka%20822.jpg'><img loading=\"lazy\" decoding=\"async\" width=\"150\" height=\"150\" src=\"https:\/\/msppu.org.ua\/wp-content\/uploads\/2008\/10\/Spotkania_pilka 822-150x150.jpg\" class=\"attachment-thumbnail size-thumbnail\" alt=\"\" \/><\/a>\n\t\t\t<\/dt><\/dl><dl class='gallery-item'>\n\t\t\t<dt class='gallery-icon landscape'>\n\t\t\t\t<a href='https:\/\/msppu.org.ua\/wp-content\/uploads\/2008\/10\/Spotkania_pilka%20824.jpg'><img loading=\"lazy\" decoding=\"async\" width=\"150\" height=\"150\" src=\"https:\/\/msppu.org.ua\/wp-content\/uploads\/2008\/10\/Spotkania_pilka 824-150x150.jpg\" class=\"attachment-thumbnail size-thumbnail\" alt=\"\" \/><\/a>\n\t\t\t<\/dt><\/dl><dl class='gallery-item'>\n\t\t\t<dt class='gallery-icon landscape'>\n\t\t\t\t<a href='https:\/\/msppu.org.ua\/wp-content\/uploads\/2008\/10\/Spotkania_pilka%20825.jpg'><img loading=\"lazy\" decoding=\"async\" width=\"150\" height=\"150\" src=\"https:\/\/msppu.org.ua\/wp-content\/uploads\/2008\/10\/Spotkania_pilka 825-150x150.jpg\" class=\"attachment-thumbnail size-thumbnail\" alt=\"\" \/><\/a>\n\t\t\t<\/dt><\/dl><dl class='gallery-item'>\n\t\t\t<dt class='gallery-icon landscape'>\n\t\t\t\t<a href='https:\/\/msppu.org.ua\/wp-content\/uploads\/2008\/10\/Spotkania_pilka%20826.jpg'><img loading=\"lazy\" decoding=\"async\" width=\"150\" height=\"150\" src=\"https:\/\/msppu.org.ua\/wp-content\/uploads\/2008\/10\/Spotkania_pilka 826-150x150.jpg\" class=\"attachment-thumbnail size-thumbnail\" alt=\"\" \/><\/a>\n\t\t\t<\/dt><\/dl><br style=\"clear: both\" \/><dl class='gallery-item'>\n\t\t\t<dt class='gallery-icon landscape'>\n\t\t\t\t<a href='https:\/\/msppu.org.ua\/wp-content\/uploads\/2008\/10\/Spotkania_pilka%20836.jpg'><img loading=\"lazy\" decoding=\"async\" width=\"150\" height=\"150\" src=\"https:\/\/msppu.org.ua\/wp-content\/uploads\/2008\/10\/Spotkania_pilka 836-150x150.jpg\" class=\"attachment-thumbnail size-thumbnail\" alt=\"\" \/><\/a>\n\t\t\t<\/dt><\/dl><dl class='gallery-item'>\n\t\t\t<dt class='gallery-icon landscape'>\n\t\t\t\t<a href='https:\/\/msppu.org.ua\/wp-content\/uploads\/2008\/10\/Spotkania_pilka%20856.jpg'><img loading=\"lazy\" decoding=\"async\" width=\"150\" height=\"150\" src=\"https:\/\/msppu.org.ua\/wp-content\/uploads\/2008\/10\/Spotkania_pilka 856-150x150.jpg\" class=\"attachment-thumbnail size-thumbnail\" alt=\"\" \/><\/a>\n\t\t\t<\/dt><\/dl><dl class='gallery-item'>\n\t\t\t<dt class='gallery-icon landscape'>\n\t\t\t\t<a href='https:\/\/msppu.org.ua\/wp-content\/uploads\/2008\/10\/Spotkania_pilka%20857.jpg'><img loading=\"lazy\" decoding=\"async\" width=\"150\" height=\"150\" src=\"https:\/\/msppu.org.ua\/wp-content\/uploads\/2008\/10\/Spotkania_pilka 857-150x150.jpg\" class=\"attachment-thumbnail size-thumbnail\" alt=\"\" \/><\/a>\n\t\t\t<\/dt><\/dl><dl class='gallery-item'>\n\t\t\t<dt class='gallery-icon landscape'>\n\t\t\t\t<a href='https:\/\/msppu.org.ua\/wp-content\/uploads\/2008\/10\/Spotkania_pilka%20861.jpg'><img loading=\"lazy\" decoding=\"async\" width=\"150\" height=\"150\" src=\"https:\/\/msppu.org.ua\/wp-content\/uploads\/2008\/10\/Spotkania_pilka 861-150x150.jpg\" class=\"attachment-thumbnail size-thumbnail\" alt=\"\" \/><\/a>\n\t\t\t<\/dt><\/dl><dl class='gallery-item'>\n\t\t\t<dt class='gallery-icon landscape'>\n\t\t\t\t<a href='https:\/\/msppu.org.ua\/wp-content\/uploads\/2008\/10\/Spotkania_pilka%20865.jpg'><img loading=\"lazy\" decoding=\"async\" width=\"150\" height=\"150\" src=\"https:\/\/msppu.org.ua\/wp-content\/uploads\/2008\/10\/Spotkania_pilka 865-150x150.jpg\" class=\"attachment-thumbnail size-thumbnail\" alt=\"\" \/><\/a>\n\t\t\t<\/dt><\/dl><dl class='gallery-item'>\n\t\t\t<dt class='gallery-icon landscape'>\n\t\t\t\t<a href='https:\/\/msppu.org.ua\/wp-content\/uploads\/2008\/10\/Spotkania_pilka%20866.jpg'><img loading=\"lazy\" decoding=\"async\" width=\"150\" height=\"150\" src=\"https:\/\/msppu.org.ua\/wp-content\/uploads\/2008\/10\/Spotkania_pilka 866-150x150.jpg\" class=\"attachment-thumbnail size-thumbnail\" alt=\"\" \/><\/a>\n\t\t\t<\/dt><\/dl><dl class='gallery-item'>\n\t\t\t<dt class='gallery-icon landscape'>\n\t\t\t\t<a href='https:\/\/msppu.org.ua\/wp-content\/uploads\/2008\/10\/Spotkania_pilka%20867.jpg'><img loading=\"lazy\" decoding=\"async\" width=\"150\" height=\"150\" src=\"https:\/\/msppu.org.ua\/wp-content\/uploads\/2008\/10\/Spotkania_pilka 867-150x150.jpg\" class=\"attachment-thumbnail size-thumbnail\" alt=\"\" \/><\/a>\n\t\t\t<\/dt><\/dl><dl class='gallery-item'>\n\t\t\t<dt class='gallery-icon landscape'>\n\t\t\t\t<a href='https:\/\/msppu.org.ua\/wp-content\/uploads\/2008\/10\/Spotkania_pilka%20869.jpg'><img loading=\"lazy\" decoding=\"async\" width=\"150\" height=\"150\" src=\"https:\/\/msppu.org.ua\/wp-content\/uploads\/2008\/10\/Spotkania_pilka 869-150x150.jpg\" class=\"attachment-thumbnail size-thumbnail\" alt=\"\" \/><\/a>\n\t\t\t<\/dt><\/dl><br style=\"clear: both\" \/><dl class='gallery-item'>\n\t\t\t<dt class='gallery-icon landscape'>\n\t\t\t\t<a href='https:\/\/msppu.org.ua\/wp-content\/uploads\/2008\/10\/Spotkania_pilka%20871.jpg'><img loading=\"lazy\" decoding=\"async\" width=\"150\" height=\"150\" src=\"https:\/\/msppu.org.ua\/wp-content\/uploads\/2008\/10\/Spotkania_pilka 871-150x150.jpg\" class=\"attachment-thumbnail size-thumbnail\" alt=\"\" \/><\/a>\n\t\t\t<\/dt><\/dl><dl class='gallery-item'>\n\t\t\t<dt class='gallery-icon landscape'>\n\t\t\t\t<a href='https:\/\/msppu.org.ua\/wp-content\/uploads\/2008\/10\/Spotkania_pilka%20873.jpg'><img loading=\"lazy\" decoding=\"async\" width=\"150\" height=\"150\" src=\"https:\/\/msppu.org.ua\/wp-content\/uploads\/2008\/10\/Spotkania_pilka 873-150x150.jpg\" class=\"attachment-thumbnail size-thumbnail\" alt=\"\" \/><\/a>\n\t\t\t<\/dt><\/dl><dl class='gallery-item'>\n\t\t\t<dt class='gallery-icon landscape'>\n\t\t\t\t<a href='https:\/\/msppu.org.ua\/wp-content\/uploads\/2008\/10\/Spotkania_pilka%20874.jpg'><img loading=\"lazy\" decoding=\"async\" width=\"150\" height=\"150\" src=\"https:\/\/msppu.org.ua\/wp-content\/uploads\/2008\/10\/Spotkania_pilka 874-150x150.jpg\" class=\"attachment-thumbnail size-thumbnail\" alt=\"\" \/><\/a>\n\t\t\t<\/dt><\/dl>\n\t\t\t<br style='clear: both' \/>\n\t\t<\/div>\n\n","protected":false},"excerpt":{"rendered":"<p>Jeste\u015bmy po pierwszym spektakularnym zwyci\u0119stwie nad \u201eNow\u0105 Formacj\u0105\u201d. W ostatni\u0105 niedziele nasza dru\u017cyna pokona\u0142a ukrai\u0144skich biznesmen\u00f3w 5:4 po zaciek\u0142ej 90 minutowej walce! Ukrai\u0144scy biznesmeni podeszli do sprawy biznesowo i wystawili bardzo m\u0142od\u0105 dru\u017cyn\u0119 \u2013 do tego stopnia, \u017ce chwilami wydawa\u0142o si\u0119, \u017ce mamy do czynienia z rezerwowym sk\u0142adem Dynamo. Ale dajmy spok\u00f3j spekulacjom. 26 pa\u017adziernika [&hellip;]<\/p>\n","protected":false},"author":2,"featured_media":0,"parent":7038,"menu_order":0,"comment_status":"closed","ping_status":"closed","template":"","meta":{"_acf_changed":false,"footnotes":""},"class_list":["post-7841","page","type-page","status-publish","hentry"],"acf":[],"_links":{"self":[{"href":"https:\/\/msppu.org.ua\/pl\/wp-json\/wp\/v2\/pages\/7841","targetHints":{"allow":["GET"]}}],"collection":[{"href":"https:\/\/msppu.org.ua\/pl\/wp-json\/wp\/v2\/pages"}],"about":[{"href":"https:\/\/msppu.org.ua\/pl\/wp-json\/wp\/v2\/types\/page"}],"author":[{"embeddable":true,"href":"https:\/\/msppu.org.ua\/pl\/wp-json\/wp\/v2\/users\/2"}],"replies":[{"embeddable":true,"href":"https:\/\/msppu.org.ua\/pl\/wp-json\/wp\/v2\/comments?post=7841"}],"version-history":[{"count":0,"href":"https:\/\/msppu.org.ua\/pl\/wp-json\/wp\/v2\/pages\/7841\/revisions"}],"up":[{"embeddable":true,"href":"https:\/\/msppu.org.ua\/pl\/wp-json\/wp\/v2\/pages\/7038"}],"wp:attachment":[{"href":"https:\/\/msppu.org.ua\/pl\/wp-json\/wp\/v2\/media?parent=7841"}],"curies":[{"name":"wp","href":"https:\/\/api.w.org\/{rel}","templated":true}]}}