{"id":7824,"date":"2008-12-13T15:02:59","date_gmt":"2008-12-13T13:02:59","guid":{"rendered":"https:\/\/msppu.org.ua\/?page_id=7824"},"modified":"2018-07-24T16:17:26","modified_gmt":"2018-07-24T13:17:26","slug":"spotkanie-z-mikolajem-kinopalac-13-12-2008","status":"publish","type":"page","link":"https:\/\/msppu.org.ua\/pl\/archiwum\/spotkanie-z-mikolajem-kinopalac-13-12-2008\/","title":{"rendered":"Spotkanie z Miko\u0142ajem. Kinopa\u0142ac. 13.12.2008"},"content":{"rendered":"<p>W dniu 13.12.2008 roku w kinie Kinopa\u0142ac odby\u0142o si\u0119 \u015bwi\u0105teczne Miko\u0142ajkowe spotkanie dla dzieci oraz pokaz filmu animowanego w j\u0119zyku polskim \u201eGDZIE JEST NOWY ROK?\u201d - prezent gwiazdkowy dla najm\u0142odszych<\/p>\n<p>\u2026 Przed Nowym Rokiem w nowo\u015bciach telewizyjnych poinformowano, \u017ce nie wiadomo gdzie zgubi\u0142 si\u0119 Nowy Rok i \u015bwi\u0105t nie b\u0119dzie....A Nowy Rok zgubi\u0142 si\u0119 niedaleko domu Kowalskich.<\/p>\n<p>Film zosta\u0142 nagrodzony na XVI Festiwalu filmu dla dzieci DIVERCINE w Montowideo.<\/p>\n\n\t\t<style type=\"text\/css\">\n\t\t\t#gallery-1 {\n\t\t\t\tmargin: auto;\n\t\t\t}\n\t\t\t#gallery-1 .gallery-item {\n\t\t\t\tfloat: left;\n\t\t\t\tmargin-top: 10px;\n\t\t\t\ttext-align: center;\n\t\t\t\twidth: 12%;\n\t\t\t}\n\t\t\t#gallery-1 img {\n\t\t\t\tborder: 2px solid #cfcfcf;\n\t\t\t}\n\t\t\t#gallery-1 .gallery-caption {\n\t\t\t\tmargin-left: 0;\n\t\t\t}\n\t\t\t\/* see gallery_shortcode() in wp-includes\/media.php *\/\n\t\t<\/style>\n\t\t<div id='gallery-1' class='gallery galleryid-7824 gallery-columns-8 gallery-size-thumbnail'><dl class='gallery-item'>\n\t\t\t<dt class='gallery-icon landscape'>\n\t\t\t\t<a href='https:\/\/msppu.org.ua\/wp-content\/uploads\/2009\/01\/IMG_2915.jpg'><img loading=\"lazy\" decoding=\"async\" width=\"150\" height=\"150\" src=\"https:\/\/msppu.org.ua\/wp-content\/uploads\/2009\/01\/IMG_2915-150x150.jpg\" class=\"attachment-thumbnail size-thumbnail\" alt=\"\" \/><\/a>\n\t\t\t<\/dt><\/dl><dl class='gallery-item'>\n\t\t\t<dt class='gallery-icon landscape'>\n\t\t\t\t<a href='https:\/\/msppu.org.ua\/wp-content\/uploads\/2009\/01\/IMG_2914.jpg'><img loading=\"lazy\" decoding=\"async\" width=\"150\" height=\"150\" src=\"https:\/\/msppu.org.ua\/wp-content\/uploads\/2009\/01\/IMG_2914-150x150.jpg\" class=\"attachment-thumbnail size-thumbnail\" alt=\"\" \/><\/a>\n\t\t\t<\/dt><\/dl><dl class='gallery-item'>\n\t\t\t<dt class='gallery-icon landscape'>\n\t\t\t\t<a href='https:\/\/msppu.org.ua\/wp-content\/uploads\/2009\/01\/IMG_2904.jpg'><img loading=\"lazy\" decoding=\"async\" width=\"150\" height=\"150\" src=\"https:\/\/msppu.org.ua\/wp-content\/uploads\/2009\/01\/IMG_2904-150x150.jpg\" class=\"attachment-thumbnail size-thumbnail\" alt=\"\" \/><\/a>\n\t\t\t<\/dt><\/dl><dl class='gallery-item'>\n\t\t\t<dt class='gallery-icon portrait'>\n\t\t\t\t<a href='https:\/\/msppu.org.ua\/wp-content\/uploads\/2009\/01\/IMG_2897.jpg'><img loading=\"lazy\" decoding=\"async\" width=\"150\" height=\"150\" src=\"https:\/\/msppu.org.ua\/wp-content\/uploads\/2009\/01\/IMG_2897-150x150.jpg\" class=\"attachment-thumbnail size-thumbnail\" alt=\"\" \/><\/a>\n\t\t\t<\/dt><\/dl><dl class='gallery-item'>\n\t\t\t<dt class='gallery-icon landscape'>\n\t\t\t\t<a href='https:\/\/msppu.org.ua\/wp-content\/uploads\/2009\/01\/IMG_2880.jpg'><img loading=\"lazy\" decoding=\"async\" width=\"150\" height=\"150\" src=\"https:\/\/msppu.org.ua\/wp-content\/uploads\/2009\/01\/IMG_2880-150x150.jpg\" class=\"attachment-thumbnail size-thumbnail\" alt=\"\" \/><\/a>\n\t\t\t<\/dt><\/dl><dl class='gallery-item'>\n\t\t\t<dt class='gallery-icon landscape'>\n\t\t\t\t<a href='https:\/\/msppu.org.ua\/wp-content\/uploads\/2009\/01\/IMG_2879.jpg'><img loading=\"lazy\" decoding=\"async\" width=\"150\" height=\"150\" src=\"https:\/\/msppu.org.ua\/wp-content\/uploads\/2009\/01\/IMG_2879-150x150.jpg\" class=\"attachment-thumbnail size-thumbnail\" alt=\"\" \/><\/a>\n\t\t\t<\/dt><\/dl><dl class='gallery-item'>\n\t\t\t<dt class='gallery-icon landscape'>\n\t\t\t\t<a href='https:\/\/msppu.org.ua\/wp-content\/uploads\/2009\/01\/IMG_2869.jpg'><img loading=\"lazy\" decoding=\"async\" width=\"150\" height=\"150\" src=\"https:\/\/msppu.org.ua\/wp-content\/uploads\/2009\/01\/IMG_2869-150x150.jpg\" class=\"attachment-thumbnail size-thumbnail\" alt=\"\" \/><\/a>\n\t\t\t<\/dt><\/dl><dl class='gallery-item'>\n\t\t\t<dt class='gallery-icon landscape'>\n\t\t\t\t<a href='https:\/\/msppu.org.ua\/wp-content\/uploads\/2009\/01\/IMG_2865.jpg'><img loading=\"lazy\" decoding=\"async\" width=\"150\" height=\"150\" src=\"https:\/\/msppu.org.ua\/wp-content\/uploads\/2009\/01\/IMG_2865-150x150.jpg\" class=\"attachment-thumbnail size-thumbnail\" alt=\"\" \/><\/a>\n\t\t\t<\/dt><\/dl><br style=\"clear: both\" \/><dl class='gallery-item'>\n\t\t\t<dt class='gallery-icon landscape'>\n\t\t\t\t<a href='https:\/\/msppu.org.ua\/wp-content\/uploads\/2009\/01\/IMG_2846.jpg'><img loading=\"lazy\" decoding=\"async\" width=\"150\" height=\"150\" src=\"https:\/\/msppu.org.ua\/wp-content\/uploads\/2009\/01\/IMG_2846-150x150.jpg\" class=\"attachment-thumbnail size-thumbnail\" alt=\"\" \/><\/a>\n\t\t\t<\/dt><\/dl><dl class='gallery-item'>\n\t\t\t<dt class='gallery-icon landscape'>\n\t\t\t\t<a href='https:\/\/msppu.org.ua\/wp-content\/uploads\/2009\/01\/IMG_2845.jpg'><img loading=\"lazy\" decoding=\"async\" width=\"150\" height=\"150\" src=\"https:\/\/msppu.org.ua\/wp-content\/uploads\/2009\/01\/IMG_2845-150x150.jpg\" class=\"attachment-thumbnail size-thumbnail\" alt=\"\" \/><\/a>\n\t\t\t<\/dt><\/dl><dl class='gallery-item'>\n\t\t\t<dt class='gallery-icon landscape'>\n\t\t\t\t<a href='https:\/\/msppu.org.ua\/wp-content\/uploads\/2009\/01\/IMG_2833.jpg'><img loading=\"lazy\" decoding=\"async\" width=\"150\" height=\"150\" src=\"https:\/\/msppu.org.ua\/wp-content\/uploads\/2009\/01\/IMG_2833-150x150.jpg\" class=\"attachment-thumbnail size-thumbnail\" alt=\"\" \/><\/a>\n\t\t\t<\/dt><\/dl><dl class='gallery-item'>\n\t\t\t<dt class='gallery-icon landscape'>\n\t\t\t\t<a href='https:\/\/msppu.org.ua\/wp-content\/uploads\/2009\/01\/IMG_2827.jpg'><img loading=\"lazy\" decoding=\"async\" width=\"150\" height=\"150\" src=\"https:\/\/msppu.org.ua\/wp-content\/uploads\/2009\/01\/IMG_2827-150x150.jpg\" class=\"attachment-thumbnail size-thumbnail\" alt=\"\" \/><\/a>\n\t\t\t<\/dt><\/dl><dl class='gallery-item'>\n\t\t\t<dt class='gallery-icon landscape'>\n\t\t\t\t<a href='https:\/\/msppu.org.ua\/wp-content\/uploads\/2009\/01\/IMG_2820.jpg'><img loading=\"lazy\" decoding=\"async\" width=\"150\" height=\"150\" src=\"https:\/\/msppu.org.ua\/wp-content\/uploads\/2009\/01\/IMG_2820-150x150.jpg\" class=\"attachment-thumbnail size-thumbnail\" alt=\"\" \/><\/a>\n\t\t\t<\/dt><\/dl><dl class='gallery-item'>\n\t\t\t<dt class='gallery-icon landscape'>\n\t\t\t\t<a href='https:\/\/msppu.org.ua\/wp-content\/uploads\/2009\/01\/IMG_2789.jpg'><img loading=\"lazy\" decoding=\"async\" width=\"150\" height=\"150\" src=\"https:\/\/msppu.org.ua\/wp-content\/uploads\/2009\/01\/IMG_2789-150x150.jpg\" class=\"attachment-thumbnail size-thumbnail\" alt=\"\" \/><\/a>\n\t\t\t<\/dt><\/dl><dl class='gallery-item'>\n\t\t\t<dt class='gallery-icon landscape'>\n\t\t\t\t<a href='https:\/\/msppu.org.ua\/wp-content\/uploads\/2009\/01\/IMG_2784.jpg'><img loading=\"lazy\" decoding=\"async\" width=\"150\" height=\"150\" src=\"https:\/\/msppu.org.ua\/wp-content\/uploads\/2009\/01\/IMG_2784-150x150.jpg\" class=\"attachment-thumbnail size-thumbnail\" alt=\"\" \/><\/a>\n\t\t\t<\/dt><\/dl><dl class='gallery-item'>\n\t\t\t<dt class='gallery-icon landscape'>\n\t\t\t\t<a href='https:\/\/msppu.org.ua\/wp-content\/uploads\/2009\/01\/IMG_2780.jpg'><img loading=\"lazy\" decoding=\"async\" width=\"150\" height=\"150\" src=\"https:\/\/msppu.org.ua\/wp-content\/uploads\/2009\/01\/IMG_2780-150x150.jpg\" class=\"attachment-thumbnail size-thumbnail\" alt=\"\" \/><\/a>\n\t\t\t<\/dt><\/dl><br style=\"clear: both\" \/><dl class='gallery-item'>\n\t\t\t<dt class='gallery-icon landscape'>\n\t\t\t\t<a href='https:\/\/msppu.org.ua\/wp-content\/uploads\/2009\/01\/IMG_2772.jpg'><img loading=\"lazy\" decoding=\"async\" width=\"150\" height=\"150\" src=\"https:\/\/msppu.org.ua\/wp-content\/uploads\/2009\/01\/IMG_2772-150x150.jpg\" class=\"attachment-thumbnail size-thumbnail\" alt=\"\" \/><\/a>\n\t\t\t<\/dt><\/dl>\n\t\t\t<br style='clear: both' \/>\n\t\t<\/div>\n\n","protected":false},"excerpt":{"rendered":"<p>W dniu 13.12.2008 roku w kinie Kinopa\u0142ac odby\u0142o si\u0119 \u015bwi\u0105teczne Miko\u0142ajkowe spotkanie dla dzieci oraz pokaz filmu animowanego w j\u0119zyku polskim \u201eGDZIE JEST NOWY ROK?\u201d - prezent gwiazdkowy dla najm\u0142odszych \u2026 Przed Nowym Rokiem w nowo\u015bciach telewizyjnych poinformowano, \u017ce nie wiadomo gdzie zgubi\u0142 si\u0119 Nowy Rok i \u015bwi\u0105t nie b\u0119dzie....A Nowy Rok zgubi\u0142 si\u0119 niedaleko [&hellip;]<\/p>\n","protected":false},"author":2,"featured_media":0,"parent":7038,"menu_order":0,"comment_status":"closed","ping_status":"closed","template":"","meta":{"_acf_changed":false,"footnotes":""},"class_list":["post-7824","page","type-page","status-publish","hentry"],"acf":[],"_links":{"self":[{"href":"https:\/\/msppu.org.ua\/pl\/wp-json\/wp\/v2\/pages\/7824","targetHints":{"allow":["GET"]}}],"collection":[{"href":"https:\/\/msppu.org.ua\/pl\/wp-json\/wp\/v2\/pages"}],"about":[{"href":"https:\/\/msppu.org.ua\/pl\/wp-json\/wp\/v2\/types\/page"}],"author":[{"embeddable":true,"href":"https:\/\/msppu.org.ua\/pl\/wp-json\/wp\/v2\/users\/2"}],"replies":[{"embeddable":true,"href":"https:\/\/msppu.org.ua\/pl\/wp-json\/wp\/v2\/comments?post=7824"}],"version-history":[{"count":0,"href":"https:\/\/msppu.org.ua\/pl\/wp-json\/wp\/v2\/pages\/7824\/revisions"}],"up":[{"embeddable":true,"href":"https:\/\/msppu.org.ua\/pl\/wp-json\/wp\/v2\/pages\/7038"}],"wp:attachment":[{"href":"https:\/\/msppu.org.ua\/pl\/wp-json\/wp\/v2\/media?parent=7824"}],"curies":[{"name":"wp","href":"https:\/\/api.w.org\/{rel}","templated":true}]}}