{"id":7820,"date":"2008-12-16T15:01:00","date_gmt":"2008-12-16T13:01:00","guid":{"rendered":"https:\/\/msppu.org.ua\/?page_id=7820"},"modified":"2018-05-11T15:01:25","modified_gmt":"2018-05-11T12:01:25","slug":"xvi-bazar-dobroczynny-miedzynarodowego-klubu-kobiet-w-kijowie-16-12-2008","status":"publish","type":"page","link":"https:\/\/msppu.org.ua\/pl\/archiwum\/xvi-bazar-dobroczynny-miedzynarodowego-klubu-kobiet-w-kijowie-16-12-2008\/","title":{"rendered":"XVI BAZAR DOBROCZYNNY Mi\u0119dzynarodowego Klubu Kobiet w Kijowie. 16.12.2008"},"content":{"rendered":"<p>16th ANNUAL CHARITY BAZAARXVI DOROCZNY BAZAR DOBROCZYNNY6 grudnia 2008r. Serdecznie zapraszamy polskich przedsi\u0119biorc\u00f3w dzia\u0142aj\u0105cych na Ukrainie do udzia\u0142u w XVI BAZARZE DOBROCZYNNYM organizowanym przez IWCK - Mi\u0119dzynarodowy Klub Kobiet w Kijowie.<\/p>\n<p>IWCK prowadzi dzia\u0142alno\u015b\u0107 charytatywn\u0105 na Ukrainie od 1992 roku. Jedn\u0105 z form dzia\u0142alno\u015bci jest organizowany corocznie Bazar Dobroczynny, z kt\u00f3rego doch\u00f3d przeznaczony jest na pomoc ukrai\u0144skim szpitalom, sieroci\u0144com, instytucjom o\u015bwiatowym, itp. W latach ubieg\u0142ych ponad 40 pa\u0144stw i organizacji mi\u0119dzynarodowych, w tym r\u00f3wnie\u017c Polska, wzi\u0119\u0142o udzia\u0142 w Bazarze Dobroczynnym. W 2007 roku doch\u00f3d z tej imprezy przekroczy\u0142 US$ 180 000!<\/p>\n<p>Mamy nadziej\u0119, wzorem lat ubieg\u0142ych, r\u00f3wnie\u017c w tym roku polskie przedsi\u0119biorstwa wespr\u0105 t\u0119 szczytn\u0105 inicjatyw\u0119. Z wdzi\u0119czno\u015bci\u0105 przyjmiemy wszelkie formy wsp\u00f3\u0142pracy z Pa\u0144stwa strony. Mo\u017ce to by\u0107 przekazanie towar\u00f3w Pa\u0144stwa firmy do sprzeda\u017cy na polskim stoisku, sponsorowanie nagr\u00f3d w Wielkiej Loterii lub pomoc finansowa. Ze swojej strony, zgodnie z regulaminem IWCK, zapewnimy Pa\u0144stwa firmie reklam\u0119 w dniu trwania imprezy.<\/p>\n<p>W przypadku Pa\u0144stwa zainteresowania udzia\u0142em w Bazarze Dobroczynnym, prosimy o kontakt z p. Iwon\u0105 G\u0119bsk\u0105 w Ambasadzie Polskiej w Kijowie, tel: (0038044) 230-07-03, fax 230-07-43, e-mail: ambasada@polska.com.ua<\/p>\n<p>Komitet Organizacyjny przy Ambasadzie Polskiej<\/p>\n","protected":false},"excerpt":{"rendered":"<p>16th ANNUAL CHARITY BAZAARXVI DOROCZNY BAZAR DOBROCZYNNY6 grudnia 2008r. Serdecznie zapraszamy polskich przedsi\u0119biorc\u00f3w dzia\u0142aj\u0105cych na Ukrainie do udzia\u0142u w XVI BAZARZE DOBROCZYNNYM organizowanym przez IWCK - Mi\u0119dzynarodowy Klub Kobiet w Kijowie. IWCK prowadzi dzia\u0142alno\u015b\u0107 charytatywn\u0105 na Ukrainie od 1992 roku. Jedn\u0105 z form dzia\u0142alno\u015bci jest organizowany corocznie Bazar Dobroczynny, z kt\u00f3rego doch\u00f3d przeznaczony jest na [&hellip;]<\/p>\n","protected":false},"author":2,"featured_media":0,"parent":7038,"menu_order":0,"comment_status":"closed","ping_status":"closed","template":"","meta":{"_acf_changed":false,"footnotes":""},"class_list":["post-7820","page","type-page","status-publish","hentry"],"acf":[],"_links":{"self":[{"href":"https:\/\/msppu.org.ua\/pl\/wp-json\/wp\/v2\/pages\/7820","targetHints":{"allow":["GET"]}}],"collection":[{"href":"https:\/\/msppu.org.ua\/pl\/wp-json\/wp\/v2\/pages"}],"about":[{"href":"https:\/\/msppu.org.ua\/pl\/wp-json\/wp\/v2\/types\/page"}],"author":[{"embeddable":true,"href":"https:\/\/msppu.org.ua\/pl\/wp-json\/wp\/v2\/users\/2"}],"replies":[{"embeddable":true,"href":"https:\/\/msppu.org.ua\/pl\/wp-json\/wp\/v2\/comments?post=7820"}],"version-history":[{"count":0,"href":"https:\/\/msppu.org.ua\/pl\/wp-json\/wp\/v2\/pages\/7820\/revisions"}],"up":[{"embeddable":true,"href":"https:\/\/msppu.org.ua\/pl\/wp-json\/wp\/v2\/pages\/7038"}],"wp:attachment":[{"href":"https:\/\/msppu.org.ua\/pl\/wp-json\/wp\/v2\/media?parent=7820"}],"curies":[{"name":"wp","href":"https:\/\/api.w.org\/{rel}","templated":true}]}}