{"id":7812,"date":"2009-02-12T14:51:58","date_gmt":"2009-02-12T12:51:58","guid":{"rendered":"https:\/\/msppu.org.ua\/?page_id=7812"},"modified":"2018-05-11T14:52:30","modified_gmt":"2018-05-11T11:52:30","slug":"walne-zgromadzenie-czlonkow-miedzynarodowego-stowarzyszenia-przedsiebiorcow-polskich-na-ukrainie-12-02-2009","status":"publish","type":"page","link":"https:\/\/msppu.org.ua\/pl\/archiwum\/walne-zgromadzenie-czlonkow-miedzynarodowego-stowarzyszenia-przedsiebiorcow-polskich-na-ukrainie-12-02-2009\/","title":{"rendered":"Walne Zgromadzenie Cz\u0142onk\u00f3w Mi\u0119dzynarodowego Stowarzyszenia Przedsi\u0119biorc\u00f3w Polskich na Ukrainie. 12.02.2009"},"content":{"rendered":"","protected":false},"excerpt":{"rendered":"","protected":false},"author":2,"featured_media":0,"parent":7038,"menu_order":0,"comment_status":"closed","ping_status":"closed","template":"","meta":{"_acf_changed":false,"footnotes":""},"class_list":["post-7812","page","type-page","status-publish","hentry"],"acf":[],"_links":{"self":[{"href":"https:\/\/msppu.org.ua\/pl\/wp-json\/wp\/v2\/pages\/7812","targetHints":{"allow":["GET"]}}],"collection":[{"href":"https:\/\/msppu.org.ua\/pl\/wp-json\/wp\/v2\/pages"}],"about":[{"href":"https:\/\/msppu.org.ua\/pl\/wp-json\/wp\/v2\/types\/page"}],"author":[{"embeddable":true,"href":"https:\/\/msppu.org.ua\/pl\/wp-json\/wp\/v2\/users\/2"}],"replies":[{"embeddable":true,"href":"https:\/\/msppu.org.ua\/pl\/wp-json\/wp\/v2\/comments?post=7812"}],"version-history":[{"count":0,"href":"https:\/\/msppu.org.ua\/pl\/wp-json\/wp\/v2\/pages\/7812\/revisions"}],"up":[{"embeddable":true,"href":"https:\/\/msppu.org.ua\/pl\/wp-json\/wp\/v2\/pages\/7038"}],"wp:attachment":[{"href":"https:\/\/msppu.org.ua\/pl\/wp-json\/wp\/v2\/media?parent=7812"}],"curies":[{"name":"wp","href":"https:\/\/api.w.org\/{rel}","templated":true}]}}