{"id":7796,"date":"2009-02-27T14:44:32","date_gmt":"2009-02-27T12:44:32","guid":{"rendered":"https:\/\/msppu.org.ua\/?page_id=7796"},"modified":"2018-05-11T14:45:14","modified_gmt":"2018-05-11T11:45:14","slug":"spotkanie-z-wicepremierami-w-pawlakiem-i-h-nemyria-27-02-2009","status":"publish","type":"page","link":"https:\/\/msppu.org.ua\/pl\/archiwum\/spotkanie-z-wicepremierami-w-pawlakiem-i-h-nemyria-27-02-2009\/","title":{"rendered":"Spotkanie z Wicepremierami W. Pawlakiem i H. Nemyri\u0105. 27.02.2009"},"content":{"rendered":"<p>Szanowni Pa\u0144stwo,<\/p>\n<p>W zwi\u0105zku z planowanym w dniu 27 lutego br. spotkaniem przedstawicieli MSPPU z Wicepremierami W. Pawlakiem i H. Nemyri\u0105, uprzejmie prosimy o informacje dotycz\u0105ce Pa\u0144stwa bie\u017c\u0105cych i zaleg\u0142ych problem\u00f3w zwi\u0105zanych z prowadzeniem przedsi\u0119biorstwa na Ukrainie. W przypadku zaleg\u0142o\u015bci z tytu\u0142u zwrotu podatku VAT, prosimy o podanie \u0142\u0105cznej kwoty i termin\u00f3w zad\u0142u\u017cenia.<\/p>\n<p>W miar\u0119 Pa\u0144stwa mo\u017cliwo\u015bci informacje prosimy nadsy\u0142a\u0107 do 26 lutego, do godziny 17:00.<\/p>\n<p>Z powa\u017caniem,<\/p>\n<p>Stefan Perkowski<br \/>\nPrezes Zarz\u0105du<\/p>\n","protected":false},"excerpt":{"rendered":"<p>Szanowni Pa\u0144stwo, W zwi\u0105zku z planowanym w dniu 27 lutego br. spotkaniem przedstawicieli MSPPU z Wicepremierami W. Pawlakiem i H. Nemyri\u0105, uprzejmie prosimy o informacje dotycz\u0105ce Pa\u0144stwa bie\u017c\u0105cych i zaleg\u0142ych problem\u00f3w zwi\u0105zanych z prowadzeniem przedsi\u0119biorstwa na Ukrainie. W przypadku zaleg\u0142o\u015bci z tytu\u0142u zwrotu podatku VAT, prosimy o podanie \u0142\u0105cznej kwoty i termin\u00f3w zad\u0142u\u017cenia. W miar\u0119 [&hellip;]<\/p>\n","protected":false},"author":2,"featured_media":0,"parent":7038,"menu_order":0,"comment_status":"closed","ping_status":"closed","template":"","meta":{"_acf_changed":false,"footnotes":""},"class_list":["post-7796","page","type-page","status-publish","hentry"],"acf":[],"_links":{"self":[{"href":"https:\/\/msppu.org.ua\/pl\/wp-json\/wp\/v2\/pages\/7796","targetHints":{"allow":["GET"]}}],"collection":[{"href":"https:\/\/msppu.org.ua\/pl\/wp-json\/wp\/v2\/pages"}],"about":[{"href":"https:\/\/msppu.org.ua\/pl\/wp-json\/wp\/v2\/types\/page"}],"author":[{"embeddable":true,"href":"https:\/\/msppu.org.ua\/pl\/wp-json\/wp\/v2\/users\/2"}],"replies":[{"embeddable":true,"href":"https:\/\/msppu.org.ua\/pl\/wp-json\/wp\/v2\/comments?post=7796"}],"version-history":[{"count":0,"href":"https:\/\/msppu.org.ua\/pl\/wp-json\/wp\/v2\/pages\/7796\/revisions"}],"up":[{"embeddable":true,"href":"https:\/\/msppu.org.ua\/pl\/wp-json\/wp\/v2\/pages\/7038"}],"wp:attachment":[{"href":"https:\/\/msppu.org.ua\/pl\/wp-json\/wp\/v2\/media?parent=7796"}],"curies":[{"name":"wp","href":"https:\/\/api.w.org\/{rel}","templated":true}]}}