{"id":7786,"date":"2009-05-10T14:41:07","date_gmt":"2009-05-10T11:41:07","guid":{"rendered":"https:\/\/msppu.org.ua\/?page_id=7786"},"modified":"2018-07-20T17:08:07","modified_gmt":"2018-07-20T14:08:07","slug":"sportowy-weekend-wielka-orkiestra-i-jerzy-owsiak-kijow-odesa-08-05-10-05-2009","status":"publish","type":"page","link":"https:\/\/msppu.org.ua\/pl\/archiwum\/sportowy-weekend-wielka-orkiestra-i-jerzy-owsiak-kijow-odesa-08-05-10-05-2009\/","title":{"rendered":"Sportowy weekend Wielka Orkiestra i Jerzy Owsiak - Kij\u00f3w-Odesa. 08.05 \u2013 10.05.2009"},"content":{"rendered":"<p>Program Sportowego weekendu dla dru\u017cyny pi\u0142karskiej MSPPU oraz kibic\u00f3w<\/p>\n<p>8 maja - godz. 15.00 stadion Olimpijski, ul. \u0141aboratornyj Pereu\u0142ok 7A (boisko treningowo-szkoleniowej bazy \u201eAtlet\u201d)<\/p>\n<p>Mecz rewan\u017cowy z FK Maestro, reprezentacj\u0105 Artyst\u00f3w Ukrainy. Zawodnik\u00f3w prosimy o przybycie godzin\u0119 wcze\u015bniej.<\/p>\n<p>9 maja - godziny poranne wyjazd do Odessy ( transport w zakresie w\u0142asnym).Osoby nie posiadaj\u0105ce samochod\u00f3w prosimy o kontakt \u2013 spr\u00f3bujemy znale\u017a\u0107 miejsca dla wszystkich.<\/p>\n<p>Po godz. 12.00 zakwaterowanie w Domu Paw\u0142owych, ul. Miko\u0142ajewska Doroga 168b, ( rejon Prodmasz ), www.pavlovdom.com.ua , tel.8 048 758 4567<\/p>\n<p>Godz. 18.00 pocz\u0119stunek z udzia\u0142em Mera miasta Odessy i w\u0142adz obwodowych, wydany na cze\u015b\u0107 Jerzego Owsiaka ( obecno\u015b\u0107 prosimy wcze\u015bniej potwierdzi\u0107). Adres zostanie podany do wiadomo\u015bci wkr\u00f3tce. Zawodnik\u00f3w prosimy o przybycie w koszulkach reprezentacyjnych (zostan\u0105 rozdane w hotelu).<\/p>\n<p>Ok. godz. 20.00 pocz\u0105tek mocno improwizowanego programu \u201e Nocne fascynacje Odess\u0105\u201d ( zwiedzanie bez przewodnika), ca\u0142\u0105 grup\u0105 b\u0105d\u017a w podgrupach<\/p>\n<p>Ok. godz. 24.00 udanie si\u0119 na spoczynek ( dotyczy zawodnik\u00f3w) 10 maja - do godz. 14.00 czas wolny ( rekomenduje si\u0119 zwiedzanie licznych bark\u00f3w i restauracji przy ul. Deribasowskiej ) \u2013 nie dotyczy zawodnik\u00f3w<\/p>\n<p>Godz. 15.00 mecz pi\u0142karski z reprezentacj\u0105 dziennikarzy Odessy \u2013 adres boiska zostanie podany do wiadomo\u015bci wkr\u00f3tce<\/p>\n<p>Godz. 17.00 koniec zmaga\u0144 pi\u0142karskich<\/p>\n<p>Powr\u00f3t ( wedle \u017cyczenia) do Kijowa lub do hotelu - z opcj\u0105 powrotu dnia nast\u0119pnego.<\/p>\n<p>Informujemy, \u017ce wszelkie koszty zwi\u0105zane z wyjazdem do Odessy ponoszone s\u0105 przez ka\u017cdego uczestnika indywidualnie. Wcze\u015bniejsze zg\u0142oszenie pod adres office@msppu.org.ua lub tel. 8 044 490 6029 oznacza wprowadzenie na list\u0119 rezerwacyjn\u0105 w hotelu ( pokoje jedno lub 2 osobowe ).Prosimy o potwierdzenia najp\u00f3\u017aniej do 04.05.2009.<\/p>\n<p>Mo\u017cliwe zakwaterowanie w zakresie w\u0142asnym.<\/p>\n<p>W razie jakichkolwiek pyta\u0144, prosimy o telefon.<\/p>\n\n\t\t<style type=\"text\/css\">\n\t\t\t#gallery-1 {\n\t\t\t\tmargin: auto;\n\t\t\t}\n\t\t\t#gallery-1 .gallery-item {\n\t\t\t\tfloat: left;\n\t\t\t\tmargin-top: 10px;\n\t\t\t\ttext-align: center;\n\t\t\t\twidth: 12%;\n\t\t\t}\n\t\t\t#gallery-1 img {\n\t\t\t\tborder: 2px solid #cfcfcf;\n\t\t\t}\n\t\t\t#gallery-1 .gallery-caption {\n\t\t\t\tmargin-left: 0;\n\t\t\t}\n\t\t\t\/* see gallery_shortcode() in wp-includes\/media.php *\/\n\t\t<\/style>\n\t\t<div id='gallery-1' class='gallery galleryid-7786 gallery-columns-8 gallery-size-thumbnail'><dl class='gallery-item'>\n\t\t\t<dt class='gallery-icon landscape'>\n\t\t\t\t<a href='https:\/\/msppu.org.ua\/wp-content\/uploads\/2009\/05\/P1010940.JPG'><img loading=\"lazy\" decoding=\"async\" width=\"150\" height=\"150\" src=\"https:\/\/msppu.org.ua\/wp-content\/uploads\/2009\/05\/P1010940-150x150.jpg\" class=\"attachment-thumbnail size-thumbnail\" alt=\"\" \/><\/a>\n\t\t\t<\/dt><\/dl><dl class='gallery-item'>\n\t\t\t<dt class='gallery-icon landscape'>\n\t\t\t\t<a href='https:\/\/msppu.org.ua\/wp-content\/uploads\/2009\/05\/P1010992.JPG'><img loading=\"lazy\" decoding=\"async\" width=\"150\" height=\"150\" src=\"https:\/\/msppu.org.ua\/wp-content\/uploads\/2009\/05\/P1010992-150x150.jpg\" class=\"attachment-thumbnail size-thumbnail\" alt=\"\" \/><\/a>\n\t\t\t<\/dt><\/dl><dl class='gallery-item'>\n\t\t\t<dt class='gallery-icon landscape'>\n\t\t\t\t<a href='https:\/\/msppu.org.ua\/wp-content\/uploads\/2009\/05\/P1010986.JPG'><img loading=\"lazy\" decoding=\"async\" width=\"150\" height=\"150\" src=\"https:\/\/msppu.org.ua\/wp-content\/uploads\/2009\/05\/P1010986-150x150.jpg\" class=\"attachment-thumbnail size-thumbnail\" alt=\"\" \/><\/a>\n\t\t\t<\/dt><\/dl><dl class='gallery-item'>\n\t\t\t<dt class='gallery-icon landscape'>\n\t\t\t\t<a href='https:\/\/msppu.org.ua\/wp-content\/uploads\/2009\/05\/P1010963.JPG'><img loading=\"lazy\" decoding=\"async\" width=\"150\" height=\"150\" src=\"https:\/\/msppu.org.ua\/wp-content\/uploads\/2009\/05\/P1010963-150x150.jpg\" class=\"attachment-thumbnail size-thumbnail\" alt=\"\" \/><\/a>\n\t\t\t<\/dt><\/dl><dl class='gallery-item'>\n\t\t\t<dt class='gallery-icon landscape'>\n\t\t\t\t<a href='https:\/\/msppu.org.ua\/wp-content\/uploads\/2009\/05\/P1010962.JPG'><img loading=\"lazy\" decoding=\"async\" width=\"150\" height=\"150\" src=\"https:\/\/msppu.org.ua\/wp-content\/uploads\/2009\/05\/P1010962-150x150.jpg\" class=\"attachment-thumbnail size-thumbnail\" alt=\"\" \/><\/a>\n\t\t\t<\/dt><\/dl><dl class='gallery-item'>\n\t\t\t<dt class='gallery-icon landscape'>\n\t\t\t\t<a href='https:\/\/msppu.org.ua\/wp-content\/uploads\/2009\/05\/P1010954.JPG'><img loading=\"lazy\" decoding=\"async\" width=\"150\" height=\"150\" src=\"https:\/\/msppu.org.ua\/wp-content\/uploads\/2009\/05\/P1010954-150x150.jpg\" class=\"attachment-thumbnail size-thumbnail\" alt=\"\" \/><\/a>\n\t\t\t<\/dt><\/dl><dl class='gallery-item'>\n\t\t\t<dt class='gallery-icon landscape'>\n\t\t\t\t<a href='https:\/\/msppu.org.ua\/wp-content\/uploads\/2009\/05\/P1010913.JPG'><img loading=\"lazy\" decoding=\"async\" width=\"150\" height=\"150\" src=\"https:\/\/msppu.org.ua\/wp-content\/uploads\/2009\/05\/P1010913-150x150.jpg\" class=\"attachment-thumbnail size-thumbnail\" alt=\"\" \/><\/a>\n\t\t\t<\/dt><\/dl><dl class='gallery-item'>\n\t\t\t<dt class='gallery-icon landscape'>\n\t\t\t\t<a href='https:\/\/msppu.org.ua\/wp-content\/uploads\/2009\/05\/P1010912.JPG'><img loading=\"lazy\" decoding=\"async\" width=\"150\" height=\"150\" src=\"https:\/\/msppu.org.ua\/wp-content\/uploads\/2009\/05\/P1010912-150x150.jpg\" class=\"attachment-thumbnail size-thumbnail\" alt=\"\" \/><\/a>\n\t\t\t<\/dt><\/dl><br style=\"clear: both\" \/><dl class='gallery-item'>\n\t\t\t<dt class='gallery-icon landscape'>\n\t\t\t\t<a href='https:\/\/msppu.org.ua\/wp-content\/uploads\/2009\/05\/P1010909.JPG'><img loading=\"lazy\" decoding=\"async\" width=\"150\" height=\"150\" src=\"https:\/\/msppu.org.ua\/wp-content\/uploads\/2009\/05\/P1010909-150x150.jpg\" class=\"attachment-thumbnail size-thumbnail\" alt=\"\" \/><\/a>\n\t\t\t<\/dt><\/dl><dl class='gallery-item'>\n\t\t\t<dt class='gallery-icon landscape'>\n\t\t\t\t<a href='https:\/\/msppu.org.ua\/wp-content\/uploads\/2009\/05\/P1010908.JPG'><img loading=\"lazy\" decoding=\"async\" width=\"150\" height=\"150\" src=\"https:\/\/msppu.org.ua\/wp-content\/uploads\/2009\/05\/P1010908-150x150.jpg\" class=\"attachment-thumbnail size-thumbnail\" alt=\"\" \/><\/a>\n\t\t\t<\/dt><\/dl><dl class='gallery-item'>\n\t\t\t<dt class='gallery-icon landscape'>\n\t\t\t\t<a href='https:\/\/msppu.org.ua\/wp-content\/uploads\/2009\/05\/P1010901.JPG'><img loading=\"lazy\" decoding=\"async\" width=\"150\" height=\"150\" src=\"https:\/\/msppu.org.ua\/wp-content\/uploads\/2009\/05\/P1010901-150x150.jpg\" class=\"attachment-thumbnail size-thumbnail\" alt=\"\" \/><\/a>\n\t\t\t<\/dt><\/dl><dl class='gallery-item'>\n\t\t\t<dt class='gallery-icon landscape'>\n\t\t\t\t<a href='https:\/\/msppu.org.ua\/wp-content\/uploads\/2009\/05\/P1010897.JPG'><img loading=\"lazy\" decoding=\"async\" width=\"150\" height=\"150\" src=\"https:\/\/msppu.org.ua\/wp-content\/uploads\/2009\/05\/P1010897-150x150.jpg\" class=\"attachment-thumbnail size-thumbnail\" alt=\"\" \/><\/a>\n\t\t\t<\/dt><\/dl><dl class='gallery-item'>\n\t\t\t<dt class='gallery-icon landscape'>\n\t\t\t\t<a href='https:\/\/msppu.org.ua\/wp-content\/uploads\/2009\/05\/P1010893.JPG'><img loading=\"lazy\" decoding=\"async\" width=\"150\" height=\"150\" src=\"https:\/\/msppu.org.ua\/wp-content\/uploads\/2009\/05\/P1010893-150x150.jpg\" class=\"attachment-thumbnail size-thumbnail\" alt=\"\" \/><\/a>\n\t\t\t<\/dt><\/dl><dl class='gallery-item'>\n\t\t\t<dt class='gallery-icon landscape'>\n\t\t\t\t<a href='https:\/\/msppu.org.ua\/wp-content\/uploads\/2009\/05\/P1010891.JPG'><img loading=\"lazy\" decoding=\"async\" width=\"150\" height=\"150\" src=\"https:\/\/msppu.org.ua\/wp-content\/uploads\/2009\/05\/P1010891-150x150.jpg\" class=\"attachment-thumbnail size-thumbnail\" alt=\"\" \/><\/a>\n\t\t\t<\/dt><\/dl><dl class='gallery-item'>\n\t\t\t<dt class='gallery-icon landscape'>\n\t\t\t\t<a href='https:\/\/msppu.org.ua\/wp-content\/uploads\/2009\/05\/P1010889.JPG'><img loading=\"lazy\" decoding=\"async\" width=\"150\" height=\"150\" src=\"https:\/\/msppu.org.ua\/wp-content\/uploads\/2009\/05\/P1010889-150x150.jpg\" class=\"attachment-thumbnail size-thumbnail\" alt=\"\" \/><\/a>\n\t\t\t<\/dt><\/dl><dl class='gallery-item'>\n\t\t\t<dt class='gallery-icon portrait'>\n\t\t\t\t<a href='https:\/\/msppu.org.ua\/wp-content\/uploads\/2009\/05\/P1010888.JPG'><img loading=\"lazy\" decoding=\"async\" width=\"150\" height=\"150\" src=\"https:\/\/msppu.org.ua\/wp-content\/uploads\/2009\/05\/P1010888-150x150.jpg\" class=\"attachment-thumbnail size-thumbnail\" alt=\"\" \/><\/a>\n\t\t\t<\/dt><\/dl><br style=\"clear: both\" \/><dl class='gallery-item'>\n\t\t\t<dt class='gallery-icon landscape'>\n\t\t\t\t<a href='https:\/\/msppu.org.ua\/wp-content\/uploads\/2009\/05\/P1010887.JPG'><img loading=\"lazy\" decoding=\"async\" width=\"150\" height=\"150\" src=\"https:\/\/msppu.org.ua\/wp-content\/uploads\/2009\/05\/P1010887-150x150.jpg\" class=\"attachment-thumbnail size-thumbnail\" alt=\"\" \/><\/a>\n\t\t\t<\/dt><\/dl><dl class='gallery-item'>\n\t\t\t<dt class='gallery-icon landscape'>\n\t\t\t\t<a href='https:\/\/msppu.org.ua\/wp-content\/uploads\/2009\/05\/P1010883.JPG'><img loading=\"lazy\" decoding=\"async\" width=\"150\" height=\"150\" src=\"https:\/\/msppu.org.ua\/wp-content\/uploads\/2009\/05\/P1010883-150x150.jpg\" class=\"attachment-thumbnail size-thumbnail\" alt=\"\" \/><\/a>\n\t\t\t<\/dt><\/dl>\n\t\t\t<br style='clear: both' \/>\n\t\t<\/div>\n\n","protected":false},"excerpt":{"rendered":"<p>Program Sportowego weekendu dla dru\u017cyny pi\u0142karskiej MSPPU oraz kibic\u00f3w 8 maja - godz. 15.00 stadion Olimpijski, ul. \u0141aboratornyj Pereu\u0142ok 7A (boisko treningowo-szkoleniowej bazy \u201eAtlet\u201d) Mecz rewan\u017cowy z FK Maestro, reprezentacj\u0105 Artyst\u00f3w Ukrainy. Zawodnik\u00f3w prosimy o przybycie godzin\u0119 wcze\u015bniej. 9 maja - godziny poranne wyjazd do Odessy ( transport w zakresie w\u0142asnym).Osoby nie posiadaj\u0105ce samochod\u00f3w prosimy [&hellip;]<\/p>\n","protected":false},"author":2,"featured_media":0,"parent":7038,"menu_order":0,"comment_status":"closed","ping_status":"closed","template":"","meta":{"_acf_changed":false,"footnotes":""},"class_list":["post-7786","page","type-page","status-publish","hentry"],"acf":[],"_links":{"self":[{"href":"https:\/\/msppu.org.ua\/pl\/wp-json\/wp\/v2\/pages\/7786","targetHints":{"allow":["GET"]}}],"collection":[{"href":"https:\/\/msppu.org.ua\/pl\/wp-json\/wp\/v2\/pages"}],"about":[{"href":"https:\/\/msppu.org.ua\/pl\/wp-json\/wp\/v2\/types\/page"}],"author":[{"embeddable":true,"href":"https:\/\/msppu.org.ua\/pl\/wp-json\/wp\/v2\/users\/2"}],"replies":[{"embeddable":true,"href":"https:\/\/msppu.org.ua\/pl\/wp-json\/wp\/v2\/comments?post=7786"}],"version-history":[{"count":0,"href":"https:\/\/msppu.org.ua\/pl\/wp-json\/wp\/v2\/pages\/7786\/revisions"}],"up":[{"embeddable":true,"href":"https:\/\/msppu.org.ua\/pl\/wp-json\/wp\/v2\/pages\/7038"}],"wp:attachment":[{"href":"https:\/\/msppu.org.ua\/pl\/wp-json\/wp\/v2\/media?parent=7786"}],"curies":[{"name":"wp","href":"https:\/\/api.w.org\/{rel}","templated":true}]}}