{"id":7770,"date":"2009-10-08T14:16:06","date_gmt":"2009-10-08T11:16:06","guid":{"rendered":"https:\/\/msppu.org.ua\/?page_id=7770"},"modified":"2018-05-11T14:16:47","modified_gmt":"2018-05-11T11:16:47","slug":"konferencja-perspektywy-wyjscia-gospodarki-ukrainskiej-z-kryzysu-08-10-2009","status":"publish","type":"page","link":"https:\/\/msppu.org.ua\/pl\/archiwum\/konferencja-perspektywy-wyjscia-gospodarki-ukrainskiej-z-kryzysu-08-10-2009\/","title":{"rendered":"Konferencja \u201ePerspektywy wyj\u015bcia gospodarki ukrai\u0144skiej z kryzysu\u201d 08.10.2009"},"content":{"rendered":"<p>Szanowni Pa\u0144stwo,<\/p>\n<p>Wydzia\u0142 Promocji Handlu i Inwestycji Ambasady RP w Kijowie przy wsp\u00f3\u0142pracy z Mi\u0119dzynarodowym Stowarzyszeniem Przedsi\u0119biorc\u00f3w Polskich na Ukrainie serdecznie zaprasza wszystkich zainteresowanych na konferencj\u0119 pt. \u201ePerspektywy wyj\u015bcia gospodarki ukrai\u0144skiej z kryzysu\u201d.<\/p>\n<p>Celem konferencji, w ramach kt\u00f3rej wypowiedz\u0105 si\u0119 przedstawiciele Ministerstwa Gospodarki Ukrainy oraz czo\u0142owych o\u015brodk\u00f3w analitycznych na Ukrainie, b\u0119dzie przedstawienie ocen bie\u017c\u0105cej sytuacji gospodarczej Ukrainy oraz perspektyw o\u017cywienia jej gospodarki.<\/p>\n<p>Konferencja odb\u0119dzie si\u0119 8 pa\u017adziernika 2009 r. w godz.: 14:00-16:00 w sali konferencyjnej centrum biznesowego \u201eLeonardo\u201d (Kij\u00f3w, ul. Chmienickiego 19-21). Udzia\u0142 w konferencji jest bezp\u0142atny. Wszystkich zainteresowanych uprzejmie prosimy o potwierdzenie udzia\u0142u na adres poczty elektronicznej: kiev@trade.gov.pl. Szczeg\u00f3\u0142owy program konferencji na stronie www.kiev.trade.gov.pl.<\/p>\n<p>Serdecznie zapraszamy.<\/p>\n<p>Wydzia\u0142 Promocji Handlu i Inwestycji Ambasady RP w Kijowie<br \/>\nMSPPU<br \/>\n<a href=\"https:\/\/msppu.org.ua\/undefined\/\" target=\"_blank\" rel=\"noopener\">www.msppu.org.ua<\/a><\/p>\n","protected":false},"excerpt":{"rendered":"<p>Szanowni Pa\u0144stwo, Wydzia\u0142 Promocji Handlu i Inwestycji Ambasady RP w Kijowie przy wsp\u00f3\u0142pracy z Mi\u0119dzynarodowym Stowarzyszeniem Przedsi\u0119biorc\u00f3w Polskich na Ukrainie serdecznie zaprasza wszystkich zainteresowanych na konferencj\u0119 pt. \u201ePerspektywy wyj\u015bcia gospodarki ukrai\u0144skiej z kryzysu\u201d. Celem konferencji, w ramach kt\u00f3rej wypowiedz\u0105 si\u0119 przedstawiciele Ministerstwa Gospodarki Ukrainy oraz czo\u0142owych o\u015brodk\u00f3w analitycznych na Ukrainie, b\u0119dzie przedstawienie ocen bie\u017c\u0105cej sytuacji [&hellip;]<\/p>\n","protected":false},"author":2,"featured_media":0,"parent":7038,"menu_order":0,"comment_status":"closed","ping_status":"closed","template":"","meta":{"_acf_changed":false,"footnotes":""},"class_list":["post-7770","page","type-page","status-publish","hentry"],"acf":[],"_links":{"self":[{"href":"https:\/\/msppu.org.ua\/pl\/wp-json\/wp\/v2\/pages\/7770","targetHints":{"allow":["GET"]}}],"collection":[{"href":"https:\/\/msppu.org.ua\/pl\/wp-json\/wp\/v2\/pages"}],"about":[{"href":"https:\/\/msppu.org.ua\/pl\/wp-json\/wp\/v2\/types\/page"}],"author":[{"embeddable":true,"href":"https:\/\/msppu.org.ua\/pl\/wp-json\/wp\/v2\/users\/2"}],"replies":[{"embeddable":true,"href":"https:\/\/msppu.org.ua\/pl\/wp-json\/wp\/v2\/comments?post=7770"}],"version-history":[{"count":0,"href":"https:\/\/msppu.org.ua\/pl\/wp-json\/wp\/v2\/pages\/7770\/revisions"}],"up":[{"embeddable":true,"href":"https:\/\/msppu.org.ua\/pl\/wp-json\/wp\/v2\/pages\/7038"}],"wp:attachment":[{"href":"https:\/\/msppu.org.ua\/pl\/wp-json\/wp\/v2\/media?parent=7770"}],"curies":[{"name":"wp","href":"https:\/\/api.w.org\/{rel}","templated":true}]}}