{"id":7762,"date":"2010-02-04T14:12:49","date_gmt":"2010-02-04T12:12:49","guid":{"rendered":"https:\/\/msppu.org.ua\/?page_id=7762"},"modified":"2018-05-11T14:13:24","modified_gmt":"2018-05-11T11:13:24","slug":"przedwyborowy-business-networking-cocktail-04-02-2010r","status":"publish","type":"page","link":"https:\/\/msppu.org.ua\/pl\/archiwum\/przedwyborowy-business-networking-cocktail-04-02-2010r\/","title":{"rendered":"Przedwyborowy Business Networking Cocktail. 04.02.2010r."},"content":{"rendered":"<p>04.02.2010r. Przedwyborowy Business Networking Cocktail<br \/>\nCzwartek, 4tego lutego o 19:00<br \/>\nw Restauracji Swing (ul. Wo\u0142odymyrska, 11)<\/p>\n<p>Izba Ameryka\u0144ska www.chamber.ua wsp\u00f3lnie z Mi\u0119dzynarodowym Stowarzyszeniem Przedsi\u0119biorc\u00f3w Polskich na Ukrainie ma przyjemno\u015b\u0107 zaprosi\u0107 wszystkich Cz\u0142onk\u00f3w Stowarzyszenia na zbli\u017caj\u0105cy si\u0119 przedwyborowy Business Networking Cocktail.<\/p>\n<p>Dyskusja oraz debaty s\u0105 zawsze kluczowymi czynnikami dla podj\u0119cia takiego typu decyzji. Dlatego, Izba oraz Mi\u0119dzynarodowe Stowarzyszenie Przedsi\u0119biorc\u00f3w Polskich na Ukrainie oferuj\u0105 doskona\u0142\u0105 mo\u017cliwo\u015b\u0107 przedyskutowania upodoba\u0144 i pomys\u0142\u00f3w odno\u015bnie prezydenckiej kampanii z innymi liderami biznesowymi w relaksuj\u0105cej i przyjaznej atmosferze nadchodz\u0105cego Business Networking Cocktail.<\/p>\n<p>Ukraina i ca\u0142y \u015bwiat zadaj\u0105 sobie pytanie \u2013 \u201eKto wygra te wybory i co si\u0119 b\u0119dzie dzia\u0142o przed inauguracj\u0105\u201d? Ukraina dok\u0142ada wszelkich stara\u0144 w walce z kryzysem finansowym oraz wprowadzeniem reform, kt\u00f3re s\u0105 tak niezb\u0119dne dla konkurencyjno\u015bci Ukrainy. Networking Cocktail b\u0119dzie wspania\u0142\u0105 mo\u017cliwo\u015bci\u0105 dla przedyskutowania kampanii oraz jej skutk\u00f3w dla inwestor\u00f3w w relaksuj\u0105cej atmosferze Restauracji Swing.<\/p>\n<p>WST\u0118P WOLNY, REJESTRACJA NIE JEST WYMAGANA ORAZ WSZYSCY PRACOWNICY IZBY I CZ\u0141ONKOWIE STOWARZYSZENIA PRZEDSI\u0118BIORC\u00d3W POLSKICH NA UKRAINIE S\u0104 MILE WIDZIANI!<\/p>\n<p>Pierwsi uczestnicy dostan\u0105 szczeg\u00f3lny przedwyborowy koktail \u201cTymoshenko\u201d albo \u201c\u201cYanukovych\u201d!<\/p>\n<p>Prosimy zaznaczy\u0107 4tego lutego w Pa\u0144stwa kalendarzach oraz zapraszamy na relaksuj\u0105cy wiecz\u00f3r w Network, gdzie b\u0119dziecie mogli Pa\u0144stwo zawrze\u0107 nowe znajomo\u015bci z potencjalnymi partnerami biznesowymi z dw\u00f3ch organizacji, jak r\u00f3wnie\u017c podzieli\u0107 si\u0119 do\u015bwiadczeniem z waszych zimowych wakacji. Sk\u0142adamy podzi\u0119kowania Chamber Gourmet Member Restauracji Swing za wsparcie tego wydarzenia<\/p>\n","protected":false},"excerpt":{"rendered":"<p>04.02.2010r. Przedwyborowy Business Networking Cocktail Czwartek, 4tego lutego o 19:00 w Restauracji Swing (ul. Wo\u0142odymyrska, 11) Izba Ameryka\u0144ska www.chamber.ua wsp\u00f3lnie z Mi\u0119dzynarodowym Stowarzyszeniem Przedsi\u0119biorc\u00f3w Polskich na Ukrainie ma przyjemno\u015b\u0107 zaprosi\u0107 wszystkich Cz\u0142onk\u00f3w Stowarzyszenia na zbli\u017caj\u0105cy si\u0119 przedwyborowy Business Networking Cocktail. Dyskusja oraz debaty s\u0105 zawsze kluczowymi czynnikami dla podj\u0119cia takiego typu decyzji. Dlatego, Izba oraz [&hellip;]<\/p>\n","protected":false},"author":2,"featured_media":0,"parent":7038,"menu_order":0,"comment_status":"closed","ping_status":"closed","template":"","meta":{"_acf_changed":false,"footnotes":""},"class_list":["post-7762","page","type-page","status-publish","hentry"],"acf":[],"_links":{"self":[{"href":"https:\/\/msppu.org.ua\/pl\/wp-json\/wp\/v2\/pages\/7762","targetHints":{"allow":["GET"]}}],"collection":[{"href":"https:\/\/msppu.org.ua\/pl\/wp-json\/wp\/v2\/pages"}],"about":[{"href":"https:\/\/msppu.org.ua\/pl\/wp-json\/wp\/v2\/types\/page"}],"author":[{"embeddable":true,"href":"https:\/\/msppu.org.ua\/pl\/wp-json\/wp\/v2\/users\/2"}],"replies":[{"embeddable":true,"href":"https:\/\/msppu.org.ua\/pl\/wp-json\/wp\/v2\/comments?post=7762"}],"version-history":[{"count":0,"href":"https:\/\/msppu.org.ua\/pl\/wp-json\/wp\/v2\/pages\/7762\/revisions"}],"up":[{"embeddable":true,"href":"https:\/\/msppu.org.ua\/pl\/wp-json\/wp\/v2\/pages\/7038"}],"wp:attachment":[{"href":"https:\/\/msppu.org.ua\/pl\/wp-json\/wp\/v2\/media?parent=7762"}],"curies":[{"name":"wp","href":"https:\/\/api.w.org\/{rel}","templated":true}]}}