{"id":7730,"date":"2010-09-20T13:56:51","date_gmt":"2010-09-20T10:56:51","guid":{"rendered":"https:\/\/msppu.org.ua\/?page_id=7730"},"modified":"2018-05-11T13:59:05","modified_gmt":"2018-05-11T10:59:05","slug":"polsko-ukrainski-turniej-druzyn-akademickich-w-pilce-noznej-2010-2012","status":"publish","type":"page","link":"https:\/\/msppu.org.ua\/pl\/archiwum\/polsko-ukrainski-turniej-druzyn-akademickich-w-pilce-noznej-2010-2012\/","title":{"rendered":"Polsko-ukrai\u0144ski turniej dru\u017cyn akademickich w pi\u0142ce no\u017cnej 2010-2012"},"content":{"rendered":"<p>Szanowni Pa\u0144stwo,<\/p>\n<p>Uprzejmie informuj\u0119, \u017ce w dniach 20-25 wrze\u015bnia br. we Lwowie, w Charkowie, Doniecku i\u00a0w\u00a0Kijowie odb\u0119dzie si\u0119 pierwsza edycja\u00a0\"Polsko-ukrai\u0144skiego turnieju dru\u017cyn akademickich w\u00a0pi\u0142ce no\u017cnej 2010-2012\",\u00a0zwi\u0105zana z przygotowaniami obu pa\u0144stw do EURO 2012. G\u0142\u00f3wnymi organizatorami po stronie ukrai\u0144skiej s\u0105 Komitet Wychowania Fizycznego i Sportu przy Ministerstwie O\u015bwiaty i Nauki oraz Zarz\u0105d G\u0142\u00f3wny AZS w Warszawie po stronie polskiej. W turnieju we\u017amie udzia\u0142 8 polskich dru\u017cyn akademickich, kt\u00f3re w dniach 21-23.09 b\u0119d\u0105 rozgrywa\u0107 mecze we wszystkich ww. miastach., natomiast 25.09 jedna z nich rozegra mecz fina\u0142owy w Kijowie (stadion im. Bannikowa przy Domu Futbolu, godz.11.00 - mecz o trzecie miejsce, godz. 15.00 mecz fina\u0142owy)<\/p>\n<p>W zwi\u0105zku z powy\u017cszym zapraszamy Pa\u0144stwa do kibicowania polskim dru\u017cynom w trakcie trwania turnieju, w szczeg\u00f3lno\u015bci w trakcie meczu fina\u0142owego.\u00a0Jednocze\u015bnie w przypadku gdyby Pa\u0144stwa firmy by\u0142y zainteresowane obecno\u015bci\u0105 w trakcie tego turnieju jako np. reklamodawcy lub innymi formami wsparcia jego uczestnik\u00f3w (np. w postaci ufundowanych nagr\u00f3d), bardzo prosimy o sygna\u0142y i propozycje, kt\u00f3re przeka\u017cemy organizatorom.<\/p>\n<p>&nbsp;<\/p>\n<p>Z powa\u017caniem,<\/p>\n<p>Pawe\u0142 G\u0119bski<\/p>\n<p>Radca, Kierownik Wydzia\u0142u Ekonomicznego<\/p>\n<p>Ambasada RP w Kijowie<\/p>\n<p>tel. +38044-2300771<\/p>\n<p>kom. +380503114754<\/p>\n","protected":false},"excerpt":{"rendered":"<p>Szanowni Pa\u0144stwo, Uprzejmie informuj\u0119, \u017ce w dniach 20-25 wrze\u015bnia br. we Lwowie, w Charkowie, Doniecku i\u00a0w\u00a0Kijowie odb\u0119dzie si\u0119 pierwsza edycja\u00a0\"Polsko-ukrai\u0144skiego turnieju dru\u017cyn akademickich w\u00a0pi\u0142ce no\u017cnej 2010-2012\",\u00a0zwi\u0105zana z przygotowaniami obu pa\u0144stw do EURO 2012. G\u0142\u00f3wnymi organizatorami po stronie ukrai\u0144skiej s\u0105 Komitet Wychowania Fizycznego i Sportu przy Ministerstwie O\u015bwiaty i Nauki oraz Zarz\u0105d G\u0142\u00f3wny AZS w Warszawie [&hellip;]<\/p>\n","protected":false},"author":2,"featured_media":0,"parent":7038,"menu_order":0,"comment_status":"closed","ping_status":"closed","template":"","meta":{"_acf_changed":false,"footnotes":""},"class_list":["post-7730","page","type-page","status-publish","hentry"],"acf":[],"_links":{"self":[{"href":"https:\/\/msppu.org.ua\/pl\/wp-json\/wp\/v2\/pages\/7730","targetHints":{"allow":["GET"]}}],"collection":[{"href":"https:\/\/msppu.org.ua\/pl\/wp-json\/wp\/v2\/pages"}],"about":[{"href":"https:\/\/msppu.org.ua\/pl\/wp-json\/wp\/v2\/types\/page"}],"author":[{"embeddable":true,"href":"https:\/\/msppu.org.ua\/pl\/wp-json\/wp\/v2\/users\/2"}],"replies":[{"embeddable":true,"href":"https:\/\/msppu.org.ua\/pl\/wp-json\/wp\/v2\/comments?post=7730"}],"version-history":[{"count":0,"href":"https:\/\/msppu.org.ua\/pl\/wp-json\/wp\/v2\/pages\/7730\/revisions"}],"up":[{"embeddable":true,"href":"https:\/\/msppu.org.ua\/pl\/wp-json\/wp\/v2\/pages\/7038"}],"wp:attachment":[{"href":"https:\/\/msppu.org.ua\/pl\/wp-json\/wp\/v2\/media?parent=7730"}],"curies":[{"name":"wp","href":"https:\/\/api.w.org\/{rel}","templated":true}]}}