{"id":7706,"date":"2010-12-01T13:21:43","date_gmt":"2010-12-01T11:21:43","guid":{"rendered":"https:\/\/msppu.org.ua\/?page_id=7706"},"modified":"2018-05-11T13:24:50","modified_gmt":"2018-05-11T10:24:50","slug":"seminarium-wszystko-o-zatrudnianiu-nierezydentow-na-ukrainie-25-11-2010-obejrzec-zdjecia","status":"publish","type":"page","link":"https:\/\/msppu.org.ua\/pl\/archiwum\/seminarium-wszystko-o-zatrudnianiu-nierezydentow-na-ukrainie-25-11-2010-obejrzec-zdjecia\/","title":{"rendered":"Wizyta Marsza\u0142ka Borusewicza 01.12.2010"},"content":{"rendered":"<p>W trakcie swojej wizyty na Ukrainie Marsza\u0142ek Senatu Bogdan Borusewicz spotka\u0142 si\u0119 z Prezydentem Ukrainy Wiktorem Janukowiczem, Przewodnicz\u0105cym Rady Najwy\u017cszej Wo\u0142odymyrem \u0141ytwynem oraz Premierem Ukrainy Myko\u0142\u0105 Azarowym.<\/p>\n<p>Dnia 1.12.2010 w Ambasadzie RP w Kijowie odby\u0142o si\u0119 spotkanie Polonii oraz Cz\u0142onk\u00f3w MSPPU z Marsza\u0142kiem.<\/p>\n<p>\u00abPolska pragnie utrzymywa\u0107 dobre stosunki z w\u0142adzami, kt\u00f3re wybrali Ukrai\u0144cy\u00bb - zaznaczy\u0142 na wst\u0119pie spotkania Marsza\u0142ek Senatu Bogdan Borusewicz.<\/p>\n<p>W imieniu Mi\u0119dzynarodowego Stowarzyszenia Przedsi\u0119biorc\u00f3w Polskich na Ukrainie wyst\u0105pi\u0142 Prezes Ireneusz Derek: \u201eMy, przedstawiciele polskiego biznesu, aktywnie dzia\u0142amy na Ukrainie, aczkolwiek spotykamy si\u0119 z du\u017cymi problemami w prowadzeniu tej dzia\u0142alno\u015bci. Musz\u0119 powiedzie\u0107, \u017ce przez ostatnie pi\u0119\u0107 lat w\u0142adza ukrai\u0144ska - zar\u00f3wno poprzednia, jak i tera\u017aniejsza - du\u017co obiecuje, ale obietnice te niestety, w du\u017cym stopniu, pozostaj\u0105 tylko obietnicami. Tak dzieje si\u0119 z obiecan\u0105 pomoc\u0105 i zrozumieniem w r\u00f3\u017cnych sytuacjach zwi\u0105zanych z prowadzeniem dzia\u0142alno\u015bci na Ukrainie. St\u0105d te\u017c zwracamy si\u0119 do w\u0142adz polskich, \u017ceby cz\u0119\u015bciej rozliczali naszych partner\u00f3w ukrai\u0144skich z tych obietnic\u201d.<\/p>\n","protected":false},"excerpt":{"rendered":"<p>W trakcie swojej wizyty na Ukrainie Marsza\u0142ek Senatu Bogdan Borusewicz spotka\u0142 si\u0119 z Prezydentem Ukrainy Wiktorem Janukowiczem, Przewodnicz\u0105cym Rady Najwy\u017cszej Wo\u0142odymyrem \u0141ytwynem oraz Premierem Ukrainy Myko\u0142\u0105 Azarowym. Dnia 1.12.2010 w Ambasadzie RP w Kijowie odby\u0142o si\u0119 spotkanie Polonii oraz Cz\u0142onk\u00f3w MSPPU z Marsza\u0142kiem. \u00abPolska pragnie utrzymywa\u0107 dobre stosunki z w\u0142adzami, kt\u00f3re wybrali Ukrai\u0144cy\u00bb - zaznaczy\u0142 [&hellip;]<\/p>\n","protected":false},"author":2,"featured_media":0,"parent":7038,"menu_order":0,"comment_status":"closed","ping_status":"closed","template":"","meta":{"_acf_changed":false,"footnotes":""},"class_list":["post-7706","page","type-page","status-publish","hentry"],"acf":[],"_links":{"self":[{"href":"https:\/\/msppu.org.ua\/pl\/wp-json\/wp\/v2\/pages\/7706","targetHints":{"allow":["GET"]}}],"collection":[{"href":"https:\/\/msppu.org.ua\/pl\/wp-json\/wp\/v2\/pages"}],"about":[{"href":"https:\/\/msppu.org.ua\/pl\/wp-json\/wp\/v2\/types\/page"}],"author":[{"embeddable":true,"href":"https:\/\/msppu.org.ua\/pl\/wp-json\/wp\/v2\/users\/2"}],"replies":[{"embeddable":true,"href":"https:\/\/msppu.org.ua\/pl\/wp-json\/wp\/v2\/comments?post=7706"}],"version-history":[{"count":0,"href":"https:\/\/msppu.org.ua\/pl\/wp-json\/wp\/v2\/pages\/7706\/revisions"}],"up":[{"embeddable":true,"href":"https:\/\/msppu.org.ua\/pl\/wp-json\/wp\/v2\/pages\/7038"}],"wp:attachment":[{"href":"https:\/\/msppu.org.ua\/pl\/wp-json\/wp\/v2\/media?parent=7706"}],"curies":[{"name":"wp","href":"https:\/\/api.w.org\/{rel}","templated":true}]}}