{"id":7702,"date":"2010-12-11T13:19:30","date_gmt":"2010-12-11T11:19:30","guid":{"rendered":"https:\/\/msppu.org.ua\/?page_id=7702"},"modified":"2018-05-11T13:20:06","modified_gmt":"2018-05-11T10:20:06","slug":"swiateczne-spotkanie-z-mikolajem-oraz-pokaz-filmow-dla-dzieci-11-12-2010","status":"publish","type":"page","link":"https:\/\/msppu.org.ua\/pl\/archiwum\/swiateczne-spotkanie-z-mikolajem-oraz-pokaz-filmow-dla-dzieci-11-12-2010\/","title":{"rendered":"\u015awi\u0105teczne spotkanie z Miko\u0142ajem oraz pokaz film\u00f3w dla dzieci. 11.12.2010"},"content":{"rendered":"<p>Mi\u0119dzynarodowe Stowarzyszenie Przedsi\u0119biorc\u00f3w Polskich na Ukrainie wraz z Wydzia\u0142em Konsularnym Ambasady RP w Kijowie organizowa\u0142o dla Wszystkich Dzieci \u015awi\u0105teczne spotkanie z Miko\u0142ajem oraz prezentacj\u0119 film\u00f3w dnia 11 grudnia (sobota)<\/p>\n<p>\"Bajka dla najm\u0142odszych\" o godz. 10.00 oraz \"W pustyni i puszczy\" o godz. 11.00 w Sali Kina Kij\u00f3w, przy ul. Krasnoarmiejskiej 19 (stacja metro Lwa To\u0142stoja).<\/p>\n<p>Dzieci dosta\u0142y upominki ufundowane przez sponsor\u00f3w \u2013 firm \u201eBella\u201d, \u201eDelicja\u201d, \u201eFerrero\u201d, \u201eEsselte Ukraina\u201d, \u201eBakar\u201d, \u201eEmpik\u201d.<\/p>\n","protected":false},"excerpt":{"rendered":"<p>Mi\u0119dzynarodowe Stowarzyszenie Przedsi\u0119biorc\u00f3w Polskich na Ukrainie wraz z Wydzia\u0142em Konsularnym Ambasady RP w Kijowie organizowa\u0142o dla Wszystkich Dzieci \u015awi\u0105teczne spotkanie z Miko\u0142ajem oraz prezentacj\u0119 film\u00f3w dnia 11 grudnia (sobota) \"Bajka dla najm\u0142odszych\" o godz. 10.00 oraz \"W pustyni i puszczy\" o godz. 11.00 w Sali Kina Kij\u00f3w, przy ul. Krasnoarmiejskiej 19 (stacja metro Lwa To\u0142stoja). [&hellip;]<\/p>\n","protected":false},"author":2,"featured_media":0,"parent":7038,"menu_order":0,"comment_status":"closed","ping_status":"closed","template":"","meta":{"_acf_changed":false,"footnotes":""},"class_list":["post-7702","page","type-page","status-publish","hentry"],"acf":[],"_links":{"self":[{"href":"https:\/\/msppu.org.ua\/pl\/wp-json\/wp\/v2\/pages\/7702","targetHints":{"allow":["GET"]}}],"collection":[{"href":"https:\/\/msppu.org.ua\/pl\/wp-json\/wp\/v2\/pages"}],"about":[{"href":"https:\/\/msppu.org.ua\/pl\/wp-json\/wp\/v2\/types\/page"}],"author":[{"embeddable":true,"href":"https:\/\/msppu.org.ua\/pl\/wp-json\/wp\/v2\/users\/2"}],"replies":[{"embeddable":true,"href":"https:\/\/msppu.org.ua\/pl\/wp-json\/wp\/v2\/comments?post=7702"}],"version-history":[{"count":0,"href":"https:\/\/msppu.org.ua\/pl\/wp-json\/wp\/v2\/pages\/7702\/revisions"}],"up":[{"embeddable":true,"href":"https:\/\/msppu.org.ua\/pl\/wp-json\/wp\/v2\/pages\/7038"}],"wp:attachment":[{"href":"https:\/\/msppu.org.ua\/pl\/wp-json\/wp\/v2\/media?parent=7702"}],"curies":[{"name":"wp","href":"https:\/\/api.w.org\/{rel}","templated":true}]}}