{"id":7698,"date":"2011-12-15T13:17:21","date_gmt":"2011-12-15T11:17:21","guid":{"rendered":"https:\/\/msppu.org.ua\/?page_id=7698"},"modified":"2018-05-11T13:17:46","modified_gmt":"2018-05-11T10:17:46","slug":"spotkanie-wigilijne-w-ambasadzie-rp-w-kijowie-15-12-2010","status":"publish","type":"page","link":"https:\/\/msppu.org.ua\/pl\/archiwum\/spotkanie-wigilijne-w-ambasadzie-rp-w-kijowie-15-12-2010\/","title":{"rendered":"Spotkanie Wigilijne w Ambasadzie RP w Kijowie 15.12.2010"},"content":{"rendered":"<p>Szanowni Pa\u0144stwo!<\/p>\n<p>W imieniu\u00a0 Mi\u0119dzynarodowego Stowarzyszenia Przedsi\u0119biorc\u00f3w Polskich na Ukrainie mamy przyjemno\u015b\u0107 zaprosi\u0107 Pa\u0144stwa na uroczyste przyj\u0119cie Wigilijne.<\/p>\n<p>Przyj\u0119cie odb\u0119dzie si\u0119 w budynku Ambasady Rzeczypospolitej Polskiej w Kijowie, ul. Jaros\u0142awiw Wa\u0142, 12 w dniu 15 grudnia o godz. 17.00.<\/p>\n<p>Nasza uroczysto\u015b\u0107 jest mo\u017cliwa dzi\u0119ki uprzejmo\u015bci Ambasady oraz naszym sponsorom: firmom Aluprof System Ukraina, PZU Ukraina, Delicja, Bakar, ZSK.<\/p>\n","protected":false},"excerpt":{"rendered":"<p>Szanowni Pa\u0144stwo! W imieniu\u00a0 Mi\u0119dzynarodowego Stowarzyszenia Przedsi\u0119biorc\u00f3w Polskich na Ukrainie mamy przyjemno\u015b\u0107 zaprosi\u0107 Pa\u0144stwa na uroczyste przyj\u0119cie Wigilijne. Przyj\u0119cie odb\u0119dzie si\u0119 w budynku Ambasady Rzeczypospolitej Polskiej w Kijowie, ul. Jaros\u0142awiw Wa\u0142, 12 w dniu 15 grudnia o godz. 17.00. Nasza uroczysto\u015b\u0107 jest mo\u017cliwa dzi\u0119ki uprzejmo\u015bci Ambasady oraz naszym sponsorom: firmom Aluprof System Ukraina, PZU Ukraina, [&hellip;]<\/p>\n","protected":false},"author":2,"featured_media":0,"parent":7038,"menu_order":0,"comment_status":"closed","ping_status":"closed","template":"","meta":{"_acf_changed":false,"footnotes":""},"class_list":["post-7698","page","type-page","status-publish","hentry"],"acf":[],"_links":{"self":[{"href":"https:\/\/msppu.org.ua\/pl\/wp-json\/wp\/v2\/pages\/7698","targetHints":{"allow":["GET"]}}],"collection":[{"href":"https:\/\/msppu.org.ua\/pl\/wp-json\/wp\/v2\/pages"}],"about":[{"href":"https:\/\/msppu.org.ua\/pl\/wp-json\/wp\/v2\/types\/page"}],"author":[{"embeddable":true,"href":"https:\/\/msppu.org.ua\/pl\/wp-json\/wp\/v2\/users\/2"}],"replies":[{"embeddable":true,"href":"https:\/\/msppu.org.ua\/pl\/wp-json\/wp\/v2\/comments?post=7698"}],"version-history":[{"count":0,"href":"https:\/\/msppu.org.ua\/pl\/wp-json\/wp\/v2\/pages\/7698\/revisions"}],"up":[{"embeddable":true,"href":"https:\/\/msppu.org.ua\/pl\/wp-json\/wp\/v2\/pages\/7038"}],"wp:attachment":[{"href":"https:\/\/msppu.org.ua\/pl\/wp-json\/wp\/v2\/media?parent=7698"}],"curies":[{"name":"wp","href":"https:\/\/api.w.org\/{rel}","templated":true}]}}