{"id":7693,"date":"2010-12-17T13:15:14","date_gmt":"2010-12-17T11:15:14","guid":{"rendered":"https:\/\/msppu.org.ua\/?page_id=7693"},"modified":"2018-05-11T13:15:49","modified_gmt":"2018-05-11T10:15:49","slug":"7693-2","status":"publish","type":"page","link":"https:\/\/msppu.org.ua\/pl\/archiwum\/7693-2\/","title":{"rendered":"Seminarium na temat \u201eKodeksu podatkowego Ukrainy\u201d. 17.12.2010 (obejrze\u0107 zdj\u0119cia)"},"content":{"rendered":"<p>Wydzia\u0142 Promocji Handlu i Inwestycji Ambasady RP w Kijowie wsp\u00f3lnie z Mi\u0119dzynarodowym Stowarzyszeniem Przedsi\u0119biorc\u00f3w Polskich na Ukrainie oraz Polsko-Ukrai\u0144sk\u0105 Izb\u0105 Gospodarcz\u0105 zapraszaj\u0105 na seminarium pt. \u201eKodeks podatkowy Ukrainy \u2013 szanse i wyzwania dla biznesu\u201d.<\/p>\n<p>Seminarium odb\u0119dzie si\u0119 w dniu 17 grudnia 2010 r. w godz.: 14:00-17:00 w Sali konferencyjnej \u201ePress Center\u201d (Kij\u00f3w, ul. Hreszczatik 25, budynek kina \u201eDru\u017cba\u201d).<\/p>\n<p>Program seminarium:<\/p>\n<ul>\n<li>Powitanie i s\u0142owo wst\u0119pne<\/li>\n<\/ul>\n<p>Andrzej Grabowski, Radca-Minister, Kierownik Wydzia\u0142u Promocji Handlu i Inwestycji Ambasady RP w Kijowie<\/p>\n<ul>\n<li>Prezentacja g\u0142\u00f3wnych za\u0142o\u017ce\u0144 i zmian wprowadzanych przez \u201eKodeks podatkowy Ukrainy\u201d<\/li>\n<\/ul>\n<p>Przedstawiciel kierownictwa Pa\u0144stwowej Administracji Podatkowej Ukrainy<\/p>\n<ul>\n<li>Komentarze i uwagi do zmian wprowadzanych przez \u201eKodeks podatkowy Ukrainy\u201d<\/li>\n<\/ul>\n<p>Przedstawiciel firmy konsultingowej \u201eErnst &amp; Young\u201d<br \/>\nPytania i odpowiedzi. Dyskusja<\/p>\n<ul>\n<li>Pocz\u0119stunek. Nieformalna dyskusja<\/li>\n<\/ul>\n<p>Uwagi organizacyjne:<\/p>\n<p>Spotkanie prowadzone b\u0119dzie w j\u0119zyku rosyjskim. W razie takiej potrzeby Wydzia\u0142 Promocji Handlu i Inwestycji Ambasady RP w Kijowie zapewnia t\u0142umaczenie odr\u0119bnych pyta\u0144 \/ odpowiedzi na j\u0119zyk polski \/ rosyjski.<\/p>\n<p>Udzia\u0142 przedstawicieli firm polskich w seminarium jest bezp\u0142atny.<\/p>\n<p>Prosimy potwierdzi\u0107 Pa\u0144stwa udzia\u0142 w seminarium do Mi\u0119dzynarodowego Stowarzyszenia Przedsi\u0119biorc\u00f3w Polskich na Ukrainie (e-mail: msppu.ukraina@gmail.com; office@msppu.org.ua).<\/p>\n","protected":false},"excerpt":{"rendered":"<p>Wydzia\u0142 Promocji Handlu i Inwestycji Ambasady RP w Kijowie wsp\u00f3lnie z Mi\u0119dzynarodowym Stowarzyszeniem Przedsi\u0119biorc\u00f3w Polskich na Ukrainie oraz Polsko-Ukrai\u0144sk\u0105 Izb\u0105 Gospodarcz\u0105 zapraszaj\u0105 na seminarium pt. \u201eKodeks podatkowy Ukrainy \u2013 szanse i wyzwania dla biznesu\u201d. Seminarium odb\u0119dzie si\u0119 w dniu 17 grudnia 2010 r. w godz.: 14:00-17:00 w Sali konferencyjnej \u201ePress Center\u201d (Kij\u00f3w, ul. Hreszczatik 25, [&hellip;]<\/p>\n","protected":false},"author":2,"featured_media":0,"parent":7038,"menu_order":0,"comment_status":"closed","ping_status":"closed","template":"","meta":{"_acf_changed":false,"footnotes":""},"class_list":["post-7693","page","type-page","status-publish","hentry"],"acf":[],"_links":{"self":[{"href":"https:\/\/msppu.org.ua\/pl\/wp-json\/wp\/v2\/pages\/7693","targetHints":{"allow":["GET"]}}],"collection":[{"href":"https:\/\/msppu.org.ua\/pl\/wp-json\/wp\/v2\/pages"}],"about":[{"href":"https:\/\/msppu.org.ua\/pl\/wp-json\/wp\/v2\/types\/page"}],"author":[{"embeddable":true,"href":"https:\/\/msppu.org.ua\/pl\/wp-json\/wp\/v2\/users\/2"}],"replies":[{"embeddable":true,"href":"https:\/\/msppu.org.ua\/pl\/wp-json\/wp\/v2\/comments?post=7693"}],"version-history":[{"count":0,"href":"https:\/\/msppu.org.ua\/pl\/wp-json\/wp\/v2\/pages\/7693\/revisions"}],"up":[{"embeddable":true,"href":"https:\/\/msppu.org.ua\/pl\/wp-json\/wp\/v2\/pages\/7038"}],"wp:attachment":[{"href":"https:\/\/msppu.org.ua\/pl\/wp-json\/wp\/v2\/media?parent=7693"}],"curies":[{"name":"wp","href":"https:\/\/api.w.org\/{rel}","templated":true}]}}