{"id":7562,"date":"2011-11-17T12:04:25","date_gmt":"2011-11-17T10:04:25","guid":{"rendered":"https:\/\/msppu.org.ua\/?page_id=7562"},"modified":"2018-05-11T12:04:53","modified_gmt":"2018-05-11T09:04:53","slug":"seminarium-nowe-przepisy-wizowe-dla-obcokrajowcow","status":"publish","type":"page","link":"https:\/\/msppu.org.ua\/pl\/archiwum\/seminarium-nowe-przepisy-wizowe-dla-obcokrajowcow\/","title":{"rendered":"Seminarium \"Nowe przepisy wizowe dla obcokrajowc\u00f3w\""},"content":{"rendered":"<p><em>Zaproszenie na bezp\u0142atne seminarium pt. \u201eZasady legalizacji pobytu obywateli RP pracuj\u0105cych na Ukrainie\u201d<\/em><em>\u00a0<\/em><\/p>\n<p>Wydzia\u0142 Promocji Handlu i Inwestycji Ambasady RP w Kijowie, Mi\u0119dzynarodowe Stowarzyszenie Przedsi\u0119biorc\u00f3w Polskich na Ukrainie oraz Polsko-Ukrai\u0144ska Izba Gospodarcza zapraszaj\u0105 na seminarium pt. \u201eZasady legalizacji pobytu obywateli RP pracuj\u0105cych na Ukrainie\u201d.<\/p>\n<p>Celem seminarium jest przedstawienie informacji na temat nowych zasad uzyskiwania stosownych wiz pobytowych i pozwole\u0144 na pobyt tymczasowy przez obywateli RP oddelegowanych do pracy na Ukrainie w firmach ukrai\u0144skich i przedstawicielstwach zagranicznych firm (przypominamy, i\u017c we wrze\u015bniu i pa\u017adzierniku 2011 r. na Ukrainie wesz\u0142y w \u017cycie nowe zasady wydawania wiz i pozwole\u0144 na pobyt tymczasowy). Zagadnienia te prezentowa\u0107 b\u0119d\u0105 eksperci Ministerstwa Spraw Zagranicznych Ukrainy (kwestie nowego trybu wydawania wiz), a tak\u017ce Pa\u0144stwowego Departamentu ds. Obywatelstwa, Imigracji i Rejestracji Os\u00f3b Fizycznych Ministerstwa Spraw Wewn\u0119trznych Ukrainy oraz Pa\u0144stwowej S\u0142u\u017cby Migracyjnej Ukrainy (kwestie nowego trybu wydawania pozwole\u0144 na pobyt tymczasowy).<\/p>\n<p>Seminarium odb\u0119dzie si\u0119 w dniu 17 listopada 2011 r. w godz.: 15:00-18:00\u00a0w sali konferencyjnej sp\u00f3\u0142ki \u201ePlastiks-Ukraina\u201d (Kij\u00f3w, ul. Me\u017cygirska 82 A \u2013\u00a0<a href=\"https:\/\/msppu.org.ua\/Seminarium_17.11.2011\/Mapa.pdf\">mapka dojazdowa do pobrania<\/a>).\u00a0<a href=\"https:\/\/msppu.org.ua\/Parking.doc\">Schemat parkingu.<\/a><\/p>\n<p>Udzia\u0142 w seminarium jest bezp\u0142atny. Warunkiem udzia\u0142u w seminarium jest zg\u0142oszenie obecno\u015bci przedstawiciela danej firmy do Mi\u0119dzynarodowego Stowarzyszenia Przedsi\u0119biorc\u00f3w Polskich na Ukrainie (adres poczty elektronicznej: office@msppu.org.ua lub msppu.ukraina@gmail.com).<\/p>\n<p>Serdecznie zapraszamy!<\/p>\n<p>&nbsp;<\/p>\n<p><em>Wydzia\u0142 Promocji Handlu i Inwestycji Ambasady RP w Kijowie<br \/>\nMi\u0119dzynarodowe Stowarzyszenie Przedsi\u0119biorc\u00f3w Polskich na Ukrainie<br \/>\nPolsko-Ukrai\u0144ska Izba Gospodarcza<\/em><\/p>\n","protected":false},"excerpt":{"rendered":"<p>Zaproszenie na bezp\u0142atne seminarium pt. \u201eZasady legalizacji pobytu obywateli RP pracuj\u0105cych na Ukrainie\u201d\u00a0 Wydzia\u0142 Promocji Handlu i Inwestycji Ambasady RP w Kijowie, Mi\u0119dzynarodowe Stowarzyszenie Przedsi\u0119biorc\u00f3w Polskich na Ukrainie oraz Polsko-Ukrai\u0144ska Izba Gospodarcza zapraszaj\u0105 na seminarium pt. \u201eZasady legalizacji pobytu obywateli RP pracuj\u0105cych na Ukrainie\u201d. Celem seminarium jest przedstawienie informacji na temat nowych zasad uzyskiwania stosownych [&hellip;]<\/p>\n","protected":false},"author":2,"featured_media":0,"parent":7038,"menu_order":0,"comment_status":"closed","ping_status":"closed","template":"","meta":{"_acf_changed":false,"footnotes":""},"class_list":["post-7562","page","type-page","status-publish","hentry"],"acf":[],"_links":{"self":[{"href":"https:\/\/msppu.org.ua\/pl\/wp-json\/wp\/v2\/pages\/7562","targetHints":{"allow":["GET"]}}],"collection":[{"href":"https:\/\/msppu.org.ua\/pl\/wp-json\/wp\/v2\/pages"}],"about":[{"href":"https:\/\/msppu.org.ua\/pl\/wp-json\/wp\/v2\/types\/page"}],"author":[{"embeddable":true,"href":"https:\/\/msppu.org.ua\/pl\/wp-json\/wp\/v2\/users\/2"}],"replies":[{"embeddable":true,"href":"https:\/\/msppu.org.ua\/pl\/wp-json\/wp\/v2\/comments?post=7562"}],"version-history":[{"count":0,"href":"https:\/\/msppu.org.ua\/pl\/wp-json\/wp\/v2\/pages\/7562\/revisions"}],"up":[{"embeddable":true,"href":"https:\/\/msppu.org.ua\/pl\/wp-json\/wp\/v2\/pages\/7038"}],"wp:attachment":[{"href":"https:\/\/msppu.org.ua\/pl\/wp-json\/wp\/v2\/media?parent=7562"}],"curies":[{"name":"wp","href":"https:\/\/api.w.org\/{rel}","templated":true}]}}