{"id":7558,"date":"2010-11-24T12:02:59","date_gmt":"2010-11-24T10:02:59","guid":{"rendered":"https:\/\/msppu.org.ua\/?page_id=7558"},"modified":"2018-05-11T12:03:31","modified_gmt":"2018-05-11T09:03:31","slug":"posiedzenie-zarzadu-24-11-2011","status":"publish","type":"page","link":"https:\/\/msppu.org.ua\/pl\/archiwum\/posiedzenie-zarzadu-24-11-2011\/","title":{"rendered":"Posiedzenie zarz\u0105du 24.11.2011"},"content":{"rendered":"<p>Zawiadomienie o zwo\u0142aniu<\/p>\n<p>Posiedzenia Zarz\u0105du MSPPU<\/p>\n<p>Kij\u00f3w, dnia 24 listopada 2011 roku<\/p>\n<p>Od: Prezesa Zarz\u0105du MSPPU Ireneusza Derka<\/p>\n<p>Dyrektora MSPPU Swiet\u0142any Gieninej<\/p>\n<p>Do: Cz\u0142onk\u00f3w Zarz\u0105du, Komisji Rewizyjnej MSPPU<\/p>\n<p>&nbsp;<\/p>\n<p>Informuj\u0119 o zwo\u0142aniu posiedzenia Zarz\u0105du MSPPU w dniu 24.11.2011r. (czwartek) o 17.00 w siedzibie Stowarzyszenia (Kijow, ul. Rejtarska, 9\/1).<\/p>\n<p>&nbsp;<\/p>\n<p>Uprzejmie prosz\u0119 o potwierdzenie przybycia drog\u0105 mailow\u0105 pod adresem \u00a0<a href=\"mailto:msppu@svitonline.com\" target=\"_blank\" rel=\"noopener\">msppu@svitonline.com<\/a>\u00a0lub telefonicznie.<\/p>\n<p>Z powa\u017caniem,<\/p>\n<p>&nbsp;<\/p>\n<p>Dyrektor\u00a0\u00a0\u00a0\u00a0\u00a0\u00a0\u00a0\u00a0\u00a0\u00a0\u00a0\u00a0\u00a0\u00a0\u00a0\u00a0\u00a0\u00a0\u00a0\u00a0\u00a0\u00a0\u00a0\u00a0\u00a0\u00a0\u00a0\u00a0\u00a0\u00a0\u00a0\u00a0\u00a0\u00a0\u00a0\u00a0\u00a0\u00a0\u00a0\u00a0\u00a0\u00a0\u00a0\u00a0\u00a0\u00a0\u00a0\u00a0\u00a0\u00a0\u00a0\u00a0\u00a0\u00a0\u00a0 Swiet\u0142ana Gienina<\/p>\n","protected":false},"excerpt":{"rendered":"<p>Zawiadomienie o zwo\u0142aniu Posiedzenia Zarz\u0105du MSPPU Kij\u00f3w, dnia 24 listopada 2011 roku Od: Prezesa Zarz\u0105du MSPPU Ireneusza Derka Dyrektora MSPPU Swiet\u0142any Gieninej Do: Cz\u0142onk\u00f3w Zarz\u0105du, Komisji Rewizyjnej MSPPU &nbsp; Informuj\u0119 o zwo\u0142aniu posiedzenia Zarz\u0105du MSPPU w dniu 24.11.2011r. (czwartek) o 17.00 w siedzibie Stowarzyszenia (Kijow, ul. Rejtarska, 9\/1). &nbsp; Uprzejmie prosz\u0119 o potwierdzenie przybycia drog\u0105 [&hellip;]<\/p>\n","protected":false},"author":2,"featured_media":0,"parent":7038,"menu_order":0,"comment_status":"closed","ping_status":"closed","template":"","meta":{"_acf_changed":false,"footnotes":""},"class_list":["post-7558","page","type-page","status-publish","hentry"],"acf":[],"_links":{"self":[{"href":"https:\/\/msppu.org.ua\/pl\/wp-json\/wp\/v2\/pages\/7558","targetHints":{"allow":["GET"]}}],"collection":[{"href":"https:\/\/msppu.org.ua\/pl\/wp-json\/wp\/v2\/pages"}],"about":[{"href":"https:\/\/msppu.org.ua\/pl\/wp-json\/wp\/v2\/types\/page"}],"author":[{"embeddable":true,"href":"https:\/\/msppu.org.ua\/pl\/wp-json\/wp\/v2\/users\/2"}],"replies":[{"embeddable":true,"href":"https:\/\/msppu.org.ua\/pl\/wp-json\/wp\/v2\/comments?post=7558"}],"version-history":[{"count":0,"href":"https:\/\/msppu.org.ua\/pl\/wp-json\/wp\/v2\/pages\/7558\/revisions"}],"up":[{"embeddable":true,"href":"https:\/\/msppu.org.ua\/pl\/wp-json\/wp\/v2\/pages\/7038"}],"wp:attachment":[{"href":"https:\/\/msppu.org.ua\/pl\/wp-json\/wp\/v2\/media?parent=7558"}],"curies":[{"name":"wp","href":"https:\/\/api.w.org\/{rel}","templated":true}]}}