{"id":7418,"date":"2013-03-11T10:23:17","date_gmt":"2013-03-11T08:23:17","guid":{"rendered":"https:\/\/msppu.org.ua\/?page_id=7418"},"modified":"2018-05-11T10:23:44","modified_gmt":"2018-05-11T07:23:44","slug":"zarzad-msppu-z-wiceministrem-rp","status":"publish","type":"page","link":"https:\/\/msppu.org.ua\/pl\/archiwum\/zarzad-msppu-z-wiceministrem-rp\/","title":{"rendered":"Zarz\u0105d MSPPU z Wiceministrem RP"},"content":{"rendered":"<p>Szanowni Cz\u0142onkowie Stowarzyszenia!<\/p>\n<p>Uprzejmie informujemy, ze w zwi\u0105zku z wizyt\u0105 na Ukrain\u0119 Wiceministra Gospodarki RP Pana Andrzeja Dychy, 11 marca 2013 roku (poniedzia\u0142ek) odby\u0142 si\u0119 wsp\u00f3lny Zarz\u0105d MSPPU z udzia\u0142em Podsekretarza Stanu oraz kierownictwa WPHI.<\/p>\n<p>&nbsp;<\/p>\n<p>Ni\u017cej przedstawiamy Pa\u0144stwo zdj\u0119cia z posiedzenia.<\/p>\n","protected":false},"excerpt":{"rendered":"<p>Szanowni Cz\u0142onkowie Stowarzyszenia! Uprzejmie informujemy, ze w zwi\u0105zku z wizyt\u0105 na Ukrain\u0119 Wiceministra Gospodarki RP Pana Andrzeja Dychy, 11 marca 2013 roku (poniedzia\u0142ek) odby\u0142 si\u0119 wsp\u00f3lny Zarz\u0105d MSPPU z udzia\u0142em Podsekretarza Stanu oraz kierownictwa WPHI. &nbsp; Ni\u017cej przedstawiamy Pa\u0144stwo zdj\u0119cia z posiedzenia.<\/p>\n","protected":false},"author":2,"featured_media":0,"parent":7038,"menu_order":0,"comment_status":"closed","ping_status":"closed","template":"","meta":{"_acf_changed":false,"footnotes":""},"class_list":["post-7418","page","type-page","status-publish","hentry"],"acf":[],"_links":{"self":[{"href":"https:\/\/msppu.org.ua\/pl\/wp-json\/wp\/v2\/pages\/7418","targetHints":{"allow":["GET"]}}],"collection":[{"href":"https:\/\/msppu.org.ua\/pl\/wp-json\/wp\/v2\/pages"}],"about":[{"href":"https:\/\/msppu.org.ua\/pl\/wp-json\/wp\/v2\/types\/page"}],"author":[{"embeddable":true,"href":"https:\/\/msppu.org.ua\/pl\/wp-json\/wp\/v2\/users\/2"}],"replies":[{"embeddable":true,"href":"https:\/\/msppu.org.ua\/pl\/wp-json\/wp\/v2\/comments?post=7418"}],"version-history":[{"count":0,"href":"https:\/\/msppu.org.ua\/pl\/wp-json\/wp\/v2\/pages\/7418\/revisions"}],"up":[{"embeddable":true,"href":"https:\/\/msppu.org.ua\/pl\/wp-json\/wp\/v2\/pages\/7038"}],"wp:attachment":[{"href":"https:\/\/msppu.org.ua\/pl\/wp-json\/wp\/v2\/media?parent=7418"}],"curies":[{"name":"wp","href":"https:\/\/api.w.org\/{rel}","templated":true}]}}