{"id":7394,"date":"2013-05-28T10:05:06","date_gmt":"2013-05-28T07:05:06","guid":{"rendered":"https:\/\/msppu.org.ua\/?page_id=7394"},"modified":"2018-05-11T10:06:00","modified_gmt":"2018-05-11T07:06:00","slug":"walne-zgromadzenie","status":"publish","type":"page","link":"https:\/\/msppu.org.ua\/pl\/archiwum\/walne-zgromadzenie\/","title":{"rendered":"Walne Zgromadzenie"},"content":{"rendered":"<p><span lang=\"pl-PL\">Kij<\/span>\u00f3<span lang=\"pl-PL\">w<\/span>,\u00a0<span lang=\"pl-PL\">dnia\u00a0<\/span>1<span lang=\"ru-RU\">7<\/span>.0<span lang=\"ru-RU\">4<\/span>.201<span lang=\"ru-RU\">3<\/span><span lang=\"pl-PL\">r<\/span>.<\/p>\n<p lang=\"pl-PL\">Od: Prezesa Zarz\u0105du MGO MSPPU Ireneusza Derka<\/p>\n<p lang=\"pl-PL\">Do: Cz\u0142onk\u00f3w MSPPU<\/p>\n<p><span lang=\"pl-PL\">Informuj<\/span>\u0119\u00a0<span lang=\"pl-PL\">o zwo<\/span>\u0142<span lang=\"pl-PL\">aniu Walnego Zgromadzenia\u00a0<\/span><span lang=\"pl-PL\">c<\/span><span lang=\"pl-PL\">z\u0142onk\u00f3w MSPPU w dniu<\/span>\u00a0<span lang=\"pl-PL\"><strong>28<\/strong><\/span><strong>.0<\/strong><span lang=\"pl-PL\"><strong>5<\/strong><\/span><strong>.201<\/strong><span lang=\"pl-PL\"><strong>3<\/strong><\/span><strong>\u00a0<\/strong><span lang=\"pl-PL\"><strong>r<\/strong><\/span><strong>.<\/strong><span lang=\"pl-PL\"><strong>\u00a0<\/strong><\/span><span lang=\"pl-PL\">o godzinie<\/span><span lang=\"pl-PL\"><strong>\u00a018:00<\/strong><\/span><span lang=\"pl-PL\">.<\/span><\/p>\n<p><span lang=\"pl-PL\">Porz\u0105dek obrad<\/span>:<\/p>\n<ol>\n<li>\n<p lang=\"pl-PL\">Wyb\u00f3r Przewodnicz\u0105cego Zgromadzenia.<\/p>\n<\/li>\n<li><span lang=\"pl-PL\">Sprawdzenie listy obecno\u015bci i kworum<\/span>.<\/li>\n<li>\n<p lang=\"pl-PL\">Wyb\u00f3r komisji skrutacyjnej.<\/p>\n<\/li>\n<li><span lang=\"pl-PL\">Om<\/span>\u00f3<span lang=\"pl-PL\">wienie i zatwierdzenie sprawozdania Zarz\u0105du MSPPU z dzia\u0142alno\u015bci za rok 2012.<\/span><\/li>\n<li><span lang=\"pl-PL\">Om<\/span>\u00f3<span lang=\"pl-PL\">wienie i zatwierdzenie sprawozdania finansowego Zarz\u0105du MSPPU za rok 2012.<\/span><\/li>\n<li>\n<p lang=\"pl-PL\">Wyb\u00f3r Cz\u0142onk\u00f3w Komisji Rewizyjnej.<\/p>\n<\/li>\n<li><span lang=\"pl-PL\">Om<\/span>\u00f3<span lang=\"pl-PL\">wienie i zatwierdzenie sprawozdania Komisji Rewizyjnej MSPPU za 2012 rok<\/span>.<\/li>\n<li><span lang=\"pl-PL\">Om\u00f3wienie i zatwierdzenie planu dzia\u0142alno\u015bci MSPPU na rok 20<\/span>1<span lang=\"pl-PL\">3<\/span>.<\/li>\n<li>\n<p lang=\"pl-PL\">Zmiany do Statutu MSPPU.<\/p>\n<\/li>\n<li>\n<p lang=\"pl-PL\">Inne sprawy i wolne wnioski.<\/p>\n<\/li>\n<li>\n<p lang=\"pl-PL\">G\u0142osowanie wg punkt\u00f3w porz\u0105dku obrad.<\/p>\n<\/li>\n<li>\n<p lang=\"pl-PL\">Zamkni\u0119cie Walnego Zgromadzenia.<\/p>\n<\/li>\n<\/ol>\n<p><span lang=\"pl-PL\">Miejsce<\/span>:\u00a0<span lang=\"pl-PL\"><strong>Ukraina<\/strong><\/span><strong>,\u00a0<\/strong><span lang=\"pl-PL\"><strong>m. Kij\u00f3w, ul. Me\u017cygirska,\u00a0<\/strong><\/span><strong>82\u0410,\u00a0<\/strong><span lang=\"pl-PL\"><strong>korpus B<\/strong><\/span><strong>,\u00a0<\/strong><span lang=\"pl-PL\"><strong>sala konferencyjna sp\u00f3\u0142ki Plastics.<\/strong><\/span><\/p>\n<p><span lang=\"pl-PL\">Prosimy o potwierdzenie P<\/span><span lang=\"pl-PL\">a<\/span>\u0144<span lang=\"pl-PL\">stwa udzia<\/span>\u0142<span lang=\"pl-PL\">u telefonicznie:\u00a0<\/span>044-4906029\u00a0<span lang=\"pl-PL\">lub poczt<\/span>\u0105\u00a0<span lang=\"pl-PL\">elektroniczn<\/span>\u0105<span lang=\"pl-PL\">:<\/span>office@msppu.org.ua<\/p>\n<p lang=\"pl-PL\">Prezes Zarz\u0105du MSPPU Ireneusz Derek<\/p>\n","protected":false},"excerpt":{"rendered":"<p>Kij\u00f3w,\u00a0dnia\u00a017.04.2013r. Od: Prezesa Zarz\u0105du MGO MSPPU Ireneusza Derka Do: Cz\u0142onk\u00f3w MSPPU Informuj\u0119\u00a0o zwo\u0142aniu Walnego Zgromadzenia\u00a0cz\u0142onk\u00f3w MSPPU w dniu\u00a028.05.2013\u00a0r.\u00a0o godzinie\u00a018:00. Porz\u0105dek obrad: Wyb\u00f3r Przewodnicz\u0105cego Zgromadzenia. Sprawdzenie listy obecno\u015bci i kworum. Wyb\u00f3r komisji skrutacyjnej. Om\u00f3wienie i zatwierdzenie sprawozdania Zarz\u0105du MSPPU z dzia\u0142alno\u015bci za rok 2012. Om\u00f3wienie i zatwierdzenie sprawozdania finansowego Zarz\u0105du MSPPU za rok 2012. Wyb\u00f3r Cz\u0142onk\u00f3w [&hellip;]<\/p>\n","protected":false},"author":2,"featured_media":0,"parent":7038,"menu_order":0,"comment_status":"closed","ping_status":"closed","template":"","meta":{"_acf_changed":false,"footnotes":""},"class_list":["post-7394","page","type-page","status-publish","hentry"],"acf":[],"_links":{"self":[{"href":"https:\/\/msppu.org.ua\/pl\/wp-json\/wp\/v2\/pages\/7394","targetHints":{"allow":["GET"]}}],"collection":[{"href":"https:\/\/msppu.org.ua\/pl\/wp-json\/wp\/v2\/pages"}],"about":[{"href":"https:\/\/msppu.org.ua\/pl\/wp-json\/wp\/v2\/types\/page"}],"author":[{"embeddable":true,"href":"https:\/\/msppu.org.ua\/pl\/wp-json\/wp\/v2\/users\/2"}],"replies":[{"embeddable":true,"href":"https:\/\/msppu.org.ua\/pl\/wp-json\/wp\/v2\/comments?post=7394"}],"version-history":[{"count":0,"href":"https:\/\/msppu.org.ua\/pl\/wp-json\/wp\/v2\/pages\/7394\/revisions"}],"up":[{"embeddable":true,"href":"https:\/\/msppu.org.ua\/pl\/wp-json\/wp\/v2\/pages\/7038"}],"wp:attachment":[{"href":"https:\/\/msppu.org.ua\/pl\/wp-json\/wp\/v2\/media?parent=7394"}],"curies":[{"name":"wp","href":"https:\/\/api.w.org\/{rel}","templated":true}]}}