{"id":7378,"date":"2013-07-23T09:55:28","date_gmt":"2013-07-23T06:55:28","guid":{"rendered":"https:\/\/msppu.org.ua\/?page_id=7378"},"modified":"2018-05-11T09:56:45","modified_gmt":"2018-05-11T06:56:45","slug":"seminarium-kontrole-organow-podatkowych-i-celnych-aktualne-praktyki","status":"publish","type":"page","link":"https:\/\/msppu.org.ua\/pl\/archiwum\/seminarium-kontrole-organow-podatkowych-i-celnych-aktualne-praktyki\/","title":{"rendered":"Seminarium \"Kontrole organ\u00f3w podatkowych i celnych. Aktualne praktyki \u201d"},"content":{"rendered":"<p>Szanowni Pa\u0144stwo!<\/p>\n<p>W dniu 23 lipca 2013 roku zapraszamy do udzia\u0142u w \u015bniadaniu biznesowym, kt\u00f3re odb\u0119dzie si\u0119 \u00a0w godzinach \u00a0od 9.00 do 10.00 pod adresem Kij\u00f3w, ul. Wo\u0142odymyrska, 4,\u00a0 pod tytu\u0142em<br \/>\n\"Kontrole organ\u00f3w podatkowych i celnych. Aktualne praktyki \u00a0w zakresie post\u0119powania administracyjnego oraz s\u0105dowego\u201d, przygotowanym przez fachowc\u00f3w kancelarii prawnej Gide Loyrette Nouel.<\/p>\n<p>Zagadnienia, kt\u00f3re zostan\u0105 om\u00f3wione na spotkaniu, obejm\u0105 nast\u0119puj\u0105ce kwestie:<\/p>\n<p>- kontrole organ\u00f3w podatkowych i celnych (planowane i nieplanowane wyjazdowe i nie wyjazdowe faktyczne, post-audytorskie, inne), z uwzgl\u0119dnieniem ostatnich zmian w ustawodawstwie;<br \/>\n- prawa i obowi\u0105zki organ\u00f3w podatkowych podczas kontroli;<br \/>\n- prawa i obowi\u0105zki p\u0142atnika podatku;<br \/>\n- odwo\u0142ywanie si\u0119 od\/zaskar\u017cenie wynik\u00f3w kontroli, stosowane praktyki w zakresie post\u0119powania administracyjnego oraz s\u0105dowego)<br \/>\n- odpowiedzialno\u015b\u0107 p\u0142atnika podatku.<br \/>\nProsimy o przesy\u0142anie zg\u0142osze\u0144 na adres e-mailowy: office@msppu.org.ua lub faksem 044-4906029.<br \/>\nSeminarium jest organizowane przy wsparciu\u00a0 Wydzia\u0142u Promocji Handlu i Inwestycji w Kijowie.<\/p>\n<p>Zapraszamy!<br \/>\nZ powa\u017caniem,<br \/>\nZarz\u0105d MSPPU<br \/>\nWPHI w Kijowie<br \/>\nKancelaria Prawna Gide Loyrette Nouel<\/p>\n","protected":false},"excerpt":{"rendered":"<p>Szanowni Pa\u0144stwo! W dniu 23 lipca 2013 roku zapraszamy do udzia\u0142u w \u015bniadaniu biznesowym, kt\u00f3re odb\u0119dzie si\u0119 \u00a0w godzinach \u00a0od 9.00 do 10.00 pod adresem Kij\u00f3w, ul. Wo\u0142odymyrska, 4,\u00a0 pod tytu\u0142em \"Kontrole organ\u00f3w podatkowych i celnych. Aktualne praktyki \u00a0w zakresie post\u0119powania administracyjnego oraz s\u0105dowego\u201d, przygotowanym przez fachowc\u00f3w kancelarii prawnej Gide Loyrette Nouel. Zagadnienia, kt\u00f3re zostan\u0105 [&hellip;]<\/p>\n","protected":false},"author":2,"featured_media":0,"parent":7038,"menu_order":0,"comment_status":"closed","ping_status":"closed","template":"","meta":{"_acf_changed":false,"footnotes":""},"class_list":["post-7378","page","type-page","status-publish","hentry"],"acf":[],"_links":{"self":[{"href":"https:\/\/msppu.org.ua\/pl\/wp-json\/wp\/v2\/pages\/7378","targetHints":{"allow":["GET"]}}],"collection":[{"href":"https:\/\/msppu.org.ua\/pl\/wp-json\/wp\/v2\/pages"}],"about":[{"href":"https:\/\/msppu.org.ua\/pl\/wp-json\/wp\/v2\/types\/page"}],"author":[{"embeddable":true,"href":"https:\/\/msppu.org.ua\/pl\/wp-json\/wp\/v2\/users\/2"}],"replies":[{"embeddable":true,"href":"https:\/\/msppu.org.ua\/pl\/wp-json\/wp\/v2\/comments?post=7378"}],"version-history":[{"count":0,"href":"https:\/\/msppu.org.ua\/pl\/wp-json\/wp\/v2\/pages\/7378\/revisions"}],"up":[{"embeddable":true,"href":"https:\/\/msppu.org.ua\/pl\/wp-json\/wp\/v2\/pages\/7038"}],"wp:attachment":[{"href":"https:\/\/msppu.org.ua\/pl\/wp-json\/wp\/v2\/media?parent=7378"}],"curies":[{"name":"wp","href":"https:\/\/api.w.org\/{rel}","templated":true}]}}