{"id":7374,"date":"2013-07-25T09:53:29","date_gmt":"2013-07-25T06:53:29","guid":{"rendered":"https:\/\/msppu.org.ua\/?page_id=7374"},"modified":"2018-05-11T09:54:21","modified_gmt":"2018-05-11T06:54:21","slug":"spotkanie-integracyjne","status":"publish","type":"page","link":"https:\/\/msppu.org.ua\/pl\/archiwum\/spotkanie-integracyjne\/","title":{"rendered":"Spotkanie integracyjne"},"content":{"rendered":"<p>Szanowni Pa\u0144stwo,<\/p>\n<p>Zapraszamy wszystkich ch\u0119tnych na nasze tradycyjne nieformalne spotkanie integracyjne 25 lipca (czwartek) 2013 roku o godzinie 19.00<br \/>\nTym razem cz\u0142onkowie, sympatycy, partnerzy i zaproszeni go\u015bcie Stowarzyszenia spotkaj\u0105 si\u0119 przy kawie, herbatce lub kufelku piwa, w ogr\u00f3dku kawiarni<br \/>\nDom Bergonie, ul. Puszki\u0144ska 17, (stacja metro Teatralna).<\/p>\n<p>W zwi\u0105zku z konieczno\u015bci\u0105 dokonania odpowiednich rezerwacji prosimy o potwierdzenie udzia\u0142u w spotkaniu w sekretariacie MSPPU<br \/>\n- telefonicznie: +38 -044-490-60-29, -044- 331-68-60 lub - email: office@msppu.org.ua<\/p>\n<p>Serdecznie zapraszamy wszystkich zainteresowanych!<\/p>\n<p>Do zobaczenia!<\/p>\n<p>Zarz\u0105d MSPPU<\/p>\n","protected":false},"excerpt":{"rendered":"<p>Szanowni Pa\u0144stwo, Zapraszamy wszystkich ch\u0119tnych na nasze tradycyjne nieformalne spotkanie integracyjne 25 lipca (czwartek) 2013 roku o godzinie 19.00 Tym razem cz\u0142onkowie, sympatycy, partnerzy i zaproszeni go\u015bcie Stowarzyszenia spotkaj\u0105 si\u0119 przy kawie, herbatce lub kufelku piwa, w ogr\u00f3dku kawiarni Dom Bergonie, ul. Puszki\u0144ska 17, (stacja metro Teatralna). W zwi\u0105zku z konieczno\u015bci\u0105 dokonania odpowiednich rezerwacji prosimy [&hellip;]<\/p>\n","protected":false},"author":2,"featured_media":0,"parent":7038,"menu_order":0,"comment_status":"closed","ping_status":"closed","template":"","meta":{"_acf_changed":false,"footnotes":""},"class_list":["post-7374","page","type-page","status-publish","hentry"],"acf":[],"_links":{"self":[{"href":"https:\/\/msppu.org.ua\/pl\/wp-json\/wp\/v2\/pages\/7374","targetHints":{"allow":["GET"]}}],"collection":[{"href":"https:\/\/msppu.org.ua\/pl\/wp-json\/wp\/v2\/pages"}],"about":[{"href":"https:\/\/msppu.org.ua\/pl\/wp-json\/wp\/v2\/types\/page"}],"author":[{"embeddable":true,"href":"https:\/\/msppu.org.ua\/pl\/wp-json\/wp\/v2\/users\/2"}],"replies":[{"embeddable":true,"href":"https:\/\/msppu.org.ua\/pl\/wp-json\/wp\/v2\/comments?post=7374"}],"version-history":[{"count":0,"href":"https:\/\/msppu.org.ua\/pl\/wp-json\/wp\/v2\/pages\/7374\/revisions"}],"up":[{"embeddable":true,"href":"https:\/\/msppu.org.ua\/pl\/wp-json\/wp\/v2\/pages\/7038"}],"wp:attachment":[{"href":"https:\/\/msppu.org.ua\/pl\/wp-json\/wp\/v2\/media?parent=7374"}],"curies":[{"name":"wp","href":"https:\/\/api.w.org\/{rel}","templated":true}]}}