{"id":7328,"date":"2014-04-10T17:44:49","date_gmt":"2014-04-10T14:44:49","guid":{"rendered":"https:\/\/msppu.org.ua\/?page_id=7328"},"modified":"2018-05-10T17:45:38","modified_gmt":"2018-05-10T14:45:38","slug":"miedzynarodowe-forum-podatkowe","status":"publish","type":"page","link":"https:\/\/msppu.org.ua\/pl\/archiwum\/miedzynarodowe-forum-podatkowe\/","title":{"rendered":"Mi\u0119dzynarodowe forum podatkowe"},"content":{"rendered":"<p>Szanowni Pa\u0144stwo,<\/p>\n<p>Zapraszamy do udzia\u0142u w Mi\u0119dzynarodowym Forum Podatkowym, kt\u00f3re odb\u0119dzie si\u0119 10 kwietnia 2014 roku w hotelu \u201ePremier Pa\u0142ac\u201d.<\/p>\n<p>Forum jest organizowane przy wsp\u00f3lnym udziale Rady Spo\u0142ecznej Ministerstwa Dochod\u00f3w i Op\u0142at, wydawnictwa \u201eJurydyczna Praktyka\u201d, Rady Przedsi\u0119biorc\u00f3w przy Gabinecie Ministr\u00f3w Ukrainy.<\/p>\n<p>Do dnia 4 kwietnia obowi\u0105zuj\u0105 zni\u017cki na bilety. J\u0119zyki robocze Forum: rosyjski, angielski.<\/p>\n<p>Data: 10 kwietnia 2014 roku<\/p>\n<p>Miejsce: Kij\u00f3w, hotel \u201ePremier Pa\u0142ac\u201d (bulwar T. Szewczenko \/ ul. Puszki\u0144ska, 5-7\/29)<\/p>\n<p>Program oraz rejestracja: http:\/\/pravo.ua\/events\/taxforum<\/p>\n<p>Osoby kontaktowe:<\/p>\n<p>Eugenia Ru\u017cencewa, koordynator forum<br \/>\n+38 044 495 27 27 , e.ruzhentseva@pravo.ua<\/p>\n<p>Wadym Szpaczuk, kierownik dzia\u0142u reklamy<br \/>\n+38 099 290 12 44 , v.shpachuk@pravo.ua<\/p>\n<p>Sergij Romanenko, manager<br \/>\n+38\u00a0063\u00a0635 34 85, event@pravo.ua<\/p>\n","protected":false},"excerpt":{"rendered":"<p>Szanowni Pa\u0144stwo, Zapraszamy do udzia\u0142u w Mi\u0119dzynarodowym Forum Podatkowym, kt\u00f3re odb\u0119dzie si\u0119 10 kwietnia 2014 roku w hotelu \u201ePremier Pa\u0142ac\u201d. Forum jest organizowane przy wsp\u00f3lnym udziale Rady Spo\u0142ecznej Ministerstwa Dochod\u00f3w i Op\u0142at, wydawnictwa \u201eJurydyczna Praktyka\u201d, Rady Przedsi\u0119biorc\u00f3w przy Gabinecie Ministr\u00f3w Ukrainy. Do dnia 4 kwietnia obowi\u0105zuj\u0105 zni\u017cki na bilety. J\u0119zyki robocze Forum: rosyjski, angielski. Data: [&hellip;]<\/p>\n","protected":false},"author":2,"featured_media":0,"parent":7038,"menu_order":0,"comment_status":"closed","ping_status":"closed","template":"","meta":{"_acf_changed":false,"footnotes":""},"class_list":["post-7328","page","type-page","status-publish","hentry"],"acf":[],"_links":{"self":[{"href":"https:\/\/msppu.org.ua\/pl\/wp-json\/wp\/v2\/pages\/7328","targetHints":{"allow":["GET"]}}],"collection":[{"href":"https:\/\/msppu.org.ua\/pl\/wp-json\/wp\/v2\/pages"}],"about":[{"href":"https:\/\/msppu.org.ua\/pl\/wp-json\/wp\/v2\/types\/page"}],"author":[{"embeddable":true,"href":"https:\/\/msppu.org.ua\/pl\/wp-json\/wp\/v2\/users\/2"}],"replies":[{"embeddable":true,"href":"https:\/\/msppu.org.ua\/pl\/wp-json\/wp\/v2\/comments?post=7328"}],"version-history":[{"count":0,"href":"https:\/\/msppu.org.ua\/pl\/wp-json\/wp\/v2\/pages\/7328\/revisions"}],"up":[{"embeddable":true,"href":"https:\/\/msppu.org.ua\/pl\/wp-json\/wp\/v2\/pages\/7038"}],"wp:attachment":[{"href":"https:\/\/msppu.org.ua\/pl\/wp-json\/wp\/v2\/media?parent=7328"}],"curies":[{"name":"wp","href":"https:\/\/api.w.org\/{rel}","templated":true}]}}