{"id":7276,"date":"2014-10-06T17:06:15","date_gmt":"2014-10-06T14:06:15","guid":{"rendered":"https:\/\/msppu.org.ua\/?page_id=7276"},"modified":"2018-05-10T17:07:10","modified_gmt":"2018-05-10T14:07:10","slug":"umowa-stowarzyszeniowa-z-unia-europejska-nowe-perspektywy-dla-biznesu-ukrainskiego","status":"publish","type":"page","link":"https:\/\/msppu.org.ua\/pl\/archiwum\/umowa-stowarzyszeniowa-z-unia-europejska-nowe-perspektywy-dla-biznesu-ukrainskiego\/","title":{"rendered":"Umowa stowarzyszeniowa z Unia Europejska - nowe perspektywy dla biznesu ukrai\u0144skiego!"},"content":{"rendered":"<p>Szanowni Pa\u0144stwo!<br \/>\nW dniu 16 wrze\u015bnia Rada Najwy\u017csza Ukrainy i Parlament Europejski ratyfikowa\u0142y Umow\u0119 stowarzyszeniow\u0105 z Uni\u0105 Europejsk\u0105, kt\u00f3ra otwiera nowe perspektywy dla biznesu ukrai\u0144skiego.<br \/>\nW celu zapoznania przedstawicieli biznesu z mo\u017cliwo\u015bciami wej\u015bcia na rynek europejski, Mi\u0119dzynarodowe Centrum Prawne \"EUCON\" wsp\u00f3lnie z Mi\u0119dzynarodowym Zwi\u0105zkiem Audytorskim i Polsko-Ukrainsk\u0105 Izb\u0105 Gospodarcz\u0105 w dniu 6 listopada 2014 roku przeprowadz\u0105 I Forum Mi\u0119dzynarodowe \"Polski Biznes Dzie\u0144\", kt\u00f3re odb\u0119dzie si\u0119 w m. Kijowie w hotelu Fairmont Grand.<br \/>\nCelem tego przedsi\u0119wzi\u0119cia jest zapoznanie:<br \/>\n- z potencja\u0142em inwestycyjnym Rzeczypospolitej Polskij;<br \/>\n- z mo\u017cliwo\u015bciami zapocz\u0105tkowania w\u0142asnej dzia\u0142alno\u015bci gospodarczej w krajach UE (na przyk\u0142adzie Rzeczypospolitej Polskiej);<br \/>\n- z zasadami prowadzenia dzia\u0142alno\u015bci gospodarczej w krajach UE,<br \/>\n- z warunkami nabycia aktyw\u00f3w, praw korporacyjnych, nieruchomo\u015bci,<br \/>\n- z zasadami certyfikacji i standaryzacji produkt\u00f3w przy ich eksporcie na rynki UE.<br \/>\n- z podstawowymi za\u0142o\u017ceniami polityki migracyjnej Rzeczypospolitej Polskiej.<br \/>\nSerdecznie zapraszamy do uczestnictwa w przedsi\u0119wzi\u0119ciu przedstawicieli k\u00f3\u0142 biznesowych, zainteresowanych wsp\u00f3\u0142praca z krajami UE, a z Rzeczpospolita Polska w szczeg\u00f3lno\u015bci.<br \/>\nW za\u0142\u0105czniku mo\u017cecie Pa\u0144stwo zapozna\u0107 si\u0119 z programem przedsi\u0119wzi\u0119cia.<\/p>\n<p>Rejestracja na stronach internetowych:<\/p>\n<p>www.iau.ua<\/p>\n<p>www.eucon.ua<\/p>\n<p>Kontakty:<\/p>\n<p>e-mail:events@iau.ua<\/p>\n<p>tel.\/faks: +380 44 238 09 44;<\/p>\n<p>tel\/ faks: +380 44 238 09 13<\/p>\n","protected":false},"excerpt":{"rendered":"<p>Szanowni Pa\u0144stwo! W dniu 16 wrze\u015bnia Rada Najwy\u017csza Ukrainy i Parlament Europejski ratyfikowa\u0142y Umow\u0119 stowarzyszeniow\u0105 z Uni\u0105 Europejsk\u0105, kt\u00f3ra otwiera nowe perspektywy dla biznesu ukrai\u0144skiego. W celu zapoznania przedstawicieli biznesu z mo\u017cliwo\u015bciami wej\u015bcia na rynek europejski, Mi\u0119dzynarodowe Centrum Prawne \"EUCON\" wsp\u00f3lnie z Mi\u0119dzynarodowym Zwi\u0105zkiem Audytorskim i Polsko-Ukrainsk\u0105 Izb\u0105 Gospodarcz\u0105 w dniu 6 listopada 2014 roku [&hellip;]<\/p>\n","protected":false},"author":2,"featured_media":0,"parent":7038,"menu_order":0,"comment_status":"closed","ping_status":"closed","template":"","meta":{"_acf_changed":false,"footnotes":""},"class_list":["post-7276","page","type-page","status-publish","hentry"],"acf":[],"_links":{"self":[{"href":"https:\/\/msppu.org.ua\/pl\/wp-json\/wp\/v2\/pages\/7276","targetHints":{"allow":["GET"]}}],"collection":[{"href":"https:\/\/msppu.org.ua\/pl\/wp-json\/wp\/v2\/pages"}],"about":[{"href":"https:\/\/msppu.org.ua\/pl\/wp-json\/wp\/v2\/types\/page"}],"author":[{"embeddable":true,"href":"https:\/\/msppu.org.ua\/pl\/wp-json\/wp\/v2\/users\/2"}],"replies":[{"embeddable":true,"href":"https:\/\/msppu.org.ua\/pl\/wp-json\/wp\/v2\/comments?post=7276"}],"version-history":[{"count":0,"href":"https:\/\/msppu.org.ua\/pl\/wp-json\/wp\/v2\/pages\/7276\/revisions"}],"up":[{"embeddable":true,"href":"https:\/\/msppu.org.ua\/pl\/wp-json\/wp\/v2\/pages\/7038"}],"wp:attachment":[{"href":"https:\/\/msppu.org.ua\/pl\/wp-json\/wp\/v2\/media?parent=7276"}],"curies":[{"name":"wp","href":"https:\/\/api.w.org\/{rel}","templated":true}]}}