{"id":7268,"date":"2015-02-05T16:54:31","date_gmt":"2015-02-05T14:54:31","guid":{"rendered":"https:\/\/msppu.org.ua\/?page_id=7268"},"modified":"2018-05-10T16:56:21","modified_gmt":"2018-05-10T13:56:21","slug":"seminarium-pt-zmiany-w-systemie-podatkowym-2015-zastosowanie-praktyczne-w-ksiegowosci","status":"publish","type":"page","link":"https:\/\/msppu.org.ua\/pl\/archiwum\/seminarium-pt-zmiany-w-systemie-podatkowym-2015-zastosowanie-praktyczne-w-ksiegowosci\/","title":{"rendered":"Seminarium pt \u201cZmiany w systemie podatkowym 2015: zastosowanie praktyczne w ksi\u0119gowo\u015bci\u201d"},"content":{"rendered":"<p><span lang=\"pl-PL\"><strong>Szanowni Pa\u0144stwo,<\/strong><\/span><\/p>\n<p align=\"JUSTIFY\"><span lang=\"pl-PL\"><strong>5 lutego 2015 roku<\/strong><\/span><span lang=\"pl-PL\">\u00a0Polsko-Ukrai\u0144ska Izba Gospodarcza, Mi\u0119dzynarodowe Stowarzyszenie Przedsi\u0119biorc\u00f3w Polskich na Ukrainie przy wsparciu Wydzia\u0142u<\/span><\/p>\n<p><span lang=\"pl-PL\">Ekonomicznego Ambasady Rzeczypospolitej Polski na Ukrainie, Wydzia\u0142u Promocji Handlu i Inwestycji Ambasady Rzeczypospolitej Polski na Ukrainie organizuj\u0105 seminarium pt \u201cZmiany w systemie podatkowym 2015: zastosowanie praktyczne w ksi\u0119gowo\u015bci\u201d.<\/span><\/p>\n<p><span lang=\"pl-PL\">Celem spotkania jest om\u00f3wienie zmian, kt\u00f3re zasz\u0142y w ustawodawstwie podatkowym.<\/span><\/p>\n<p><span lang=\"pl-PL\">Zapraszamy przedstawicieli s\u0142u\u017cb ksi\u0119gowych i finansowych do udzia\u0142u w spotkaniu.<\/span><\/p>\n<p align=\"JUSTIFY\"><span lang=\"pl-PL\">Pocz\u0105tek rejestracji: 09:30<\/span><\/p>\n<p align=\"JUSTIFY\"><span lang=\"pl-PL\">Czas trwania: 10.00 \u2013 14.00<\/span><\/p>\n<p align=\"JUSTIFY\"><span lang=\"pl-PL\">Miejsce: m. Kij\u00f3w, ul. Jaros\u0142awiw Wa\u0142 12 (Ambasada Rzeczypospolitej Polski na Ukrainie)<\/span><\/p>\n<p><span lang=\"pl-PL\">Warunkiem udzia\u0142u jest rejestracja - mailem na adres\u00a0<\/span><a href=\"mailto:office@msppu.org.ua\"><span lang=\"pl-PL\">office@msppu.org.ua<\/span><\/a><\/p>\n<p><span lang=\"pl-PL\">Referenci: fachowcy od podatk\u00f3w i prawa Mi\u0119dzynarodowego Centrum Prawniczego \u201cEUCON\u201d -\u00a0<\/span><a href=\"http:\/\/www.eucon.ua\/\"><span lang=\"pl-PL\">http:\/\/www.eucon.ua<\/span><\/a><\/p>\n<p><span lang=\"pl-PL\">Zapozna\u0107 si\u0119 z programem spotkania oraz zarejestrawa\u0107 si\u0119 mo\u017cna na stronach internetowych\u00a0Mi\u0119dzynarodowego Stowarzyszenia Przedsi\u0119biorc\u00f3w Polskich na Ukrainie.<\/span><\/p>\n<p align=\"JUSTIFY\"><span lang=\"pl-PL\">Udzial w seminarium jest bezpatny. W zwi\u0105zku z ograniczon\u0105 ilo\u015bci\u0105 miejsc prosimy o przesy\u0142anie zg\u0142osze\u0144 w najbli\u017cszym terminie.<\/span><\/p>\n","protected":false},"excerpt":{"rendered":"<p>Szanowni Pa\u0144stwo, 5 lutego 2015 roku\u00a0Polsko-Ukrai\u0144ska Izba Gospodarcza, Mi\u0119dzynarodowe Stowarzyszenie Przedsi\u0119biorc\u00f3w Polskich na Ukrainie przy wsparciu Wydzia\u0142u Ekonomicznego Ambasady Rzeczypospolitej Polski na Ukrainie, Wydzia\u0142u Promocji Handlu i Inwestycji Ambasady Rzeczypospolitej Polski na Ukrainie organizuj\u0105 seminarium pt \u201cZmiany w systemie podatkowym 2015: zastosowanie praktyczne w ksi\u0119gowo\u015bci\u201d. Celem spotkania jest om\u00f3wienie zmian, kt\u00f3re zasz\u0142y w ustawodawstwie podatkowym. [&hellip;]<\/p>\n","protected":false},"author":2,"featured_media":0,"parent":7038,"menu_order":0,"comment_status":"closed","ping_status":"closed","template":"","meta":{"_acf_changed":false,"footnotes":""},"class_list":["post-7268","page","type-page","status-publish","hentry"],"acf":[],"_links":{"self":[{"href":"https:\/\/msppu.org.ua\/pl\/wp-json\/wp\/v2\/pages\/7268","targetHints":{"allow":["GET"]}}],"collection":[{"href":"https:\/\/msppu.org.ua\/pl\/wp-json\/wp\/v2\/pages"}],"about":[{"href":"https:\/\/msppu.org.ua\/pl\/wp-json\/wp\/v2\/types\/page"}],"author":[{"embeddable":true,"href":"https:\/\/msppu.org.ua\/pl\/wp-json\/wp\/v2\/users\/2"}],"replies":[{"embeddable":true,"href":"https:\/\/msppu.org.ua\/pl\/wp-json\/wp\/v2\/comments?post=7268"}],"version-history":[{"count":0,"href":"https:\/\/msppu.org.ua\/pl\/wp-json\/wp\/v2\/pages\/7268\/revisions"}],"up":[{"embeddable":true,"href":"https:\/\/msppu.org.ua\/pl\/wp-json\/wp\/v2\/pages\/7038"}],"wp:attachment":[{"href":"https:\/\/msppu.org.ua\/pl\/wp-json\/wp\/v2\/media?parent=7268"}],"curies":[{"name":"wp","href":"https:\/\/api.w.org\/{rel}","templated":true}]}}