{"id":7260,"date":"2015-03-02T16:50:23","date_gmt":"2015-03-02T14:50:23","guid":{"rendered":"https:\/\/msppu.org.ua\/?page_id=7260"},"modified":"2018-05-10T16:51:00","modified_gmt":"2018-05-10T13:51:00","slug":"miedzynarodowy-konkurs-projektow-inwestycyjnych-2","status":"publish","type":"page","link":"https:\/\/msppu.org.ua\/pl\/archiwum\/miedzynarodowy-konkurs-projektow-inwestycyjnych-2\/","title":{"rendered":"Mi\u0119dzynarodowy konkurs projekt\u00f3w inwestycyjnych"},"content":{"rendered":"<div><strong>W dniu 2 marca 2015 roku<\/strong>\u00a0<strong>wystartowa\u0142 Mi\u0119dzynarodowy konkurs projekt\u00f3w inwestycyjnych,\u00a0<\/strong>zorganizowany przez :<\/div>\n<div>Mi\u0119dzynarodowe Centrum Prawne EUCON<\/div>\n<div>Polsko-Ukrai\u0144sk\u0105 Izb\u0119 Gospodarcz\u0105<\/div>\n<div>Mi\u0119dzynarodowy Zwi\u0105zek Audytorski<\/div>\n<div>Konkurs ko\u0144czy si\u0119 z dniem 15 maja 2015 roku w Warszawie,\u00a0 gdzie zostan\u0105 wy\u0142onieni zwyci\u0119zcy.<\/div>\n<div><\/div>\n<div>W celu przyst\u0105pienia do konkursu wystarczy z\u0142o\u017cy\u0107 wniosek o dopuszczenie do udzia\u0142u w konkursie, zgodnie z wymaganiami i w terminie, okre\u015blonym w\u00a0 Regulaminie mi\u0119dzynarodowego konkursu projekt\u00f3w inwestycyjnych.<\/div>\n<div><\/div>\n<div>Prezentacja 25 najlepszych projekt\u00f3w odb\u0119dzie si\u0119 w ramach corocznego Forum Mi\u0119dzynarodowego \u201cDZIE\u0143 BIZNESU UKRAI\u0143SKIEGO \u201c, kt\u00f3re odb\u0119dzie si\u0119 w dniach 14-15 maja 2015 roku w Warszawie.<\/div>\n<div>25 finalist\u00f3w Konkursu otrzymaj\u0105 mo\u017cliwo\u015b\u0107 prezentacji w\u0142asnego projektu dla przedstawicieli polskiego Rz\u0105du oraz polskich k\u00f3\u0142 biznesowych.<\/div>\n<div>Dla 5 zwyci\u0119zc\u00f3w otworz\u0105\u00a0 si\u0119 dodatkowe mo\u017cliwo\u015bci w zakresie realizacji swoich projekt\u00f3w na terytorium\u00a0 Rzeczypospolitej\u00a0 Polskiej.<\/div>\n<div>Celem tego przedsi\u0119wzi\u0119cia jest pomoc ukrai\u0144skiemu biznesowi przy wej\u015bciu na rynek europejski.<\/div>\n<div><\/div>\n<div>Detale:\u00a0<a href=\"http:\/\/eucon.ua\/?p=991\">http:\/\/eucon.ua\/?p=991<\/a><\/div>\n","protected":false},"excerpt":{"rendered":"<p>W dniu 2 marca 2015 roku\u00a0wystartowa\u0142 Mi\u0119dzynarodowy konkurs projekt\u00f3w inwestycyjnych,\u00a0zorganizowany przez : Mi\u0119dzynarodowe Centrum Prawne EUCON Polsko-Ukrai\u0144sk\u0105 Izb\u0119 Gospodarcz\u0105 Mi\u0119dzynarodowy Zwi\u0105zek Audytorski Konkurs ko\u0144czy si\u0119 z dniem 15 maja 2015 roku w Warszawie,\u00a0 gdzie zostan\u0105 wy\u0142onieni zwyci\u0119zcy. W celu przyst\u0105pienia do konkursu wystarczy z\u0142o\u017cy\u0107 wniosek o dopuszczenie do udzia\u0142u w konkursie, zgodnie z wymaganiami i [&hellip;]<\/p>\n","protected":false},"author":2,"featured_media":0,"parent":7038,"menu_order":0,"comment_status":"closed","ping_status":"closed","template":"","meta":{"_acf_changed":false,"footnotes":""},"class_list":["post-7260","page","type-page","status-publish","hentry"],"acf":[],"_links":{"self":[{"href":"https:\/\/msppu.org.ua\/pl\/wp-json\/wp\/v2\/pages\/7260","targetHints":{"allow":["GET"]}}],"collection":[{"href":"https:\/\/msppu.org.ua\/pl\/wp-json\/wp\/v2\/pages"}],"about":[{"href":"https:\/\/msppu.org.ua\/pl\/wp-json\/wp\/v2\/types\/page"}],"author":[{"embeddable":true,"href":"https:\/\/msppu.org.ua\/pl\/wp-json\/wp\/v2\/users\/2"}],"replies":[{"embeddable":true,"href":"https:\/\/msppu.org.ua\/pl\/wp-json\/wp\/v2\/comments?post=7260"}],"version-history":[{"count":0,"href":"https:\/\/msppu.org.ua\/pl\/wp-json\/wp\/v2\/pages\/7260\/revisions"}],"up":[{"embeddable":true,"href":"https:\/\/msppu.org.ua\/pl\/wp-json\/wp\/v2\/pages\/7038"}],"wp:attachment":[{"href":"https:\/\/msppu.org.ua\/pl\/wp-json\/wp\/v2\/media?parent=7260"}],"curies":[{"name":"wp","href":"https:\/\/api.w.org\/{rel}","templated":true}]}}