{"id":7252,"date":"2015-07-22T16:45:30","date_gmt":"2015-07-22T13:45:30","guid":{"rendered":"https:\/\/msppu.org.ua\/?page_id=7252"},"modified":"2018-05-10T16:46:08","modified_gmt":"2018-05-10T13:46:08","slug":"zaproszenie-okragly-stol-nt-zman-w-systemie-podatkowym","status":"publish","type":"page","link":"https:\/\/msppu.org.ua\/pl\/archiwum\/zaproszenie-okragly-stol-nt-zman-w-systemie-podatkowym\/","title":{"rendered":"Zaproszenie - okragly stol nt zman w systemie podatkowym"},"content":{"rendered":"<p>Szanowni Koledzy,<\/p>\n<p><strong>22 lipca 2015 roku\u00a0<\/strong><strong>o godzinie 14-00<\/strong><\/p>\n<p><strong>w Izbie Przemys\u0142owo-Handlowej Ukrainy<\/strong>, pod adresem:<\/p>\n<p><strong>ul. Du\u017ca \u017bytomierski, 33, aud. 401<\/strong><\/p>\n<p>odb\u0119dzie si\u0119<\/p>\n<p><strong>wsp\u00f3lny okr\u0105g\u0142y st\u00f3\u0142 komitetu podatkowego Izby Przemys\u0142owo-Handlowej\u00a0<\/strong><strong>Ukrainy oraz Mi\u0119dzynarodowego Stowarzyszenia Przedsi\u0119biorc\u00f3w Polskich na\u00a0<\/strong><strong>Ukrainie (MSPPU)<\/strong><\/p>\n<p>Tematy poruszane:<\/p>\n<p>(1) Najnowsze zmiany w przepisach (VAT-faktury, PPO): dyskusja. Praktyczne<\/p>\n<p>konsekwencji dla biznesu;<\/p>\n<p>(2) Perspektywiczne projekty i pomys\u0142y w ramach koncepcji reformy systemu podatkowego (TCO, podatek dochodowy, reforma\u00a0 opodatkowania PIT i ERU, zarz\u0105dzanie).<\/p>\n<p>Moderatorzy:<\/p>\n<p>Dmitrij Mychailenko (Przewodnicz\u0105cy Komitetu Podatkowego Izby Przemys\u0142owo-Handlowej Ukrainy);<\/p>\n<p>Olga Bogdanowa (Przewodnicz\u0105ca Komisji Rewizyjnej MSPPU).<\/p>\n<p>W okr\u0105g\u0142ym stole wezm\u0105 udzia\u0142 eksperci, przedstawiciele biznesu, przedstawiciele w\u0142adz.<\/p>\n<p>Udzia\u0142 jest bezp\u0142atny. Konieczna jest rejestracja:<\/p>\n<p><a href=\"mailto:tatiana.knyazeva.ext@gmail.com\" target=\"_self\">tatiana.knyazeva.ext@gmail.com<\/a>,\u00a0<a href=\"mailto:n.matvienko@omp.ua\" target=\"_self\">n.matvienko@omp.ua<\/a><\/p>\n<p>lub telefonicznie (044) 4906029.<\/p>\n<p>Z powa\u017caniem,<\/p>\n<p>MSPPU<\/p>\n","protected":false},"excerpt":{"rendered":"<p>Szanowni Koledzy, 22 lipca 2015 roku\u00a0o godzinie 14-00 w Izbie Przemys\u0142owo-Handlowej Ukrainy, pod adresem: ul. Du\u017ca \u017bytomierski, 33, aud. 401 odb\u0119dzie si\u0119 wsp\u00f3lny okr\u0105g\u0142y st\u00f3\u0142 komitetu podatkowego Izby Przemys\u0142owo-Handlowej\u00a0Ukrainy oraz Mi\u0119dzynarodowego Stowarzyszenia Przedsi\u0119biorc\u00f3w Polskich na\u00a0Ukrainie (MSPPU) Tematy poruszane: (1) Najnowsze zmiany w przepisach (VAT-faktury, PPO): dyskusja. Praktyczne konsekwencji dla biznesu; (2) Perspektywiczne projekty i pomys\u0142y [&hellip;]<\/p>\n","protected":false},"author":2,"featured_media":0,"parent":7038,"menu_order":0,"comment_status":"closed","ping_status":"closed","template":"","meta":{"_acf_changed":false,"footnotes":""},"class_list":["post-7252","page","type-page","status-publish","hentry"],"acf":[],"_links":{"self":[{"href":"https:\/\/msppu.org.ua\/pl\/wp-json\/wp\/v2\/pages\/7252","targetHints":{"allow":["GET"]}}],"collection":[{"href":"https:\/\/msppu.org.ua\/pl\/wp-json\/wp\/v2\/pages"}],"about":[{"href":"https:\/\/msppu.org.ua\/pl\/wp-json\/wp\/v2\/types\/page"}],"author":[{"embeddable":true,"href":"https:\/\/msppu.org.ua\/pl\/wp-json\/wp\/v2\/users\/2"}],"replies":[{"embeddable":true,"href":"https:\/\/msppu.org.ua\/pl\/wp-json\/wp\/v2\/comments?post=7252"}],"version-history":[{"count":0,"href":"https:\/\/msppu.org.ua\/pl\/wp-json\/wp\/v2\/pages\/7252\/revisions"}],"up":[{"embeddable":true,"href":"https:\/\/msppu.org.ua\/pl\/wp-json\/wp\/v2\/pages\/7038"}],"wp:attachment":[{"href":"https:\/\/msppu.org.ua\/pl\/wp-json\/wp\/v2\/media?parent=7252"}],"curies":[{"name":"wp","href":"https:\/\/api.w.org\/{rel}","templated":true}]}}