{"id":7240,"date":"2015-09-16T16:39:31","date_gmt":"2015-09-16T13:39:31","guid":{"rendered":"https:\/\/msppu.org.ua\/?page_id=7240"},"modified":"2018-05-10T16:40:40","modified_gmt":"2018-05-10T13:40:40","slug":"16-17-wrzesnia-2015-roku-odbedzie-sie-praktyczne-seminarium-otwarcie-biznesu-w-polsce-od-a-do-z","status":"publish","type":"page","link":"https:\/\/msppu.org.ua\/pl\/archiwum\/16-17-wrzesnia-2015-roku-odbedzie-sie-praktyczne-seminarium-otwarcie-biznesu-w-polsce-od-a-do-z\/","title":{"rendered":"16-17 wrze\u015bnia 2015 roku odb\u0119dzie si\u0119 praktyczne seminarium \"OTWARCIE BIZNESU W POLSCE: od A do \u017b\""},"content":{"rendered":"<p>Szanowni Panstwo!<\/p>\n<p>&nbsp;<\/p>\n<p>W dniu 16, 17 wrze\u015bnia 2015 roku w \u00abSmartville. Wilnyj prostir\u00bb (Kij\u00f3w, ul. Bulwar T. Szewczenka, 36a, II pi\u0119tro) odb\u0119dzie\u00a0 si\u0119 seminarium praktyczne \"OTWARCIE BIZNESU W POLSCE: od A do Z\", w ramach kt\u00f3rego mo\u017cna dowiedzie\u0107 si\u0119 o aspektach ekonomicznych i prawnych wej\u015bcia na rynek UE, w szczeg\u00f3lno\u015bci przez otwarcie biznesu w Polsce. Seminarium zostanie zorganizowane przy wsparciu Wydzia\u0142u Promocji Handlu i Inwestycji Ambasady Rzeczypospolitej Polskiej na Ukrainie.<\/p>\n<p>Organizatorami przedsi\u0119wzi\u0119cia s\u0105 Mi\u0119dzynarodowe Centrum Prawnicze \"EUCON\", Polsko-Ukrai\u0144ska Izba Gospodarcza.<\/p>\n<p>&nbsp;<\/p>\n<p>W ramach przedsi\u0119wzi\u0119cia odb\u0119dzie si\u0119 om\u00f3wienie takich temat\u00f3w:<\/p>\n<p>&nbsp;<\/p>\n<ul>\n<li>okre\u015blenie aktualnych mo\u017cliwo\u015bci inwestycyjnych w Polsce;<\/li>\n<li>znalezienie odpowiedzi na pytania rejestracji sp\u00f3\u0142ek w Polsce;<\/li>\n<li>prowadzenie ksi\u0105g rachunkowych;<\/li>\n<li>om\u00f3wienie modeli minimalizacji ryzyka w zakresie planowania podatkowego i kwestii dot. prowadzenia ewidencji ksi\u0119gowej;<\/li>\n<li>udzielenie informacji dotycz\u0105cych uzyskania czasowego lub sta\u0142ego\u00a0 pobytu<\/li>\n<li>mo\u017cliwo\u015b\u0107 otrzymania wizy pracowniczej oraz biznesowej;<\/li>\n<li>mo\u017cliwo\u015b\u0107 nabycia prawa w\u0142asno\u015bci na nieruchomo\u015bci w Polsce.<\/li>\n<\/ul>\n<p>&nbsp;<\/p>\n<p>Zapraszamy do uczestniczenia w zorganizowanym przez nas szkoleniu potencjalnych inwestor\u00f3w, w\u0142a\u015bcicieli biznesu, kierownik\u00f3w firm, zainteresowanych w rozszerzeniu biznesu i poszukiwaniu nowych rynk\u00f3w zbytu.<\/p>\n<p>Zapozna\u0107 si\u0119 z programem seminarium i zarejestrowa\u0107 si\u0119 mo\u017cna pod linkiem:<\/p>\n<p><a href=\"http:\/\/eucon.ua\/uk\/vidkryttya-biznesu-v-polska\/\" target=\"_blank\" rel=\"noopener\">http:\/\/eucon.ua\/uk\/vidkryttya-biznesu-v-polska\/<\/a><strong>\u00a0<\/strong><\/p>\n<p>&nbsp;<\/p>\n<p>Informacja dotycz\u0105ca przeprowadzenia nast\u0119pnych seminari\u00f3w b\u0119dzie opublikowana na naszej stronie internetowej\u00a0<a href=\"http:\/\/eucon.ua\/pl\/vidkryttya-biznesu-v-polska\/\" target=\"_blank\" rel=\"noopener\">Mi\u0119dzynarodowego Centrum Prawniczego \u201eEUCON\u201d.<\/a><\/p>\n","protected":false},"excerpt":{"rendered":"<p>Szanowni Panstwo! &nbsp; W dniu 16, 17 wrze\u015bnia 2015 roku w \u00abSmartville. Wilnyj prostir\u00bb (Kij\u00f3w, ul. Bulwar T. Szewczenka, 36a, II pi\u0119tro) odb\u0119dzie\u00a0 si\u0119 seminarium praktyczne \"OTWARCIE BIZNESU W POLSCE: od A do Z\", w ramach kt\u00f3rego mo\u017cna dowiedzie\u0107 si\u0119 o aspektach ekonomicznych i prawnych wej\u015bcia na rynek UE, w szczeg\u00f3lno\u015bci przez otwarcie biznesu w [&hellip;]<\/p>\n","protected":false},"author":2,"featured_media":0,"parent":7038,"menu_order":0,"comment_status":"closed","ping_status":"closed","template":"","meta":{"_acf_changed":false,"footnotes":""},"class_list":["post-7240","page","type-page","status-publish","hentry"],"acf":[],"_links":{"self":[{"href":"https:\/\/msppu.org.ua\/pl\/wp-json\/wp\/v2\/pages\/7240","targetHints":{"allow":["GET"]}}],"collection":[{"href":"https:\/\/msppu.org.ua\/pl\/wp-json\/wp\/v2\/pages"}],"about":[{"href":"https:\/\/msppu.org.ua\/pl\/wp-json\/wp\/v2\/types\/page"}],"author":[{"embeddable":true,"href":"https:\/\/msppu.org.ua\/pl\/wp-json\/wp\/v2\/users\/2"}],"replies":[{"embeddable":true,"href":"https:\/\/msppu.org.ua\/pl\/wp-json\/wp\/v2\/comments?post=7240"}],"version-history":[{"count":0,"href":"https:\/\/msppu.org.ua\/pl\/wp-json\/wp\/v2\/pages\/7240\/revisions"}],"up":[{"embeddable":true,"href":"https:\/\/msppu.org.ua\/pl\/wp-json\/wp\/v2\/pages\/7038"}],"wp:attachment":[{"href":"https:\/\/msppu.org.ua\/pl\/wp-json\/wp\/v2\/media?parent=7240"}],"curies":[{"name":"wp","href":"https:\/\/api.w.org\/{rel}","templated":true}]}}