{"id":7216,"date":"2015-10-24T16:13:53","date_gmt":"2015-10-24T13:13:53","guid":{"rendered":"https:\/\/msppu.org.ua\/?page_id=7216"},"modified":"2018-05-10T16:14:40","modified_gmt":"2018-05-10T13:14:40","slug":"projekcja-polskiego-filmu-uklad-zamkniety-w-sobote-24-pazdziernika-o-17-00","status":"publish","type":"page","link":"https:\/\/msppu.org.ua\/pl\/archiwum\/projekcja-polskiego-filmu-uklad-zamkniety-w-sobote-24-pazdziernika-o-17-00\/","title":{"rendered":"Projekcja polskiego filmu \"Uk\u0142ad zamkni\u0119ty\" w sobot\u0119 24 pa\u017adziernika o 17:00"},"content":{"rendered":"<p>Szanowni Pa\u0144stwo<\/p>\n<p>Wydzia\u0142 Konsularny Ambasady Polskiej w Kijowie ma przyjemno\u015b\u0107 zaprosi\u0107 Pa\u0144stwa na seans filmu \"Uk\u0142ad zamkni\u0119ty\" w re\u017cyserii Ryszarda Bugajskiego.<\/p>\n<p>Projekcja odb\u0119dzie si\u0119 w sobot\u0119 24 pa\u017adziernika o 17:00 w Kinoteatrze \u00abLira\u00bb im. \u0421zapajewa, co znajduje si\u0119 pod adresem m. Kij\u00f3w, ul. Wielka \u017bytomierska 40.<\/p>\n<p>Projekcja odb\u0119dzie si\u0119 w j\u0119zyku polskim.<\/p>\n<p>Wst\u0119p wolny.<\/p>\n<p>Serdecznie zapraszamy do udzia\u0142u!<\/p>\n<p>&nbsp;<\/p>\n<p>Z powa\u017caniem,<\/p>\n<p>Zarz\u0105d MSPPU<\/p>\n","protected":false},"excerpt":{"rendered":"<p>Szanowni Pa\u0144stwo Wydzia\u0142 Konsularny Ambasady Polskiej w Kijowie ma przyjemno\u015b\u0107 zaprosi\u0107 Pa\u0144stwa na seans filmu \"Uk\u0142ad zamkni\u0119ty\" w re\u017cyserii Ryszarda Bugajskiego. Projekcja odb\u0119dzie si\u0119 w sobot\u0119 24 pa\u017adziernika o 17:00 w Kinoteatrze \u00abLira\u00bb im. \u0421zapajewa, co znajduje si\u0119 pod adresem m. Kij\u00f3w, ul. Wielka \u017bytomierska 40. Projekcja odb\u0119dzie si\u0119 w j\u0119zyku polskim. Wst\u0119p wolny. Serdecznie [&hellip;]<\/p>\n","protected":false},"author":2,"featured_media":0,"parent":7038,"menu_order":0,"comment_status":"closed","ping_status":"closed","template":"","meta":{"_acf_changed":false,"footnotes":""},"class_list":["post-7216","page","type-page","status-publish","hentry"],"acf":[],"_links":{"self":[{"href":"https:\/\/msppu.org.ua\/pl\/wp-json\/wp\/v2\/pages\/7216","targetHints":{"allow":["GET"]}}],"collection":[{"href":"https:\/\/msppu.org.ua\/pl\/wp-json\/wp\/v2\/pages"}],"about":[{"href":"https:\/\/msppu.org.ua\/pl\/wp-json\/wp\/v2\/types\/page"}],"author":[{"embeddable":true,"href":"https:\/\/msppu.org.ua\/pl\/wp-json\/wp\/v2\/users\/2"}],"replies":[{"embeddable":true,"href":"https:\/\/msppu.org.ua\/pl\/wp-json\/wp\/v2\/comments?post=7216"}],"version-history":[{"count":0,"href":"https:\/\/msppu.org.ua\/pl\/wp-json\/wp\/v2\/pages\/7216\/revisions"}],"up":[{"embeddable":true,"href":"https:\/\/msppu.org.ua\/pl\/wp-json\/wp\/v2\/pages\/7038"}],"wp:attachment":[{"href":"https:\/\/msppu.org.ua\/pl\/wp-json\/wp\/v2\/media?parent=7216"}],"curies":[{"name":"wp","href":"https:\/\/api.w.org\/{rel}","templated":true}]}}