{"id":7206,"date":"2015-11-19T16:07:31","date_gmt":"2015-11-19T14:07:31","guid":{"rendered":"https:\/\/msppu.org.ua\/?page_id=7206"},"modified":"2018-05-10T16:08:10","modified_gmt":"2018-05-10T13:08:10","slug":"online-premiera-opery-wielkiego-teatru-straszny-dwor-19-listopada-2015-roku","status":"publish","type":"page","link":"https:\/\/msppu.org.ua\/pl\/archiwum\/online-premiera-opery-wielkiego-teatru-straszny-dwor-19-listopada-2015-roku\/","title":{"rendered":"Online premiera opery Wielkiego Teatru \"Straszny Dw\u00f3r\" 19 listopada 2015 roku"},"content":{"rendered":"<p lang=\"uk-UA\">Szanowni Kole\u017canki, Koledzy, Przyjaciele!<\/p>\n<p lang=\"zxx\">Jest mo\u017cliwo\u015b\u0107\u00a0<span lang=\"pl-PL\">obejrzenia\u00a0<\/span>online premier<span lang=\"pl-PL\">y<\/span>\u00a0<span lang=\"pl-PL\">opery<\/span>\u00a0<span lang=\"en-US\">Wielkego Teatru\u00a0<\/span>\"Straszny Dw\u00f3r\" kt\u00f3ra odb\u0119dzie si\u0119 w Warszawie 19.11.15.<\/p>\n<p lang=\"zxx\">Wszystkich zainteresowanych zapraszam<span lang=\"pl-PL\">y<\/span>\u00a0do monitor\u00f3w 19.11.15 o godz. 20.00 (czasu u<span lang=\"pl-PL\">krai\u0144skiego<\/span>) na poni\u017cszym linku:\u00a0<a href=\"http:\/\/www.theoperaplatform.eu\/en\">http:\/\/www.theoperaplatform.eu\/en<\/a>\u00a0lub\u00a0<a href=\"http:\/\/vod.teatrwielki.pl\/\" target=\"_blank\" rel=\"noopener\">http:\/\/vod.teatrwielki.pl\/<\/a>.<\/p>\n<p lang=\"zxx\">W przysz\u0142o\u015bci mo\u017cemy pomy\u015ble\u0107 o jakim\u015b fajnym miejscu z dobr\u0105 akustyk\u0105, gdzie mogliby\u015bmy si\u0119 kameralnie spotyka\u0107 na tego typu kulturalnych imprezach i nawet zaprasza\u0107 innych. Akcja odbywa si\u0119 po raz pierwszy w ramach eksperymentu Teatru Wielkiego.<\/p>\n<p lang=\"pl-PL\">Prosimy o Pa\u0144stwa sugestie w zwi\u0105zku z powy\u017cszym.<\/p>\n<p lang=\"zxx\">Serdecznie zapraszamy<span lang=\"pl-PL\">!<\/span><\/p>\n<p lang=\"zxx\">MSPPU<\/p>\n","protected":false},"excerpt":{"rendered":"<p>Szanowni Kole\u017canki, Koledzy, Przyjaciele! Jest mo\u017cliwo\u015b\u0107\u00a0obejrzenia\u00a0online premiery\u00a0opery\u00a0Wielkego Teatru\u00a0\"Straszny Dw\u00f3r\" kt\u00f3ra odb\u0119dzie si\u0119 w Warszawie 19.11.15. Wszystkich zainteresowanych zapraszamy\u00a0do monitor\u00f3w 19.11.15 o godz. 20.00 (czasu ukrai\u0144skiego) na poni\u017cszym linku:\u00a0http:\/\/www.theoperaplatform.eu\/en\u00a0lub\u00a0http:\/\/vod.teatrwielki.pl\/. W przysz\u0142o\u015bci mo\u017cemy pomy\u015ble\u0107 o jakim\u015b fajnym miejscu z dobr\u0105 akustyk\u0105, gdzie mogliby\u015bmy si\u0119 kameralnie spotyka\u0107 na tego typu kulturalnych imprezach i nawet zaprasza\u0107 innych. Akcja odbywa [&hellip;]<\/p>\n","protected":false},"author":2,"featured_media":0,"parent":7038,"menu_order":0,"comment_status":"closed","ping_status":"closed","template":"","meta":{"_acf_changed":false,"footnotes":""},"class_list":["post-7206","page","type-page","status-publish","hentry"],"acf":[],"_links":{"self":[{"href":"https:\/\/msppu.org.ua\/pl\/wp-json\/wp\/v2\/pages\/7206","targetHints":{"allow":["GET"]}}],"collection":[{"href":"https:\/\/msppu.org.ua\/pl\/wp-json\/wp\/v2\/pages"}],"about":[{"href":"https:\/\/msppu.org.ua\/pl\/wp-json\/wp\/v2\/types\/page"}],"author":[{"embeddable":true,"href":"https:\/\/msppu.org.ua\/pl\/wp-json\/wp\/v2\/users\/2"}],"replies":[{"embeddable":true,"href":"https:\/\/msppu.org.ua\/pl\/wp-json\/wp\/v2\/comments?post=7206"}],"version-history":[{"count":0,"href":"https:\/\/msppu.org.ua\/pl\/wp-json\/wp\/v2\/pages\/7206\/revisions"}],"up":[{"embeddable":true,"href":"https:\/\/msppu.org.ua\/pl\/wp-json\/wp\/v2\/pages\/7038"}],"wp:attachment":[{"href":"https:\/\/msppu.org.ua\/pl\/wp-json\/wp\/v2\/media?parent=7206"}],"curies":[{"name":"wp","href":"https:\/\/api.w.org\/{rel}","templated":true}]}}