{"id":7194,"date":"2015-12-04T15:58:56","date_gmt":"2015-12-04T13:58:56","guid":{"rendered":"https:\/\/msppu.org.ua\/?page_id=7194"},"modified":"2018-05-10T15:59:49","modified_gmt":"2018-05-10T12:59:49","slug":"nowosci-naszych-czlonkow","status":"publish","type":"page","link":"https:\/\/msppu.org.ua\/pl\/archiwum\/nowosci-naszych-czlonkow\/","title":{"rendered":"Nowo\u015bci naszych cz\u0142onk\u00f3w"},"content":{"rendered":"<p><strong>4 grudnia \u00abKredobank\u00bb uruchomi\u0142 dwa nowe oddzia\u0142y w Kijowie \u2013 ul. We\u0142yka Wasylkiwska (Czerwonoarmijska) 23 oraz ul. Mychajliwska 6. Dzi\u0119ki nowemu przestronnemu pomieszczeniu w centralnej cz\u0119\u015bci Kijowa Bank jest jeszcze bardziej wygodny i dost\u0119pny dla Klient\u00f3w.<br \/>\n<\/strong>\u00a0\u00a0\u00a0 Uruchomienie nowych oddzia\u0142\u00f3w jest to kolejny krok do zwi\u0119kszenia obecno\u015bci \u00abKredobanku\u00bb w Kijowie, co jest jednym z strategicznych priorytet\u00f3w Banku na najbli\u017csze kilka lat. Nowe oddzia\u0142y odpowiadaj\u0105 nowym standardom jako\u015bci, posiadaj\u0105 oddzielne strefy do obs\u0142ugi os\u00f3b fizycznych, Klient\u00f3w ma\u0142ego i \u015bredniego biznesu oraz Klient\u00f3w korporacyjnych. Ponadto w oddziale przy ul. We\u0142yka Wasylkiwska jest odr\u0119bny centrum VIP.<\/p>\n<p>Uruchomienie nowych oddzia\u0142\u00f3w \u00abKredobanku\u00bb, relokacja oddzia\u0142\u00f3w do nowych miejsc oraz wdro\u017cenie nowych standard\u00f3w odbywa si\u0119 w ramach procesu ci\u0105g\u0142ego doskonalenia sieci sprzeda\u017cy oraz jako\u015bci obs\u0142ugi. Obecnie sie\u0107 \u00abKredobanku\u00bb posiada 109 oddzia\u0142\u00f3w w 22 obwodach Ukrainy i Kijowa.<\/p>\n","protected":false},"excerpt":{"rendered":"<p>4 grudnia \u00abKredobank\u00bb uruchomi\u0142 dwa nowe oddzia\u0142y w Kijowie \u2013 ul. We\u0142yka Wasylkiwska (Czerwonoarmijska) 23 oraz ul. Mychajliwska 6. Dzi\u0119ki nowemu przestronnemu pomieszczeniu w centralnej cz\u0119\u015bci Kijowa Bank jest jeszcze bardziej wygodny i dost\u0119pny dla Klient\u00f3w. \u00a0\u00a0\u00a0 Uruchomienie nowych oddzia\u0142\u00f3w jest to kolejny krok do zwi\u0119kszenia obecno\u015bci \u00abKredobanku\u00bb w Kijowie, co jest jednym z strategicznych [&hellip;]<\/p>\n","protected":false},"author":2,"featured_media":0,"parent":7038,"menu_order":0,"comment_status":"closed","ping_status":"closed","template":"","meta":{"_acf_changed":false,"footnotes":""},"class_list":["post-7194","page","type-page","status-publish","hentry"],"acf":[],"_links":{"self":[{"href":"https:\/\/msppu.org.ua\/pl\/wp-json\/wp\/v2\/pages\/7194","targetHints":{"allow":["GET"]}}],"collection":[{"href":"https:\/\/msppu.org.ua\/pl\/wp-json\/wp\/v2\/pages"}],"about":[{"href":"https:\/\/msppu.org.ua\/pl\/wp-json\/wp\/v2\/types\/page"}],"author":[{"embeddable":true,"href":"https:\/\/msppu.org.ua\/pl\/wp-json\/wp\/v2\/users\/2"}],"replies":[{"embeddable":true,"href":"https:\/\/msppu.org.ua\/pl\/wp-json\/wp\/v2\/comments?post=7194"}],"version-history":[{"count":0,"href":"https:\/\/msppu.org.ua\/pl\/wp-json\/wp\/v2\/pages\/7194\/revisions"}],"up":[{"embeddable":true,"href":"https:\/\/msppu.org.ua\/pl\/wp-json\/wp\/v2\/pages\/7038"}],"wp:attachment":[{"href":"https:\/\/msppu.org.ua\/pl\/wp-json\/wp\/v2\/media?parent=7194"}],"curies":[{"name":"wp","href":"https:\/\/api.w.org\/{rel}","templated":true}]}}