{"id":7177,"date":"2015-12-12T15:49:57","date_gmt":"2015-12-12T13:49:57","guid":{"rendered":"https:\/\/msppu.org.ua\/?page_id=7177"},"modified":"2018-05-10T15:50:40","modified_gmt":"2018-05-10T12:50:40","slug":"projekcja-polskiego-filmu-miasto-44-w-sobote-12-grudnia-o-17-00","status":"publish","type":"page","link":"https:\/\/msppu.org.ua\/pl\/archiwum\/projekcja-polskiego-filmu-miasto-44-w-sobote-12-grudnia-o-17-00\/","title":{"rendered":"Projekcja polskiego filmu \"Miasto 44\" w sobot\u0119 12 grudnia o 17:00"},"content":{"rendered":"<p>Szanowni Pa\u0144stwo,<br \/>\nWydzia\u0142 Konsularny Ambasady Polskiej w Kijowie ma przyjemno\u015b\u0107 zaprosi\u0107 Pa\u0144stwa na seans filmu \"Miasto 44\" w re\u017cyserii Jana Komasy.<\/p>\n<p>Projekcja odb\u0119dzie si\u0119 w sobot\u0119 12 grudnia o 17:00 w Kinoteatrze \u00abLira\u00bb im. \u0421zapajewa, co znajduje si\u0119 pod adresem m. Kij\u00f3w, ul. Wielka \u017bytomierska 40.<\/p>\n<p>Wst\u0119p wolny.<\/p>\n<p>Serdecznie zapraszamy do udzia\u0142u!<\/p>\n<p>Z powa\u017caniem,<br \/>\nZarz\u0105d MSPPU<\/p>\n<p>&nbsp;<\/p>\n<p>&nbsp;<\/p>\n<p>&nbsp;<\/p>\n","protected":false},"excerpt":{"rendered":"<p>Szanowni Pa\u0144stwo, Wydzia\u0142 Konsularny Ambasady Polskiej w Kijowie ma przyjemno\u015b\u0107 zaprosi\u0107 Pa\u0144stwa na seans filmu \"Miasto 44\" w re\u017cyserii Jana Komasy. Projekcja odb\u0119dzie si\u0119 w sobot\u0119 12 grudnia o 17:00 w Kinoteatrze \u00abLira\u00bb im. \u0421zapajewa, co znajduje si\u0119 pod adresem m. Kij\u00f3w, ul. Wielka \u017bytomierska 40. Wst\u0119p wolny. Serdecznie zapraszamy do udzia\u0142u! Z powa\u017caniem, Zarz\u0105d [&hellip;]<\/p>\n","protected":false},"author":2,"featured_media":0,"parent":7038,"menu_order":0,"comment_status":"closed","ping_status":"closed","template":"","meta":{"_acf_changed":false,"footnotes":""},"class_list":["post-7177","page","type-page","status-publish","hentry"],"acf":[],"_links":{"self":[{"href":"https:\/\/msppu.org.ua\/pl\/wp-json\/wp\/v2\/pages\/7177","targetHints":{"allow":["GET"]}}],"collection":[{"href":"https:\/\/msppu.org.ua\/pl\/wp-json\/wp\/v2\/pages"}],"about":[{"href":"https:\/\/msppu.org.ua\/pl\/wp-json\/wp\/v2\/types\/page"}],"author":[{"embeddable":true,"href":"https:\/\/msppu.org.ua\/pl\/wp-json\/wp\/v2\/users\/2"}],"replies":[{"embeddable":true,"href":"https:\/\/msppu.org.ua\/pl\/wp-json\/wp\/v2\/comments?post=7177"}],"version-history":[{"count":0,"href":"https:\/\/msppu.org.ua\/pl\/wp-json\/wp\/v2\/pages\/7177\/revisions"}],"up":[{"embeddable":true,"href":"https:\/\/msppu.org.ua\/pl\/wp-json\/wp\/v2\/pages\/7038"}],"wp:attachment":[{"href":"https:\/\/msppu.org.ua\/pl\/wp-json\/wp\/v2\/media?parent=7177"}],"curies":[{"name":"wp","href":"https:\/\/api.w.org\/{rel}","templated":true}]}}