{"id":7169,"date":"2015-12-17T15:42:51","date_gmt":"2015-12-17T13:42:51","guid":{"rendered":"https:\/\/msppu.org.ua\/?page_id=7169"},"modified":"2018-05-10T15:44:10","modified_gmt":"2018-05-10T12:44:10","slug":"seminarium-nt-wyniki-roku-2015-ceny-transferowe-ksiegowosc-podatek-dochodowy-regulacje-dzialalnosci-gospodarczej-ochrona-interesow-biznesu-17-grudnia-2015","status":"publish","type":"page","link":"https:\/\/msppu.org.ua\/pl\/archiwum\/seminarium-nt-wyniki-roku-2015-ceny-transferowe-ksiegowosc-podatek-dochodowy-regulacje-dzialalnosci-gospodarczej-ochrona-interesow-biznesu-17-grudnia-2015\/","title":{"rendered":"Seminarium nt \"Wyniki roku 2015. Ceny transferowe. Ksi\u0119gowo\u015b\u0107, podatek dochodowy. Regulacje dzia\u0142alno\u015bci gospodarczej. Ochrona interes\u00f3w biznesu\" 17 grudnia 2015"},"content":{"rendered":"<p align=\"center\">Szanowni Koledzy,<\/p>\n<p align=\"center\">zapraszamy do udzia\u0142u w seminarium\u00a0<strong>\"Wyniki roku 2015. Ceny transferowe. Ksi\u0119gowo\u015b\u0107, podatek dochodowy. Regulacje dzia\u0142alno\u015bci gospodarczej. Ochrona interes\u00f3w biznesu\".<\/strong><\/p>\n<p><em>Organizatorzy:<\/em><\/p>\n<p>Wydzia\u0142 Promocji Handlu I Inwestycji Ambasady Rzeczypospolitej Polskiej na Ukrainie Mi\u0119dzynarodowe Stowarzyszenie Przedsi\u0119biorc\u00f3w Polskich na Ukrainie<\/p>\n<p>Izba Przemys\u0142owo-Handlowa Ukrainy<\/p>\n<p>Law Offices of OMP<\/p>\n<p>Alians Ratuszniak i Partnerzy<\/p>\n<p>&nbsp;<\/p>\n<p>Data i godzina: 17 grudnia, od 10.00 do 17.00.<\/p>\n<p>Rejestracja zaczyna si\u0119 o 9.30.<\/p>\n<p>&nbsp;<\/p>\n<p>Udzia\u0142 jest bezp\u0142atny.<\/p>\n<p><em>\u00a0<\/em><\/p>\n<p><em>Prelegenci:<\/em><\/p>\n<p>Oksana Zajcewa, bieg\u0142y rewident, dyrektor Crowe Horwath.<\/p>\n<p>Dmitrij Mykhailenko, partner \"Law Offices of OMP\",<\/p>\n<p>W\u0142adimir Ratuszniak, adwokat, partner zarz\u0105dzaj\u0105cy \"Alians Ratuszniak i Partnerzy\"<\/p>\n<p>&nbsp;<\/p>\n<p>Miejsce: m. Kij\u00f3w, ul. Mezygirska, 82\u0430, sala konferencyjna \"Plastiks Ukraina\".<\/p>\n<p>Udzia\u0142 w imprezie mo\u017ce si\u0119 odby\u0107 wy\u0142\u0105cznie po rejestracji. Zarejestrowa\u0107 si\u0119 mo\u017cna na stronie\u00a0<a href=\"https:\/\/drive.google.com\/open?id=1PdEK9eFeifDkc63_ftzW3iLGN-lxYY7JLjgTreyOHoI\" target=\"_blank\" rel=\"noopener\">https:\/\/drive.google.com\/open?id=1PdEK9eFeifDkc63_ftzW3iLGN-lxYY7JLjgTreyOHoI<\/a>.<\/p>\n","protected":false},"excerpt":{"rendered":"<p>Szanowni Koledzy, zapraszamy do udzia\u0142u w seminarium\u00a0\"Wyniki roku 2015. Ceny transferowe. Ksi\u0119gowo\u015b\u0107, podatek dochodowy. Regulacje dzia\u0142alno\u015bci gospodarczej. Ochrona interes\u00f3w biznesu\". Organizatorzy: Wydzia\u0142 Promocji Handlu I Inwestycji Ambasady Rzeczypospolitej Polskiej na Ukrainie Mi\u0119dzynarodowe Stowarzyszenie Przedsi\u0119biorc\u00f3w Polskich na Ukrainie Izba Przemys\u0142owo-Handlowa Ukrainy Law Offices of OMP Alians Ratuszniak i Partnerzy &nbsp; Data i godzina: 17 grudnia, od [&hellip;]<\/p>\n","protected":false},"author":2,"featured_media":0,"parent":7038,"menu_order":0,"comment_status":"closed","ping_status":"closed","template":"","meta":{"_acf_changed":false,"footnotes":""},"class_list":["post-7169","page","type-page","status-publish","hentry"],"acf":[],"_links":{"self":[{"href":"https:\/\/msppu.org.ua\/pl\/wp-json\/wp\/v2\/pages\/7169","targetHints":{"allow":["GET"]}}],"collection":[{"href":"https:\/\/msppu.org.ua\/pl\/wp-json\/wp\/v2\/pages"}],"about":[{"href":"https:\/\/msppu.org.ua\/pl\/wp-json\/wp\/v2\/types\/page"}],"author":[{"embeddable":true,"href":"https:\/\/msppu.org.ua\/pl\/wp-json\/wp\/v2\/users\/2"}],"replies":[{"embeddable":true,"href":"https:\/\/msppu.org.ua\/pl\/wp-json\/wp\/v2\/comments?post=7169"}],"version-history":[{"count":0,"href":"https:\/\/msppu.org.ua\/pl\/wp-json\/wp\/v2\/pages\/7169\/revisions"}],"up":[{"embeddable":true,"href":"https:\/\/msppu.org.ua\/pl\/wp-json\/wp\/v2\/pages\/7038"}],"wp:attachment":[{"href":"https:\/\/msppu.org.ua\/pl\/wp-json\/wp\/v2\/media?parent=7169"}],"curies":[{"name":"wp","href":"https:\/\/api.w.org\/{rel}","templated":true}]}}