{"id":7149,"date":"2016-02-25T15:29:52","date_gmt":"2016-02-25T13:29:52","guid":{"rendered":"https:\/\/msppu.org.ua\/?page_id=7149"},"modified":"2018-05-10T15:30:34","modified_gmt":"2018-05-10T12:30:34","slug":"miedzynarodowy-seminarium-ceny-transferowe-2016-25-lutego-2016-roku","status":"publish","type":"page","link":"https:\/\/msppu.org.ua\/pl\/archiwum\/miedzynarodowy-seminarium-ceny-transferowe-2016-25-lutego-2016-roku\/","title":{"rendered":"Mi\u0119dzynarodowy Seminarium \"Ceny Transferowe - 2016\" 25 lutego 2016 roku"},"content":{"rendered":"<p>Szanowni Koledzy!<\/p>\n<p>W dniu\u00a0<strong>25 lutego 2016 roku<\/strong>\u00a0w Warszawie odb\u0119dzie si\u0119\u00a0<strong>Mi\u0119dzynarodowe seminarium podatkowe \u201cKSZTA\u0141TOWANIE CEN TRANSFEROWYCH \u2013 2016\u2033,<\/strong>w ramach kt\u00f3rego zostan\u0105 om\u00f3wione innowacje w prawie podatkowym a tak\u017ce szczeg\u00f3\u0142y stosowania przepis\u00f3w dotycz\u0105cych kszta\u0142towania cen transferowych w Ukrainie i Polsce.<\/p>\n<p>Udzia\u0142 w seminarium jest mo\u017cliwy po rejestracji na stronie\u00a0<a href=\"http:\/\/eucon.ua\/stp2016\/\">http:\/\/eucon.ua\/stp2016\/<\/a><\/p>\n<p><strong>Data przeprowadzenia<\/strong>\u00a0: 25 lutego 2016 roku<\/p>\n<p><strong>Czas przeprowadzenia<\/strong>\u00a0: 08:30 \u2013 13:00<\/p>\n<p><strong>Miejsce przeprowadzenia<\/strong>\u00a0: hotel InterContinental, ul. Emilii Plater, 49, Warszawa<\/p>\n<p>Program seminarium mo\u017cna obej\u017ce\u0107 tutaj:\u00a0<a href=\"https:\/\/msppu.org.ua\/assets\/images\/2\/CenyTransferowe2016_Programm_pol.pdf\">Program Seminarium Ceny Transferowe<\/a><\/p>\n<p>Z powa\u017caniem,<\/p>\n<p>MSPPU<\/p>\n","protected":false},"excerpt":{"rendered":"<p>Szanowni Koledzy! W dniu\u00a025 lutego 2016 roku\u00a0w Warszawie odb\u0119dzie si\u0119\u00a0Mi\u0119dzynarodowe seminarium podatkowe \u201cKSZTA\u0141TOWANIE CEN TRANSFEROWYCH \u2013 2016\u2033,w ramach kt\u00f3rego zostan\u0105 om\u00f3wione innowacje w prawie podatkowym a tak\u017ce szczeg\u00f3\u0142y stosowania przepis\u00f3w dotycz\u0105cych kszta\u0142towania cen transferowych w Ukrainie i Polsce. Udzia\u0142 w seminarium jest mo\u017cliwy po rejestracji na stronie\u00a0http:\/\/eucon.ua\/stp2016\/ Data przeprowadzenia\u00a0: 25 lutego 2016 roku Czas przeprowadzenia\u00a0: [&hellip;]<\/p>\n","protected":false},"author":2,"featured_media":0,"parent":7038,"menu_order":0,"comment_status":"closed","ping_status":"closed","template":"","meta":{"_acf_changed":false,"footnotes":""},"class_list":["post-7149","page","type-page","status-publish","hentry"],"acf":[],"_links":{"self":[{"href":"https:\/\/msppu.org.ua\/pl\/wp-json\/wp\/v2\/pages\/7149","targetHints":{"allow":["GET"]}}],"collection":[{"href":"https:\/\/msppu.org.ua\/pl\/wp-json\/wp\/v2\/pages"}],"about":[{"href":"https:\/\/msppu.org.ua\/pl\/wp-json\/wp\/v2\/types\/page"}],"author":[{"embeddable":true,"href":"https:\/\/msppu.org.ua\/pl\/wp-json\/wp\/v2\/users\/2"}],"replies":[{"embeddable":true,"href":"https:\/\/msppu.org.ua\/pl\/wp-json\/wp\/v2\/comments?post=7149"}],"version-history":[{"count":0,"href":"https:\/\/msppu.org.ua\/pl\/wp-json\/wp\/v2\/pages\/7149\/revisions"}],"up":[{"embeddable":true,"href":"https:\/\/msppu.org.ua\/pl\/wp-json\/wp\/v2\/pages\/7038"}],"wp:attachment":[{"href":"https:\/\/msppu.org.ua\/pl\/wp-json\/wp\/v2\/media?parent=7149"}],"curies":[{"name":"wp","href":"https:\/\/api.w.org\/{rel}","templated":true}]}}