{"id":7139,"date":"2016-04-13T15:17:56","date_gmt":"2016-04-13T12:17:56","guid":{"rendered":"https:\/\/msppu.org.ua\/?page_id=7139"},"modified":"2018-05-10T15:20:34","modified_gmt":"2018-05-10T12:20:34","slug":"zarzadzanie-ludzmi-a-innowacyjne-myslenie-w-okresie-zmian-16-23-lutego-i-1-marca-2016-roku-program-szkoleniowy","status":"publish","type":"page","link":"https:\/\/msppu.org.ua\/pl\/archiwum\/zarzadzanie-ludzmi-a-innowacyjne-myslenie-w-okresie-zmian-16-23-lutego-i-1-marca-2016-roku-program-szkoleniowy\/","title":{"rendered":"Seminarium 13.04.2016 nt \"Sprawozdawczosc. Zmiany w ustawodawstwie 2016.\""},"content":{"rendered":"<p><em>Szanowni Pa\u0144stwo,<\/em><\/p>\n<p>&nbsp;<\/p>\n<p>Zapraszamy do udzia\u0142u w seminarium nt. sprawozdawczo\u015bci ksi\u0119gowej w 1 kwartale 2016 roku. Zmiany w ustawodawstwie. Program ni\u017cej:\u00a0<a href=\"https:\/\/msppu.org.ua\/assets\/docs\/%D0%97%D0%92%D0%86%D0%A2%D0%9D%D0%86%D0%A1%D0%A2%D0%AC%20%D0%97%D0%90%201-%D0%B9%20%D0%9A%D0%92%D0%90%D0%A0%D0%A2%D0%90%D0%9B%202016%20%D1%80.%20%D0%97%D0%BC%D1%96%D0%BD%D0%B8%20%D0%B2%20%D0%B7%D0%B0%D0%BA%D0%BE%D0%BD%D0%BE%D0%B4%D0%B0%D0%B2%D1%81%D1%82%D0%B2%D1%96.doc\">Sprawozdawczo\u015b\u0107 ksi\u0119gowa w 1 kwartale 2016 roku. Zmiany w ustawozdawstwie<\/a>.<\/p>\n<p>Z powa\u017caniem,<\/p>\n<p>MSPPU<\/p>\n<p><a href=\"https:\/\/msppu.org.ua\/\">www.msppu.org.ua<\/a><\/p>\n","protected":false},"excerpt":{"rendered":"<p>Szanowni Pa\u0144stwo, &nbsp; Zapraszamy do udzia\u0142u w seminarium nt. sprawozdawczo\u015bci ksi\u0119gowej w 1 kwartale 2016 roku. Zmiany w ustawodawstwie. Program ni\u017cej:\u00a0Sprawozdawczo\u015b\u0107 ksi\u0119gowa w 1 kwartale 2016 roku. Zmiany w ustawozdawstwie. Z powa\u017caniem, MSPPU www.msppu.org.ua<\/p>\n","protected":false},"author":2,"featured_media":0,"parent":7038,"menu_order":0,"comment_status":"closed","ping_status":"closed","template":"","meta":{"_acf_changed":false,"footnotes":""},"class_list":["post-7139","page","type-page","status-publish","hentry"],"acf":[],"_links":{"self":[{"href":"https:\/\/msppu.org.ua\/pl\/wp-json\/wp\/v2\/pages\/7139","targetHints":{"allow":["GET"]}}],"collection":[{"href":"https:\/\/msppu.org.ua\/pl\/wp-json\/wp\/v2\/pages"}],"about":[{"href":"https:\/\/msppu.org.ua\/pl\/wp-json\/wp\/v2\/types\/page"}],"author":[{"embeddable":true,"href":"https:\/\/msppu.org.ua\/pl\/wp-json\/wp\/v2\/users\/2"}],"replies":[{"embeddable":true,"href":"https:\/\/msppu.org.ua\/pl\/wp-json\/wp\/v2\/comments?post=7139"}],"version-history":[{"count":0,"href":"https:\/\/msppu.org.ua\/pl\/wp-json\/wp\/v2\/pages\/7139\/revisions"}],"up":[{"embeddable":true,"href":"https:\/\/msppu.org.ua\/pl\/wp-json\/wp\/v2\/pages\/7038"}],"wp:attachment":[{"href":"https:\/\/msppu.org.ua\/pl\/wp-json\/wp\/v2\/media?parent=7139"}],"curies":[{"name":"wp","href":"https:\/\/api.w.org\/{rel}","templated":true}]}}