{"id":7131,"date":"2016-03-24T15:12:14","date_gmt":"2016-03-24T13:12:14","guid":{"rendered":"https:\/\/msppu.org.ua\/?page_id=7131"},"modified":"2018-05-10T15:12:53","modified_gmt":"2018-05-10T12:12:53","slug":"konferencja-haygroup-ksiega-kulinarna-przepisy-wysokoefektywnego-biznesu-na-ukrainie-najlepsze-doswiadczenia-biznes-kulinarii-naszych-ekspertow-24-marca-2016-roku","status":"publish","type":"page","link":"https:\/\/msppu.org.ua\/pl\/archiwum\/konferencja-haygroup-ksiega-kulinarna-przepisy-wysokoefektywnego-biznesu-na-ukrainie-najlepsze-doswiadczenia-biznes-kulinarii-naszych-ekspertow-24-marca-2016-roku\/","title":{"rendered":"Konferencja HayGroup \"Ksi\u0119ga Kulinarna. Przepisy wysokoefektywnego biznesu na Ukrainie. Najlepsze do\u015bwiadczenia biznes-kulinarii naszych ekspert\u00f3w\" 24 marca 2016 roku"},"content":{"rendered":"<p><em><span lang=\"PL\">Szanowni Koledzy!\u00a0<\/span><\/em><span lang=\"PL\"><\/p>\n<p><\/span><\/p>\n<p><span lang=\"PL\">dot.\u00a0<strong>Konferencja Korn Ferry (Hay Group). Ksi\u0119ga Kulinarna. Przepisy wysokoefektywnego biznesu na Ukrainie. Najlepsze do\u015bwiadczenia biznes-kulinarii naszych ekspert\u00f3w.<\/strong><\/span><\/p>\n<p><span lang=\"PL\">\u00a0<\/span><\/p>\n<p><span lang=\"PL\">Mamy przyjemno\u015b\u0107 poinformowa\u0107 Pa\u0144stwa o otwarciu rejestracji na coroczn\u0105 wiosenn\u0105 konferencj\u0119 Hay Group, po\u015bwi\u0119con\u0105 zagadnieniom wsparcia i zwi\u0119kszania efektywno\u015bci biznesu.<\/span><\/p>\n<p><span lang=\"PL\">Konferencja odb\u0119dzie si\u0119\u00a0<strong>24 marca 2016 roku w Prezydent hotelu. Pocz\u0105tek o 13:30<\/strong>.<\/span><\/p>\n<p><span lang=\"PL\">Przypominamy, \u017ce udzia\u0142 w konferencji jest mo\u017cliwy po rejestracji<\/span><span lang=\"UK\">:<\/span><span lang=\"UK\">\u00a0<\/span><\/p>\n<p><span lang=\"PL\"><a href=\"http:\/\/survey.confirmit.com\/wix\/p3077744949.aspx\" target=\"_blank\" rel=\"noopener\">http:\/\/survey.confirmit.com\/wix\/p3077744949.aspx<\/a><\/span><\/p>\n<p>&nbsp;<\/p>\n<p><span lang=\"PL\">Udzia\u0142 w konferencji jest bezp\u0142atny dla dw\u00f3ch przedstawicieli od firmy.<\/span><span lang=\"PL\"><\/p>\n<p><\/span><\/p>\n<p><span lang=\"PL\">E-mail z potwierdzeniem rejestracji i program konferencji zostanie wys\u0142any po wype\u0142nieniu formularza rejestracyjnego.<\/span><\/p>\n<p><span lang=\"PL\">Na konferencji przyjrzymy si\u0119 roli HR i wp\u0142ywowi HR na wyniki biznesowe, podzielimy si\u0119 wynikami najnowszych bada\u0144 na Ukrainie. Zaprosimy mi\u0119dzynarodowych ekspert\u00f3w Hay Group, kt\u00f3rzy ch\u0119tnie podziel\u0105 si\u0119 swoim do\u015bwiadczeniem na przyk\u0142adzie rozwijaj\u0105cych si\u0119 rynk\u00f3w i kraj\u00f3w WNP.<br \/>\nZ powa\u017caniem,<br \/>\nMSPPU<\/span><\/p>\n","protected":false},"excerpt":{"rendered":"<p>Szanowni Koledzy!\u00a0 dot.\u00a0Konferencja Korn Ferry (Hay Group). Ksi\u0119ga Kulinarna. Przepisy wysokoefektywnego biznesu na Ukrainie. Najlepsze do\u015bwiadczenia biznes-kulinarii naszych ekspert\u00f3w. \u00a0 Mamy przyjemno\u015b\u0107 poinformowa\u0107 Pa\u0144stwa o otwarciu rejestracji na coroczn\u0105 wiosenn\u0105 konferencj\u0119 Hay Group, po\u015bwi\u0119con\u0105 zagadnieniom wsparcia i zwi\u0119kszania efektywno\u015bci biznesu. Konferencja odb\u0119dzie si\u0119\u00a024 marca 2016 roku w Prezydent hotelu. Pocz\u0105tek o 13:30. Przypominamy, \u017ce udzia\u0142 [&hellip;]<\/p>\n","protected":false},"author":2,"featured_media":0,"parent":7038,"menu_order":0,"comment_status":"closed","ping_status":"closed","template":"","meta":{"_acf_changed":false,"footnotes":""},"class_list":["post-7131","page","type-page","status-publish","hentry"],"acf":[],"_links":{"self":[{"href":"https:\/\/msppu.org.ua\/pl\/wp-json\/wp\/v2\/pages\/7131","targetHints":{"allow":["GET"]}}],"collection":[{"href":"https:\/\/msppu.org.ua\/pl\/wp-json\/wp\/v2\/pages"}],"about":[{"href":"https:\/\/msppu.org.ua\/pl\/wp-json\/wp\/v2\/types\/page"}],"author":[{"embeddable":true,"href":"https:\/\/msppu.org.ua\/pl\/wp-json\/wp\/v2\/users\/2"}],"replies":[{"embeddable":true,"href":"https:\/\/msppu.org.ua\/pl\/wp-json\/wp\/v2\/comments?post=7131"}],"version-history":[{"count":0,"href":"https:\/\/msppu.org.ua\/pl\/wp-json\/wp\/v2\/pages\/7131\/revisions"}],"up":[{"embeddable":true,"href":"https:\/\/msppu.org.ua\/pl\/wp-json\/wp\/v2\/pages\/7038"}],"wp:attachment":[{"href":"https:\/\/msppu.org.ua\/pl\/wp-json\/wp\/v2\/media?parent=7131"}],"curies":[{"name":"wp","href":"https:\/\/api.w.org\/{rel}","templated":true}]}}