{"id":7123,"date":"2016-04-07T15:07:23","date_gmt":"2016-04-07T12:07:23","guid":{"rendered":"https:\/\/msppu.org.ua\/?page_id=7123"},"modified":"2018-05-10T15:08:09","modified_gmt":"2018-05-10T12:08:09","slug":"misja-polskiego-biznesu-do-charkowa-7-8-kwietnia-br","status":"publish","type":"page","link":"https:\/\/msppu.org.ua\/pl\/archiwum\/misja-polskiego-biznesu-do-charkowa-7-8-kwietnia-br\/","title":{"rendered":"Misja polskiego biznesu do Charkowa 7-8 kwietnia br."},"content":{"rendered":"<p><em>Szanowni Pa\u0144stwo,<\/em><\/p>\n<p>Wydzia\u0142 Promocji Handlu i Inwestycji Ambasady RP w\u00a0Kijowie, uprzejmie informuje, i\u017c\u00a0<strong>w dniach 7-8\u00a0 kwietnia 2016 roku organizuje misj\u0119 gospodarcz\u0105 polskich przedsi\u0119biorstw i instytucji pod przewodnictwem Ambasadora RP w Ukrainie, Pana Henryka Litwina na III Mi\u0119dzynarodowe Forum Binzesowe w Charkowie<\/strong>, w ramach kt\u00f3rej przewiduje si\u0119 udzia\u0142 polskich firm w w\/w forum oraz towarzysz\u0105cych temu przedsi\u0119wzi\u0119ciu spotkaniach B2B. Misja organizowana jest we wsp\u00f3\u0142pracy z Polsko-Ukrai\u0144sk\u0105 Izb\u0105 Gospodarcz\u0105 oraz Mi\u0119dzynarodowym Stowarzyszeniem Przedsi\u0119biorc\u00f3w Polskich na Ukrainie.<\/p>\n<p>Powy\u017csze przedsi\u0119wzi\u0119cie b\u0119dzie mia\u0142o\u00a0<strong>na celu promocj\u0119 gospodarcz\u0105 Polski oraz polskich przedsi\u0119biorc\u00f3w<\/strong>, a tak\u017ce\u00a0<strong>inicjacj\u0119 kontakt\u00f3w handlowych pomi\u0119dzy polskimi a ukrai\u0144skimi firmami<\/strong>. W\u00a0forum biznesowym jest przewidziany udzia\u0142 ponad 350 uczestnik\u00f3w z obowodu charkowskiego i\u00a0terytorium ca\u0142ej Ukrainy. Jak wskazuj\u0105 statystyki z ostatnich dw\u00f3ch lat, w wi\u0119kszo\u015bci s\u0105 to dyrektorzy i w\u0142a\u015bciciele firm. W pierwszym dniu wydarzenia odb\u0119dzie si\u0119 forum biznesowe (<span lang=\"zxx\"><a href=\"http:\/\/businessforum.kharkov.ua\/\" target=\"_blank\" rel=\"noopener\">http:\/\/businessforum.kharkov.<\/a><\/span>), w kt\u00f3rym po sesji plenarnej, odb\u0119d\u0105 si\u0119\u00a0 r\u00f3wnolegle cztery\u00a0 sesje tematyczne:<\/p>\n<p>1. Inwestycje: \u201eJak przekszta\u0142ci\u0107 biznes w atrakcyjny inwestycyjnie. Praktyczne aspekty\u201d<\/p>\n<p>2. Import\/ eksport: \u201eRynki zagraniczne dla M\u015aP: mity i realia\u201d<\/p>\n<p>3.\u00a0Energoefektyno\u015b\u0107: \u201e Energoefektywno\u015b\u0107 jako wyzwanie dla ukrai\u0144skiego biznesu\u201d<\/p>\n<p>4. Granty: \u201eProgramy donorskie, granty i programy pomocy technicznej dla ukrai\u0144skeigo biznesu\u201d<\/p>\n<p>Uczestnicy polskiej misji biznesowej b\u0119d\u0105 mieli mo\u017cliwo\u015b\u0107 wyst\u0105pienia podczas w\/w sesji.\u00a0 W pierwszym i drugim dniu wydarzenia polskie firmy b\u0119d\u0105 mia\u0142y mo\u017cliwo\u015b\u0107 udzia\u0142u w spotkaniach B2B.<\/p>\n<p>W drugim dniu forum planowane jest przeprowadzenie\u00a0\u201e<strong>Inwestycyjnego salonu\u201d,\u00a0<\/strong>w ramach kt\u00f3rego ukrai\u0144skie przedsi\u0119biorstwa b\u0119d\u0105 prezentowa\u0107 road-show dla zagranicznych inwestor\u00f3w (informacje o\u00a0zg\u0142oszonych firmach w za\u0142\u0105czeniu) oraz wyjazdowej sesji\u00a0\u201e<strong>Bitwy projekt\u00f3w\u201d\u00a0<\/strong>(wsp\u00f3\u0142organizator StartUp.Network), na kt\u00f3rej b\u0119d\u0105 prezentowane charkowskie startupy.<\/p>\n<p><strong>WPHI Kij\u00f3w zaprasza do udzia\u0142u w misji gospodarczej do Charkowa wszystkie zainteresowane przedsi\u0119biorstwa i instytucje polskie<\/strong>. Prosimy o nades\u0142anie za\u0142\u0105czonego formularza aplikacyjnego lub wype\u0142nienie\u00a0<span lang=\"zxx\"><a href=\"https:\/\/docs.google.com\/forms\/d\/1j-Q24pa8DxPtmnANeWJFoTMIcO4w27K4qAJNXxFgiVc\/viewform?c=0&amp;w=1\" target=\"_blank\" rel=\"noopener\">wniosku on-line<\/a><\/span>.\u00a0<strong>Termin nadsy\u0142ania zg\u0142osze\u0144 up\u0142ywa w dniu 24 marca br.<\/strong><\/p>\n<p>W za\u0142\u0105czeniu przekazujemy prezentacj\u0119 nt.\u00a0 za\u0142o\u017ce\u0144 forum oraz formularz zg\u0142oszeniowy do uczestnictwa w misji gospodarczej do Charkowa zawieraj\u0105cy og\u00f3lne informacje organizacyjne.<\/p>\n<p>W przypadku zainteresowania Pa\u0144stwa udzia\u0142em w misji gospodarczej do Charkowa oraz dodatkowych pyta\u0144 prosimy o kontakt z Pani\u0105 Ma\u0142gorzat\u0105 Gawin, I Sekretarzem lub P. Katarzyn\u0105 Vitkovsk\u0105, II Sekretarzem WPHI Kij\u00f3w (tel.:\u00a0<span lang=\"zxx\"><a href=\"tel:(%2B38)%20044%C2%A0279%2012%2098\" target=\"_blank\" rel=\"noopener\">(+38) 044\u00a0279 12 98<\/a><\/span>, e-mail:\u00a0<span lang=\"zxx\"><a href=\"mailto:kiev@trade.gov.pl\" target=\"_blank\" rel=\"noopener\">kiev@trade.gov.pl<\/a><\/span>).<\/p>\n","protected":false},"excerpt":{"rendered":"<p>Szanowni Pa\u0144stwo, Wydzia\u0142 Promocji Handlu i Inwestycji Ambasady RP w\u00a0Kijowie, uprzejmie informuje, i\u017c\u00a0w dniach 7-8\u00a0 kwietnia 2016 roku organizuje misj\u0119 gospodarcz\u0105 polskich przedsi\u0119biorstw i instytucji pod przewodnictwem Ambasadora RP w Ukrainie, Pana Henryka Litwina na III Mi\u0119dzynarodowe Forum Binzesowe w Charkowie, w ramach kt\u00f3rej przewiduje si\u0119 udzia\u0142 polskich firm w w\/w forum oraz towarzysz\u0105cych temu [&hellip;]<\/p>\n","protected":false},"author":2,"featured_media":0,"parent":7038,"menu_order":0,"comment_status":"closed","ping_status":"closed","template":"","meta":{"_acf_changed":false,"footnotes":""},"class_list":["post-7123","page","type-page","status-publish","hentry"],"acf":[],"_links":{"self":[{"href":"https:\/\/msppu.org.ua\/pl\/wp-json\/wp\/v2\/pages\/7123","targetHints":{"allow":["GET"]}}],"collection":[{"href":"https:\/\/msppu.org.ua\/pl\/wp-json\/wp\/v2\/pages"}],"about":[{"href":"https:\/\/msppu.org.ua\/pl\/wp-json\/wp\/v2\/types\/page"}],"author":[{"embeddable":true,"href":"https:\/\/msppu.org.ua\/pl\/wp-json\/wp\/v2\/users\/2"}],"replies":[{"embeddable":true,"href":"https:\/\/msppu.org.ua\/pl\/wp-json\/wp\/v2\/comments?post=7123"}],"version-history":[{"count":0,"href":"https:\/\/msppu.org.ua\/pl\/wp-json\/wp\/v2\/pages\/7123\/revisions"}],"up":[{"embeddable":true,"href":"https:\/\/msppu.org.ua\/pl\/wp-json\/wp\/v2\/pages\/7038"}],"wp:attachment":[{"href":"https:\/\/msppu.org.ua\/pl\/wp-json\/wp\/v2\/media?parent=7123"}],"curies":[{"name":"wp","href":"https:\/\/api.w.org\/{rel}","templated":true}]}}