{"id":7093,"date":"2016-05-26T14:53:44","date_gmt":"2016-05-26T11:53:44","guid":{"rendered":"https:\/\/msppu.org.ua\/?page_id=7093"},"modified":"2018-05-10T14:54:36","modified_gmt":"2018-05-10T11:54:36","slug":"zmarl-arcybiskup-piotr-malczuk","status":"publish","type":"page","link":"https:\/\/msppu.org.ua\/pl\/archiwum\/zmarl-arcybiskup-piotr-malczuk\/","title":{"rendered":"Zmar\u0142 arcybiskup Piotr Malczuk"},"content":{"rendered":"<p><span lang=\"pl-PL\">Z ubolewaniem informujemy, \u017ce w noc z 26 na 27 maja zmar\u0142 arcybiskup Piotr Malczuk, ordynariusz diecezji Kijowsko-\u017bytomierskiej.<br \/>\n<\/span><span lang=\"pl-PL\">Jak donosz\u0105 \u017ar\u00f3d\u0142a, przyczyn\u0105 \u015bmierci by\u0142a choroba serca.<br \/>\n<\/span><span lang=\"pl-PL\">Piotr Malczuk urodzi\u0142 si\u0119 7 lipca 1965 r. w mo\u0142dawskim Raszkowie. 5 lat temu zosta\u0142 og\u0142oszony Arcybiskupem Kijowsko-\u017bytomierskim.<br \/>\n<\/span><span lang=\"pl-PL\">10 maja abp Malczuk wzi\u0105\u0142 udzia\u0142 w uroczysto\u015bciach oraz po\u015bwi\u0119ci\u0142 pomnik powsta\u0144com styczniowym w Iwnicy na \u017bytomierszczy\u017anie.<br \/>\n<\/span><span lang=\"pl-PL\">Niech odpoczywa w pokoju.<\/span><\/p>\n","protected":false},"excerpt":{"rendered":"<p>Z ubolewaniem informujemy, \u017ce w noc z 26 na 27 maja zmar\u0142 arcybiskup Piotr Malczuk, ordynariusz diecezji Kijowsko-\u017bytomierskiej. Jak donosz\u0105 \u017ar\u00f3d\u0142a, przyczyn\u0105 \u015bmierci by\u0142a choroba serca. Piotr Malczuk urodzi\u0142 si\u0119 7 lipca 1965 r. w mo\u0142dawskim Raszkowie. 5 lat temu zosta\u0142 og\u0142oszony Arcybiskupem Kijowsko-\u017bytomierskim. 10 maja abp Malczuk wzi\u0105\u0142 udzia\u0142 w uroczysto\u015bciach oraz po\u015bwi\u0119ci\u0142 pomnik [&hellip;]<\/p>\n","protected":false},"author":2,"featured_media":0,"parent":7038,"menu_order":0,"comment_status":"closed","ping_status":"closed","template":"","meta":{"_acf_changed":false,"footnotes":""},"class_list":["post-7093","page","type-page","status-publish","hentry"],"acf":[],"_links":{"self":[{"href":"https:\/\/msppu.org.ua\/pl\/wp-json\/wp\/v2\/pages\/7093","targetHints":{"allow":["GET"]}}],"collection":[{"href":"https:\/\/msppu.org.ua\/pl\/wp-json\/wp\/v2\/pages"}],"about":[{"href":"https:\/\/msppu.org.ua\/pl\/wp-json\/wp\/v2\/types\/page"}],"author":[{"embeddable":true,"href":"https:\/\/msppu.org.ua\/pl\/wp-json\/wp\/v2\/users\/2"}],"replies":[{"embeddable":true,"href":"https:\/\/msppu.org.ua\/pl\/wp-json\/wp\/v2\/comments?post=7093"}],"version-history":[{"count":0,"href":"https:\/\/msppu.org.ua\/pl\/wp-json\/wp\/v2\/pages\/7093\/revisions"}],"up":[{"embeddable":true,"href":"https:\/\/msppu.org.ua\/pl\/wp-json\/wp\/v2\/pages\/7038"}],"wp:attachment":[{"href":"https:\/\/msppu.org.ua\/pl\/wp-json\/wp\/v2\/media?parent=7093"}],"curies":[{"name":"wp","href":"https:\/\/api.w.org\/{rel}","templated":true}]}}