{"id":7058,"date":"2016-10-18T14:25:40","date_gmt":"2016-10-18T11:25:40","guid":{"rendered":"https:\/\/msppu.org.ua\/?page_id=7058"},"modified":"2018-05-10T14:26:53","modified_gmt":"2018-05-10T11:26:53","slug":"jak-zabic-korupcje-w-organach-panstwowej-wladzy-fiskalnej","status":"publish","type":"page","link":"https:\/\/msppu.org.ua\/pl\/archiwum\/jak-zabic-korupcje-w-organach-panstwowej-wladzy-fiskalnej\/","title":{"rendered":"JAK \"ZABI\u0106\" KORUPCJ\u0118 W ORGANACH PA\u0143STWOWEJ W\u0141ADZY FISKALNEJ"},"content":{"rendered":"<p><strong>Szanowni Pa\u0144stwo!<\/strong><\/p>\n<p>Mi\u0119dzynarodowe Centrum Prawne EUCON wsp\u00f3lnie z Ministerstwem Finans\u00f3w, przy wsparciu Mi\u0119dzynarodowego Stowarzyszenia Polskich Przedsi\u0119biorc\u00f3w na Ukrainie i Stowarzyszenia Ukrai\u0144skiego Biznesu w Polsce, zaprasza\u00a0<strong>kierownictwo przedsi\u0119biorstw na<\/strong>\u00a0<strong>spotkanie<\/strong>\u00a0-\u00a0<strong>prezentacj\u0119 antykorupcyjnych zmian do kodeksu Podatkowego Ukrainy<\/strong>.<\/p>\n<p>Spotkanie odb\u0119dzie si\u0119 przy wsparciu Wydzia\u0142u Promocji Handlu I Inwestycji Ambasady Rzeczypospolitej Polskiej w Ukrainie.<\/p>\n<p>Prelegenci:<\/p>\n<p><strong>Jewgen Kapinus<\/strong>\u00a0\u2013 zast\u0119pca Ministra Finans\u00f3w Ukrainy \u2013 kierownik administracji<\/p>\n<p><strong>Jana Burgimowa<\/strong>\u00a0\u2013 doradca Ministra Finans\u00f3w Ukrainy<\/p>\n<p><strong>Jaros\u0142aw Roma\u0144czuk<\/strong>\u00a0\u2013 adwokat, partner zarz\u0105dzaj\u0105cy MPC \u00a0EUCON, prezes Stowarzyszenia Ukrai\u0144skiego Biznesu w Polsce<\/p>\n<p><strong>\u0141arysa Wr\u00f3blewska<\/strong>\u00a0\u2013 bieg\u0142y rewident, partner, kierownik praktyki kszta\u0142towania cen transferowych MPC EUCON<\/p>\n<p><strong>Jewgen Petrenko<\/strong>\u00a0\u2013 adwokat, partner, szef praktyki prawa karnego i procesu \u041c\u041f\u0426 EUCON<\/p>\n<p>&nbsp;<\/p>\n<p><strong>Data: 18 pa\u017adziernika 2016 roku<\/strong><\/p>\n<p><strong>Czas trwania: 15:00 \u2013 17:00<\/strong><\/p>\n<p><strong>Miejsce: \"Smartville. Wolna przestrze\u0144\" (bulw. T. Szewczenki. 36a, 3-pi\u0119tro).<\/strong><\/p>\n<p>&nbsp;<\/p>\n<p><strong><a href=\"http:\/\/eucon.ua\/eventminfin\/\">REJESTRACJA<\/a><\/strong><\/p>\n<p>W przypadku pyta\u0144 prosimy o kontakt \u2013<\/p>\n<p>O\u0142ena Wakulik: \u00a0events@eucon.ua\u00a0\u00a0\u00a0\u00a0\u00a0tel. +380 (44) 238 09 44;<\/p>\n<p>Swit\u0142ana Gienina:\u00a0\u00a0office@msppu.org.ua\u00a0+380 (44) 331 68 60.<\/p>\n","protected":false},"excerpt":{"rendered":"<p>Szanowni Pa\u0144stwo! Mi\u0119dzynarodowe Centrum Prawne EUCON wsp\u00f3lnie z Ministerstwem Finans\u00f3w, przy wsparciu Mi\u0119dzynarodowego Stowarzyszenia Polskich Przedsi\u0119biorc\u00f3w na Ukrainie i Stowarzyszenia Ukrai\u0144skiego Biznesu w Polsce, zaprasza\u00a0kierownictwo przedsi\u0119biorstw na\u00a0spotkanie\u00a0-\u00a0prezentacj\u0119 antykorupcyjnych zmian do kodeksu Podatkowego Ukrainy. Spotkanie odb\u0119dzie si\u0119 przy wsparciu Wydzia\u0142u Promocji Handlu I Inwestycji Ambasady Rzeczypospolitej Polskiej w Ukrainie. Prelegenci: Jewgen Kapinus\u00a0\u2013 zast\u0119pca Ministra Finans\u00f3w Ukrainy [&hellip;]<\/p>\n","protected":false},"author":2,"featured_media":0,"parent":7038,"menu_order":0,"comment_status":"closed","ping_status":"closed","template":"","meta":{"_acf_changed":false,"footnotes":""},"class_list":["post-7058","page","type-page","status-publish","hentry"],"acf":[],"_links":{"self":[{"href":"https:\/\/msppu.org.ua\/pl\/wp-json\/wp\/v2\/pages\/7058","targetHints":{"allow":["GET"]}}],"collection":[{"href":"https:\/\/msppu.org.ua\/pl\/wp-json\/wp\/v2\/pages"}],"about":[{"href":"https:\/\/msppu.org.ua\/pl\/wp-json\/wp\/v2\/types\/page"}],"author":[{"embeddable":true,"href":"https:\/\/msppu.org.ua\/pl\/wp-json\/wp\/v2\/users\/2"}],"replies":[{"embeddable":true,"href":"https:\/\/msppu.org.ua\/pl\/wp-json\/wp\/v2\/comments?post=7058"}],"version-history":[{"count":0,"href":"https:\/\/msppu.org.ua\/pl\/wp-json\/wp\/v2\/pages\/7058\/revisions"}],"up":[{"embeddable":true,"href":"https:\/\/msppu.org.ua\/pl\/wp-json\/wp\/v2\/pages\/7038"}],"wp:attachment":[{"href":"https:\/\/msppu.org.ua\/pl\/wp-json\/wp\/v2\/media?parent=7058"}],"curies":[{"name":"wp","href":"https:\/\/api.w.org\/{rel}","templated":true}]}}