{"id":7054,"date":"2016-11-24T14:23:09","date_gmt":"2016-11-24T12:23:09","guid":{"rendered":"https:\/\/msppu.org.ua\/?page_id=7054"},"modified":"2018-07-30T12:12:03","modified_gmt":"2018-07-30T09:12:03","slug":"wieczor-poezji-spiewanej-w-wykonaniu-pawla-wojcika","status":"publish","type":"page","link":"https:\/\/msppu.org.ua\/pl\/archiwum\/wieczor-poezji-spiewanej-w-wykonaniu-pawla-wojcika\/","title":{"rendered":"Wiecz\u00f3r poezji \u015bpiewanej w wykonaniu Paw\u0142a W\u00f3jcika"},"content":{"rendered":"<p>Szanowni Pa\u0144stwo!<\/p>\n<p>21 pa\u017adziernika (w pi\u0105tek) w godzinach 19.00 - 22.00 w kijowskim klubie Frat, ul. Szczorsa, 36d, odb\u0119dzie si\u0119 polski wiecz\u00f3r poezji \u015bpiewanej w wykonaniu Paw\u0142a W\u00f3jcika.<\/p>\n<p>W programie opr\u00f3cz wyst\u0119pu artysty zaplanowany jest pocz\u0119stunek z symboliczn\u0105 lampk\u0105 wina.<\/p>\n\n\t\t<style type=\"text\/css\">\n\t\t\t#gallery-1 {\n\t\t\t\tmargin: auto;\n\t\t\t}\n\t\t\t#gallery-1 .gallery-item {\n\t\t\t\tfloat: left;\n\t\t\t\tmargin-top: 10px;\n\t\t\t\ttext-align: center;\n\t\t\t\twidth: 12%;\n\t\t\t}\n\t\t\t#gallery-1 img {\n\t\t\t\tborder: 2px solid #cfcfcf;\n\t\t\t}\n\t\t\t#gallery-1 .gallery-caption {\n\t\t\t\tmargin-left: 0;\n\t\t\t}\n\t\t\t\/* see gallery_shortcode() in wp-includes\/media.php *\/\n\t\t<\/style>\n\t\t<div id='gallery-1' class='gallery galleryid-7054 gallery-columns-8 gallery-size-thumbnail'><dl class='gallery-item'>\n\t\t\t<dt class='gallery-icon landscape'>\n\t\t\t\t<a href='https:\/\/msppu.org.ua\/wp-content\/uploads\/2016\/10\/DSC_0352.JPG'><img loading=\"lazy\" decoding=\"async\" width=\"150\" height=\"150\" src=\"https:\/\/msppu.org.ua\/wp-content\/uploads\/2016\/10\/DSC_0352-150x150.jpg\" class=\"attachment-thumbnail size-thumbnail\" alt=\"\" \/><\/a>\n\t\t\t<\/dt><\/dl><dl class='gallery-item'>\n\t\t\t<dt class='gallery-icon landscape'>\n\t\t\t\t<a href='https:\/\/msppu.org.ua\/wp-content\/uploads\/2016\/10\/DSC_0346.JPG'><img loading=\"lazy\" decoding=\"async\" width=\"150\" height=\"150\" src=\"https:\/\/msppu.org.ua\/wp-content\/uploads\/2016\/10\/DSC_0346-150x150.jpg\" class=\"attachment-thumbnail size-thumbnail\" alt=\"\" \/><\/a>\n\t\t\t<\/dt><\/dl><dl class='gallery-item'>\n\t\t\t<dt class='gallery-icon landscape'>\n\t\t\t\t<a href='https:\/\/msppu.org.ua\/wp-content\/uploads\/2016\/10\/DSC_0343.JPG'><img loading=\"lazy\" decoding=\"async\" width=\"150\" height=\"150\" src=\"https:\/\/msppu.org.ua\/wp-content\/uploads\/2016\/10\/DSC_0343-150x150.jpg\" class=\"attachment-thumbnail size-thumbnail\" alt=\"\" \/><\/a>\n\t\t\t<\/dt><\/dl><dl class='gallery-item'>\n\t\t\t<dt class='gallery-icon landscape'>\n\t\t\t\t<a href='https:\/\/msppu.org.ua\/wp-content\/uploads\/2016\/10\/DSC_0342.JPG'><img loading=\"lazy\" decoding=\"async\" width=\"150\" height=\"150\" src=\"https:\/\/msppu.org.ua\/wp-content\/uploads\/2016\/10\/DSC_0342-150x150.jpg\" class=\"attachment-thumbnail size-thumbnail\" alt=\"\" \/><\/a>\n\t\t\t<\/dt><\/dl><dl class='gallery-item'>\n\t\t\t<dt class='gallery-icon landscape'>\n\t\t\t\t<a href='https:\/\/msppu.org.ua\/wp-content\/uploads\/2016\/10\/DSC_0341.2.JPG'><img loading=\"lazy\" decoding=\"async\" width=\"150\" height=\"150\" src=\"https:\/\/msppu.org.ua\/wp-content\/uploads\/2016\/10\/DSC_0341.2-150x150.jpg\" class=\"attachment-thumbnail size-thumbnail\" alt=\"\" \/><\/a>\n\t\t\t<\/dt><\/dl><dl class='gallery-item'>\n\t\t\t<dt class='gallery-icon landscape'>\n\t\t\t\t<a href='https:\/\/msppu.org.ua\/wp-content\/uploads\/2016\/10\/DSC_0340.JPG'><img loading=\"lazy\" decoding=\"async\" width=\"150\" height=\"150\" src=\"https:\/\/msppu.org.ua\/wp-content\/uploads\/2016\/10\/DSC_0340-150x150.jpg\" class=\"attachment-thumbnail size-thumbnail\" alt=\"\" \/><\/a>\n\t\t\t<\/dt><\/dl><dl class='gallery-item'>\n\t\t\t<dt class='gallery-icon landscape'>\n\t\t\t\t<a href='https:\/\/msppu.org.ua\/wp-content\/uploads\/2016\/10\/DSC_0338.JPG'><img loading=\"lazy\" decoding=\"async\" width=\"150\" height=\"150\" src=\"https:\/\/msppu.org.ua\/wp-content\/uploads\/2016\/10\/DSC_0338-150x150.jpg\" class=\"attachment-thumbnail size-thumbnail\" alt=\"\" \/><\/a>\n\t\t\t<\/dt><\/dl><dl class='gallery-item'>\n\t\t\t<dt class='gallery-icon landscape'>\n\t\t\t\t<a href='https:\/\/msppu.org.ua\/wp-content\/uploads\/2016\/10\/DSC_0338.2.JPG'><img loading=\"lazy\" decoding=\"async\" width=\"150\" height=\"150\" src=\"https:\/\/msppu.org.ua\/wp-content\/uploads\/2016\/10\/DSC_0338.2-150x150.jpg\" class=\"attachment-thumbnail size-thumbnail\" alt=\"\" \/><\/a>\n\t\t\t<\/dt><\/dl><br style=\"clear: both\" \/><dl class='gallery-item'>\n\t\t\t<dt class='gallery-icon landscape'>\n\t\t\t\t<a href='https:\/\/msppu.org.ua\/wp-content\/uploads\/2016\/10\/DSC_0336.JPG'><img loading=\"lazy\" decoding=\"async\" width=\"150\" height=\"150\" src=\"https:\/\/msppu.org.ua\/wp-content\/uploads\/2016\/10\/DSC_0336-150x150.jpg\" class=\"attachment-thumbnail size-thumbnail\" alt=\"\" \/><\/a>\n\t\t\t<\/dt><\/dl><dl class='gallery-item'>\n\t\t\t<dt class='gallery-icon landscape'>\n\t\t\t\t<a href='https:\/\/msppu.org.ua\/wp-content\/uploads\/2016\/10\/DSC_0333.JPG'><img loading=\"lazy\" decoding=\"async\" width=\"150\" height=\"150\" src=\"https:\/\/msppu.org.ua\/wp-content\/uploads\/2016\/10\/DSC_0333-150x150.jpg\" class=\"attachment-thumbnail size-thumbnail\" alt=\"\" \/><\/a>\n\t\t\t<\/dt><\/dl><dl class='gallery-item'>\n\t\t\t<dt class='gallery-icon landscape'>\n\t\t\t\t<a href='https:\/\/msppu.org.ua\/wp-content\/uploads\/2016\/10\/DSC_0330.JPG'><img loading=\"lazy\" decoding=\"async\" width=\"150\" height=\"150\" src=\"https:\/\/msppu.org.ua\/wp-content\/uploads\/2016\/10\/DSC_0330-150x150.jpg\" class=\"attachment-thumbnail size-thumbnail\" alt=\"\" \/><\/a>\n\t\t\t<\/dt><\/dl><dl class='gallery-item'>\n\t\t\t<dt class='gallery-icon landscape'>\n\t\t\t\t<a href='https:\/\/msppu.org.ua\/wp-content\/uploads\/2016\/10\/DSC_0327.JPG'><img loading=\"lazy\" decoding=\"async\" width=\"150\" height=\"150\" src=\"https:\/\/msppu.org.ua\/wp-content\/uploads\/2016\/10\/DSC_0327-150x150.jpg\" class=\"attachment-thumbnail size-thumbnail\" alt=\"\" \/><\/a>\n\t\t\t<\/dt><\/dl><dl class='gallery-item'>\n\t\t\t<dt class='gallery-icon landscape'>\n\t\t\t\t<a href='https:\/\/msppu.org.ua\/wp-content\/uploads\/2016\/10\/DSC_0323.2.JPG'><img loading=\"lazy\" decoding=\"async\" width=\"150\" height=\"150\" src=\"https:\/\/msppu.org.ua\/wp-content\/uploads\/2016\/10\/DSC_0323.2-150x150.jpg\" class=\"attachment-thumbnail size-thumbnail\" alt=\"\" \/><\/a>\n\t\t\t<\/dt><\/dl><dl class='gallery-item'>\n\t\t\t<dt class='gallery-icon landscape'>\n\t\t\t\t<a href='https:\/\/msppu.org.ua\/wp-content\/uploads\/2016\/10\/DSC_0322.JPG'><img loading=\"lazy\" decoding=\"async\" width=\"150\" height=\"150\" src=\"https:\/\/msppu.org.ua\/wp-content\/uploads\/2016\/10\/DSC_0322-150x150.jpg\" class=\"attachment-thumbnail size-thumbnail\" alt=\"\" \/><\/a>\n\t\t\t<\/dt><\/dl><dl class='gallery-item'>\n\t\t\t<dt class='gallery-icon landscape'>\n\t\t\t\t<a href='https:\/\/msppu.org.ua\/wp-content\/uploads\/2016\/10\/DSC_0319.JPG'><img loading=\"lazy\" decoding=\"async\" width=\"150\" height=\"150\" src=\"https:\/\/msppu.org.ua\/wp-content\/uploads\/2016\/10\/DSC_0319-150x150.jpg\" class=\"attachment-thumbnail size-thumbnail\" alt=\"\" \/><\/a>\n\t\t\t<\/dt><\/dl><dl class='gallery-item'>\n\t\t\t<dt class='gallery-icon landscape'>\n\t\t\t\t<a href='https:\/\/msppu.org.ua\/wp-content\/uploads\/2016\/10\/DSC_0318.JPG'><img loading=\"lazy\" decoding=\"async\" width=\"150\" height=\"150\" src=\"https:\/\/msppu.org.ua\/wp-content\/uploads\/2016\/10\/DSC_0318-150x150.jpg\" class=\"attachment-thumbnail size-thumbnail\" alt=\"\" \/><\/a>\n\t\t\t<\/dt><\/dl><br style=\"clear: both\" \/><dl class='gallery-item'>\n\t\t\t<dt class='gallery-icon landscape'>\n\t\t\t\t<a href='https:\/\/msppu.org.ua\/wp-content\/uploads\/2016\/10\/DSC_0300.JPG'><img loading=\"lazy\" decoding=\"async\" width=\"150\" height=\"150\" src=\"https:\/\/msppu.org.ua\/wp-content\/uploads\/2016\/10\/DSC_0300-150x150.jpg\" class=\"attachment-thumbnail size-thumbnail\" alt=\"\" \/><\/a>\n\t\t\t<\/dt><\/dl><dl class='gallery-item'>\n\t\t\t<dt class='gallery-icon landscape'>\n\t\t\t\t<a href='https:\/\/msppu.org.ua\/wp-content\/uploads\/2016\/10\/DSC_0214.JPG'><img loading=\"lazy\" decoding=\"async\" width=\"150\" height=\"150\" src=\"https:\/\/msppu.org.ua\/wp-content\/uploads\/2016\/10\/DSC_0214-150x150.jpg\" class=\"attachment-thumbnail size-thumbnail\" alt=\"\" \/><\/a>\n\t\t\t<\/dt><\/dl>\n\t\t\t<br style='clear: both' \/>\n\t\t<\/div>\n\n","protected":false},"excerpt":{"rendered":"<p>Szanowni Pa\u0144stwo! 21 pa\u017adziernika (w pi\u0105tek) w godzinach 19.00 - 22.00 w kijowskim klubie Frat, ul. Szczorsa, 36d, odb\u0119dzie si\u0119 polski wiecz\u00f3r poezji \u015bpiewanej w wykonaniu Paw\u0142a W\u00f3jcika. W programie opr\u00f3cz wyst\u0119pu artysty zaplanowany jest pocz\u0119stunek z symboliczn\u0105 lampk\u0105 wina.<\/p>\n","protected":false},"author":2,"featured_media":0,"parent":7038,"menu_order":0,"comment_status":"closed","ping_status":"closed","template":"","meta":{"_acf_changed":false,"footnotes":""},"class_list":["post-7054","page","type-page","status-publish","hentry"],"acf":[],"_links":{"self":[{"href":"https:\/\/msppu.org.ua\/pl\/wp-json\/wp\/v2\/pages\/7054","targetHints":{"allow":["GET"]}}],"collection":[{"href":"https:\/\/msppu.org.ua\/pl\/wp-json\/wp\/v2\/pages"}],"about":[{"href":"https:\/\/msppu.org.ua\/pl\/wp-json\/wp\/v2\/types\/page"}],"author":[{"embeddable":true,"href":"https:\/\/msppu.org.ua\/pl\/wp-json\/wp\/v2\/users\/2"}],"replies":[{"embeddable":true,"href":"https:\/\/msppu.org.ua\/pl\/wp-json\/wp\/v2\/comments?post=7054"}],"version-history":[{"count":0,"href":"https:\/\/msppu.org.ua\/pl\/wp-json\/wp\/v2\/pages\/7054\/revisions"}],"up":[{"embeddable":true,"href":"https:\/\/msppu.org.ua\/pl\/wp-json\/wp\/v2\/pages\/7038"}],"wp:attachment":[{"href":"https:\/\/msppu.org.ua\/pl\/wp-json\/wp\/v2\/media?parent=7054"}],"curies":[{"name":"wp","href":"https:\/\/api.w.org\/{rel}","templated":true}]}}