{"id":7006,"date":"2018-05-10T11:37:08","date_gmt":"2018-05-10T08:37:08","guid":{"rendered":"https:\/\/msppu.org.ua\/?page_id=7006"},"modified":"2025-03-26T15:10:24","modified_gmt":"2025-03-26T13:10:24","slug":"ambasada-i-konsulaty-rp-na-ukrainie","status":"publish","type":"page","link":"https:\/\/msppu.org.ua\/pl\/przydatne-linki\/ambasada-i-konsulaty-rp-na-ukrainie\/","title":{"rendered":"Ambasada i Konsulaty RP na Ukrainie"},"content":{"rendered":"<h2>Ambasada RP w Kijowie<\/h2>\n<div class=\"art-prev art-prev--under-title\">\n<ul>\n<li><a href=\"https:\/\/www.gov.pl\/web\/ukraina\/charge-d-affaires-ad-interim2\">Charg\u00e9 d'affaires ad interim<\/a><\/li>\n<\/ul>\n<\/div>\n<div class=\"editor-content\">\n<div>\n<p><strong>Ambasada RP w Kijowie<\/strong><\/p>\n<div>\n<p><strong>adres:<\/strong>\u00a0<a href=\"https:\/\/www.google.com\/maps\/place\/ambassade+de+Pologne+en+Ukraine\/@50.450053,30.5097518,17z\/data=!3m1!4b1!4m5!3m4!1s0x40d4ce596e61d727:0x7753828d812d5128!8m2!3d50.450053!4d30.5119458\">Jaros\u0142awiw Wa\u0142 12,\u00a001901 Kij\u00f3w<\/a><br \/>\n<strong>telefon:<\/strong>\u00a0+38 044 2300700<br \/>\n<strong>faks:\u00a0<\/strong>+38 044 2706336<br \/>\n<strong>e-mail<\/strong>:\u00a0<a href=\"mailto:kijow.amb.sekretariat@msz.gov.pl\">kijow.amb.sekretariat@msz.gov.pl<\/a><\/p>\n<ul>\n<li><a href=\"https:\/\/www.gov.pl\/web\/ukraina\/praktyki\">Praktyki<\/a><\/li>\n<\/ul>\n<h3><strong>Wydzia\u0142 Konsularny i Polonii<\/strong><\/h3>\n<p><strong>telefon:<\/strong>\u00a0+38\u00a0044 2300704<\/p>\n<p><strong>e-mail:<\/strong>\u00a0<a href=\"mailto:kijow.konsul@msz.gov.pl\">kijow.konsul@msz.gov.pl<\/a><\/p>\n<p>Okr\u0119g konsularny Konsula RP w Kijowie obejmuje Kijowski Okr\u0119g Konsularny (miasto Kij\u00f3w, obwody: czerkaski, czernihowski, kijowski, kirowogradzki)<\/p>\n<p><strong>Telefon alarmowy<\/strong><\/p>\n<p>W sytuacjach nag\u0142ych, wymagaj\u0105cych pilnej interwencji konsula w sprawach\u00a0obywateli RP, mo\u017cliwy jest kontakt pod numerem telefonu:\u00a0+380\u00a0503\u00a0123\u00a0371<\/p>\n<div>\n<h3><strong>Media spo\u0142eczno\u015bciowe<\/strong><\/h3>\n<p>Twitter:\u00a0<a href=\"https:\/\/twitter.com\/PLinUkraine\">@PLinUkraine<\/a><\/p>\n<p>Facebook:\u00a0<a href=\"https:\/\/www.facebook.com\/PolishEmbassyKyiv\/\">Polish Embassy Kyiv<\/a><\/p>\n<\/div>\n<\/div>\n<\/div>\n<\/div>\n<p>&nbsp;<\/p>\n<h2>Konsulat Generalny RP w Charkowie<\/h2>\n<div class=\"art-prev art-prev--under-title\">\n<ul>\n<li><a href=\"https:\/\/www.gov.pl\/web\/ukraina\/konsul-generalny-RP-w-charkowie2\">Konsul Generalny RP w Charkowie<\/a><\/li>\n<\/ul>\n<\/div>\n<div class=\"editor-content\">\n<div>\n<p>Konsulat Generalny RP w Charkowie prowadzi obecnie dzia\u0142alno\u015b\u0107 w ograniczonym zakresie, w budynku Konsulatu Generalnego RP w \u0141ucku.<br \/>\nAdres mailowy konsulatu:\u00a0<a href=\"mailto:charkow.kg.sekretariat@msz.gov.pl\">charkow.kg.sekretariat@msz.gov.pl<\/a><\/p>\n<\/div>\n<\/div>\n<p>&nbsp;<\/p>\n<h2>Konsulat Generalny RP we Lwowie<\/h2>\n<div class=\"art-prev art-prev--under-title\">\n<ul>\n<li><a href=\"https:\/\/www.gov.pl\/web\/ukraina\/konsul-rp-we-lwowie\">Konsul RP we Lwowie<\/a><\/li>\n<\/ul>\n<\/div>\n<div class=\"editor-content\">\n<div>\n<p><strong>adres:<\/strong>\u00a0<a href=\"https:\/\/www.google.pl\/maps\/place\/Ivana+Franka+St,+10,+L'viv,+L'vivs'ka+oblast,+Ukraine,+79000\/@49.836986,24.0324281,17z\/data=!3m1!4b1!4m5!3m4!1s0x473add691a4d0429:0x333438a200be20a0!8m2!3d49.836986!4d24.0346221\">79011 Lw\u00f3w, ul. Iwana Franki\u00a0108<\/a><br \/>\n<strong>telefon:\u00a0<\/strong><a href=\"tel:+38 032%C2%A0295 79 90\">+38 032\u00a0295 79 90<\/a>\u00a0\u00a0(od poniedzia\u0142ku do pi\u0105tku w godzinach 08:30 \u2013 16:30)<\/p>\n<p><strong>e-mail:<\/strong><\/p>\n<p>Kwestie wizowe\u00a0<a href=\"mailto:wiza.lwow@msz.gov.pl\">wiza.lwow@msz.gov.pl<\/a><\/p>\n<p>Pozosta\u0142e kwestie\u00a0<a href=\"mailto:lwow.konsul@msz.gov.pl\">lwow.konsul@msz.gov.pl<\/a><\/p>\n<p><strong>Elektroniczna Skrzynka Podawcza (ESP):<\/strong>\u00a0\/KGLwow\/SkrytkaESP<\/p>\n<p><strong>godziny przyj\u0119\u0107:\u00a0<\/strong>08.30 \u2013 16.30<\/p>\n<p><strong>Wydzia\u0142 Ruchu Osobowego (sprawy wizowe i Ma\u0142y Ruch Graniczny):\u00a0<\/strong><\/p>\n<p>- przyjmowanie wniosk\u00f3w wizowych: 9:00 - 14:00:<br \/>\n- wydawanie paszport\u00f3w: 14:00 - 16:00.<\/p>\n<p>- przyjmowanie wniosk\u00f3w MRG: 10:00 - 14:00\u00a0(zgodnie z ustalon\u0105 dat\u0105 i godzin\u0105)<\/p>\n<p>- wydawanie karty MRG\u00a0w pi\u0105tki: 9:00 - 14:00.<\/p>\n<p><strong>telefon:<\/strong>\u00a0(+380 32) 295 79 90,<br \/>\n<strong>e-mail:<\/strong>\u00a0<a href=\"mailto:wiza.lwow@msz.gov.pl\">wiza.lwow@msz.gov.pl<\/a><\/p>\n<p><strong>Wydzia\u0142 Spraw Prawnych i Pomocy Konsularnej<\/strong>: od poniedzia\u0142ku do czwartku\u00a0w godzinach 10:00-14:00.<br \/>\n<strong>telefon:<\/strong>\u00a0(+380 32) 295 79 90<br \/>\n<strong>faks:\u00a0 \u00a0 \u00a0 \u00a0<\/strong>(+380 32) 295 79 80<br \/>\n<strong>e-mail:<\/strong>\u00a0<a href=\"mailto:lwow.kg.wsppk@msz.gov.pl\">lwow.kg.wsppk@msz.gov.pl<\/a><\/p>\n<p><strong>Wydzia\u0142 Karty Polaka:<\/strong>\u00a0poniedzia\u0142ek, wtorek, \u015broda, czwartek<\/p>\n<p>- przyjmowanie wniosk\u00f3w: 9:00 - 14:00 (przed\u0142u\u017canie wa\u017cno\u015bci KP bez rejestracji - we wtorki i czwartki w godz. 9:00 - 14:00);<\/p>\n<p>- wydawanie Kart Polaka: od poniedzia\u0142ku do czwartku w godz. 9:00 \u2013 13:00;<\/p>\n<p>telefon: (+380 32) 295 79 90<\/p>\n<p>faks: (+380 32) 295 79 89<\/p>\n<p>e-mail:\u00a0<a href=\"mailto:kartapolaka.lwow@msz.gov.pl\">kartapolaka.lwow@msz.gov.pl<\/a><\/p>\n<p><strong>Wydzia\u0142 Polonii<\/strong><br \/>\n<strong>telefon:<\/strong>\u00a0(+380 32) 295 79 90<br \/>\n<strong>faks:\u00a0<\/strong>(+380 32) 295 79 80<br \/>\n<strong>e-mail:<\/strong>\u00a0<a href=\"mailto:wwpu.lwow@msz.gov.pl\">wwpu.lwow@msz.gov.pl<\/a><\/p>\n<p><strong>Referat\u00a0ds<span dir=\"ltr\" lang=\"RU\">.\u00a0<\/span>Polityczno<span dir=\"ltr\" lang=\"RU\">-<\/span>Ekonomicznych<\/strong><br \/>\n<strong>telefon:<\/strong>\u00a0(+380 32) 295 79 90<br \/>\n<strong>faks:\u00a0<\/strong>(+380 32) 295 79 80<br \/>\n<strong>e-mail:\u00a0<\/strong><a href=\"mailto:lwow.kg.sekretariat@msz.gov.pl\">lwow.kg.w<\/a><a href=\"http:\/\/lwow.kg.wpe@msz.gov.pl\/\">pe@msz.gov.pl<\/a><\/p>\n<p>W celu spotkania z pracownikami wydzia\u0142\u00f3w prosimy\u00a0o uprzednie umawianie si\u0119 na wizyt\u0119 drog\u0105 mailow\u0105 lub telefoniczn\u0105.<\/p>\n<p><strong>Okr\u0119g konsularny Konsulatu Generalnego RP we Lwowie obejmuje lwowski okr\u0119g konsularny (obwody: iwanofrankiwski, lwowski, zakarpacki).<\/strong><\/p>\n<p><strong>Przyjmowanie skarg i wniosk\u00f3w<\/strong><\/p>\n<p>Osoby zainteresowane z\u0142o\u017ceniem skargi lub wniosku przyjmowane s\u0105 we \u015brody w godz. 10:00\u201318:00.<\/p>\n<p>Skargi i wnioski mog\u0105 by\u0107 wnoszone zar\u00f3wno w formie pisemnej, jak i ustnej. Skarga lub wniosek w formie pisemnej mog\u0105 by\u0107 przes\u0142ane drog\u0105 pocztow\u0105, kuriersk\u0105, z\u0142o\u017cone\u00a0osobi\u015bcie w Konsulacie, jak r\u00f3wnie\u017c przes\u0142ane\u00a0faksem lub e-mailem. Skarga lub wniosek w formie ustnej mog\u0105 by\u0107 z\u0142o\u017cone osobi\u015bcie wobec pracownika wyznaczonego przez Konsula Generalnego, w ka\u017cd\u0105 \u015brod\u0119 w godz.\u00a010:00\u201318:00, po uprzednim um\u00f3wieniu si\u0119 telefonicznym lub mailowym.<\/p>\n<h3><strong>Telefon i mail dy\u017curny<\/strong><\/h3>\n<p>W sytuacjach nag\u0142ych dot. ob. RP, wymagaj\u0105cych pilnej interwencji konsula mo\u017cliwy jest kontakt pod numerem telefonu:\u00a0<a href=\"tel:+38 095 2600 200\">+38 095 2600 200<\/a>\u00a0lub mailem:\u00a0<a href=\"mailto:lwow.kg.dyzurny@msz.gov.pl\">lwow.kg.dyzurny@msz.gov.pl<\/a><\/p>\n<h3><strong>Media spo\u0142eczno\u015bciowe<\/strong><\/h3>\n<p>Twitter:\u00a0<a href=\"https:\/\/twitter.com\/PLinLviv\">@PLinLviv<\/a><br \/>\nFacebook:\u00a0<a href=\"https:\/\/www.facebook.com\/PLinLviv\/\">Konsulat Generalny we Lwowie<\/a><\/p>\n<\/div>\n<\/div>\n<p>&nbsp;<\/p>\n<p>&nbsp;<\/p>\n<div class=\"article-area main-container \">\n<article id=\"main-content\" class=\"article-area__article \">\n<h2>Konsulat Generalny RP w \u0141ucku<\/h2>\n<div class=\"art-prev art-prev--under-title\">\n<ul>\n<li><a href=\"https:\/\/www.gov.pl\/web\/ukraina\/konsul-rp-w-lucku\">Konsulat Generalny RP w \u0141ucku<\/a><\/li>\n<\/ul>\n<\/div>\n<div class=\"editor-content\">\n<div>\n<p><strong>Telefon konsulatu: +380 332 280\u00a0640<\/strong><\/p>\n<p>Zapisy w sprawie Karty Polaka oraz zapytania dotycz\u0105ce problematyki zwi\u0105zanej z Kart\u0105 Polaka prosimy kierowa\u0107 na adres:\u00a0<a href=\"mailto:luck.kg.kartapolaka@msz.gov.pl\">luck.kg.kartapolaka@msz.gov.pl<\/a>.<br \/>\nW sprawach prawnych, pomocy konsularnej i paszportowych prosimy kierowa\u0107 zapytania na adres:\u00a0<a href=\"mailto:luck.prawny@msz.gov.pl\">luck.prawny@msz.gov.pl<\/a>.<\/p>\n<p>W celu z\u0142o\u017cenia wniosku wizowego na wiz\u0119 krajow\u0105 lub Schengen, oraz MGR konieczne jest wcze\u015bniejsze zarejestrowanie wniosku w systemie e-Konsulat oraz zg\u0142oszenie si\u0119 w KG RP w \u0141ucku zgodnie z wyznaczon\u0105 dat\u0105 i godzin\u0105 rejestracji\u00a0<a href=\"https:\/\/secure.e-konsulat.gov.pl\/placowki\/83\">https:\/\/secure.e-konsulat.gov.pl\/placowki\/83<\/a><\/p>\n<p>Zapytania mailowe dotycz\u0105ce pozosta\u0142ych zagadnie\u0144 prosimy kierowa\u0107 na adres\u00a0<a href=\"mailto:luck.konsul@msz.gov.pl\">luck.konsul@msz.gov.pl<\/a>.<\/p>\n<p><strong>Telefon konsula dy\u017curnego: +380 50\u00a0402 92 91<\/strong><\/p>\n<p>Konsul dy\u017curny nie udziela informacji. Jest to numer alarmowy wy\u0142\u0105cznie dla obywateli polskich, z kt\u00f3rego nale\u017cy korzysta\u0107 poza godzinami pracy.<\/p>\n<p>&nbsp;<\/p>\n<h2>Konsulat Generalny RP w Odessie<\/h2>\n<div class=\"art-prev art-prev--under-title\">\n<ul>\n<li><a href=\"https:\/\/www.gov.pl\/web\/ukraina\/konsul-rp-w-odessie2\">Konsul RP w Odessie<\/a><\/li>\n<\/ul>\n<\/div>\n<div class=\"editor-content\">\n<div>\n<div><strong>Okr\u0119g konsularny Konsulatu Generalnego Rzeczypospolitej Polskiej w Odessie obejmuje obwody: odeski cherso\u0144ski, miko\u0142ajowski, Autonomiczn\u0105 Republik\u0119 Krymu i miasto Sewastopol.<\/strong><\/div>\n<p><strong>Dane adresowe:<\/strong><br \/>\n<u>adres:<\/u>\u00a0ul. Uspenska 2\/1, 65014 Odessa, Ukraina<br \/>\n<u>tymczasowy adres korespondencyjny:<\/u>\u00a0KG RP w Odessie, ul. Jaros\u0142awiw Wa\u0142 12, 01901 Kij\u00f3w, Ukraina<br \/>\ntelefon:\u00a0<a href=\"tel:+380 503%C2%A0333 466\">+380 503\u00a0333 466<\/a><br \/>\ne-mail:\u00a0<a href=\"mailto:odessa.konsul@msz.gov.pl\">odessa.konsul@msz.gov.pl<\/a><\/p>\n<p>Konsulat Generalny RP w Odessie przyjmuje interesant\u00f3w po wcze\u015bniejszym um\u00f3wieniu, mo\u017cna tego dokona\u0107 telefonicznie (telefon: +380 503\u00a0333\u00a0466) od poniedzia\u0142ku do czwartku w godzinach od 10:00 do 14:00.<\/p>\n<p><strong>P\u0142atno\u015bci:<\/strong><br \/>\nUrz\u0105d przyjmuje p\u0142atno\u015bci wy\u0142\u0105cznie got\u00f3wk\u0105 (EUR).<\/p>\n<p><strong>Telefon i e-mail alarmowy:<\/strong><br \/>\nW sytuacjach nag\u0142ych i nadzwyczajnych dotycz\u0105cych zagro\u017cenia \u017cycia obywateli RP, wypadk\u00f3w, zgon\u00f3w, aresztowa\u0144, katastrof oraz zdarze\u0144 wymagaj\u0105cych pilnej interwencji konsula, mo\u017cliwy jest kontakt pod numerem telefonu: +380\u00a0991\u00a0992 994 oraz adresem e- mail:\u00a0<a href=\"mailto:odessa.kg.dyzurny@msz.gov.pl\">odessa.kg.dyzurny@msz.gov.pl<\/a>.<\/p>\n<p><u>UWAGA:\u00a0<\/u>Telefon alarmowy nie jest telefonem informacyjnym ani nie s\u0142u\u017cy do umawiania wizyt w konsulacie.<\/p>\n<p><strong>Skargi i wnioski:<\/strong><br \/>\nKonsul Generalny RP w Odessie przyjmuje interesant\u00f3w w sprawie skarg i wniosk\u00f3w po wcze\u015bniejszym uzgodnieniu terminu.<\/p>\n<p>&nbsp;<\/p>\n<h2>Konsulat Generalny RP w Winnicy<\/h2>\n<div class=\"art-prev art-prev--under-title\">\n<ul>\n<li><a href=\"https:\/\/www.gov.pl\/web\/ukraina\/konsul-generalny-rp-w-winnicy\">Konsul Generalny RP w Winnicy<\/a><\/li>\n<li><a href=\"https:\/\/www.gov.pl\/web\/ukraina\/personel6\">Personel<\/a><\/li>\n<\/ul>\n<\/div>\n<div class=\"editor-content\">\n<div>\n<p>Uprzejmie informujemy, i\u017c czasow\u0105 siedzib\u0105 Konsulatu Generalnego RP w Winnicy jest m. Lw\u00f3w.<\/p>\n<p>Kontakt z urz\u0119dem jest mo\u017cliwy pod adresem poczty elektronicznej:\u00a0<a href=\"mailto:winnica.kg.sekretariat@msz.gov.pl\">winnica.kg.sekretariat@msz.gov.pl<\/a>.<\/p>\n<p>Tymczasowy adres korespondencyjny:\u00a0KG RP w Winnicy, ul. Iwana Franko 108, Lw\u00f3w, Ukraina. Urz\u0105d nie przyjmuje wniosk\u00f3w ws. Karty Polaka korespondencyjnie.<\/p>\n<p>Skargi i wnioski<br \/>\nKonsul Generalny RP w Winnicy przyjmuje w sprawie skarg i wniosk\u00f3w co najmniej raz w tygodniu w terminie uzgodnionym z interesantem.<\/p>\n<p>Okr\u0119g konsularny Konsulatu Generalnego Rzeczypospolitej Polskiej w Winnicy obejmuje obwody chmielnicki, czerniowiecki, winnicki i \u017cytomierski.<\/p>\n<\/div>\n<\/div>\n<\/div>\n<\/div>\n<\/div>\n<\/div>\n<\/article>\n<\/div>\n<p>&nbsp;<\/p>\n<div class=\"content_wrapper pt-0\">\n<div class=\"row\">\n<div class=\"col-12\">\n<div class=\"page_title\">\n<div class=\"page_title-text\"><a class=\"menu_desktop__link \" href=\"https:\/\/poland.mfa.gov.ua\/pl\/embassy\" target=\"\" rel=\"noopener\">AMBASADA i KONSULATY UKRAINY w POLSCE<\/a><\/div>\n<div><\/div>\n<\/div>\n<\/div>\n<\/div>\n<div class=\"row justify-content-center\">\n<div class=\"col-md-8\">\n<div class=\"editor-content\">\n<div class=\"table-responsive\">\n<table class=\"table\" border=\"1\" cellspacing=\"0\" cellpadding=\"0\">\n<tbody>\n<tr>\n<td colspan=\"3\" valign=\"top\" width=\"707\"><strong>AMBASADA UKRAINY W RZECZYPOSPOLITEJ POLSKIEJ<\/strong><\/td>\n<\/tr>\n<tr>\n<td valign=\"top\" width=\"198\"><strong>AMBASADOR:<\/strong><strong>\u00a0<\/strong>Wasyl Bodnar<\/p>\n<p>&nbsp;<\/td>\n<td valign=\"top\" width=\"226\"><strong>TEL<\/strong>: +48-22-622-47-97<\/p>\n<p><strong>FAX<\/strong>: +48-22-629-81-03<\/td>\n<td valign=\"top\" width=\"283\"><strong>WEBSITE<\/strong>:\u00a0<a href=\"http:\/\/poland.mfa.gov.ua\/\" target=\"_blank\" rel=\"nofollow noopener\">http:\/\/poland.mfa.gov.ua<\/a><\/p>\n<p>&nbsp;<\/td>\n<\/tr>\n<tr>\n<td valign=\"top\" width=\"198\"><strong>ADRES:<\/strong>\u00a0Al. J.Ch. Szucha, 7, 00-580 Warszawa, Polska<\/td>\n<td valign=\"top\" width=\"226\"><strong>E<\/strong><strong>-MAIL:<\/strong>\u00a0<a href=\"mailto:emb_pl@mfa.gov.ua\">emb_pl@mfa.gov.ua<\/a><\/td>\n<td valign=\"top\" width=\"283\"><strong>GODZINY OTWARCIA:<\/strong><\/p>\n<p>poniedzia\u0142ek-pi\u0105tek 08:30-17:45<\/td>\n<\/tr>\n<tr>\n<td colspan=\"3\" valign=\"top\" width=\"707\"><strong>WYDZIA\u0141 KONSULARNY AMBASADY<\/strong><\/td>\n<\/tr>\n<tr>\n<td valign=\"top\" width=\"198\"><strong>KIEROWNIK:\u00a0<\/strong>Dany\u0142o Zapiewa\u0142ow<\/p>\n<p>&nbsp;<\/td>\n<td valign=\"top\" width=\"226\"><strong>TEL<\/strong><strong>:\u00a0<\/strong>+48 22 621 39 79<\/p>\n<p>&nbsp;<\/p>\n<p>08:00-20:00<\/p>\n<p>+48 698 608 837 wy\u0142\u0105cznie w sprawach zagro\u017cenia \u017cyciu lub zgonu obywatela Ukrainy<\/td>\n<td valign=\"top\" width=\"283\"><strong>WEBSITE<\/strong><strong>:<\/strong><\/p>\n<p><a href=\"https:\/\/poland.mfa.gov.ua\/konsulski-pitannya\">https:\/\/poland.mfa.gov.ua\/konsulski-pitannya<\/a><\/p>\n<p>&nbsp;<\/p>\n<p>&nbsp;<\/td>\n<\/tr>\n<tr>\n<td valign=\"top\" width=\"198\"><strong>ADRES<\/strong><strong>:<\/strong>\u00a0ul. Antoniego Malczewskiego 17, 02-617 Warszawa<\/td>\n<td valign=\"top\" width=\"226\"><strong>E-MAIL:<\/strong><\/p>\n<p><a href=\"mailto:consul_pl@mfa.gov.ua\">consul_pl@mfa.gov.ua<\/a><\/p>\n<p>&nbsp;<\/td>\n<td valign=\"top\" width=\"283\"><strong>GODZINY OTWARCIA<\/strong><strong>:<\/strong><\/p>\n<p>poniedzia\u0142ek-pi\u0105tek 08:00-20:00<\/p>\n<p>&nbsp;<\/p>\n<p>&nbsp;<\/td>\n<\/tr>\n<\/tbody>\n<\/table>\n<\/div>\n<p>&nbsp;<\/p>\n<div class=\"table-responsive\">\n<table class=\"table\" border=\"1\" cellspacing=\"0\" cellpadding=\"0\">\n<tbody>\n<tr>\n<td colspan=\"3\" valign=\"top\" width=\"707\"><strong>KONSULAT GENERALNY UKRAINY WE WROC\u0141AWIU<\/strong><\/td>\n<\/tr>\n<tr>\n<td valign=\"top\" width=\"219\"><strong>KONSUL GENERALNY<\/strong><strong>:<\/strong><\/p>\n<p>Jurij Tokar<\/p>\n<p>&nbsp;<\/p>\n<p>&nbsp;<\/td>\n<td valign=\"top\" width=\"237\"><strong>TEL<\/strong><strong>:<\/strong>\u00a0<strong>+<\/strong>48 71 712 76 00<\/p>\n<p><strong>FAX<\/strong><strong>:<\/strong>\u00a0<strong>+<\/strong>48 71 712 76 01<\/p>\n<p>&nbsp;<\/td>\n<td valign=\"top\" width=\"251\"><strong>WEBSITE<\/strong><strong>:<\/strong>\u00a0<a href=\"https:\/\/wroclaw.mfa.gov.ua\/\" target=\"_blank\" rel=\"noopener noreferrer\">wroclaw.mfa.gov.ua\/<\/a><\/p>\n<p>&nbsp;<\/td>\n<\/tr>\n<tr>\n<td valign=\"top\" width=\"219\"><strong>ADRES<\/strong><strong>:<\/strong>\u00a0<a href=\"https:\/\/www.google.com\/maps\/place\/plac+Nankiera+5-7,+50-140+Wroc%C5%82aw\/@51.1125436,17.0369531,19z\/data=!3m1!4b1!4m5!3m4!1s0x470fe9d8c816c949:0x416776c329089a84!8m2!3d51.1125453!4d17.0375002\" target=\"_blank\" rel=\"noopener noreferrer\">pl. Biskupa Nankiera 7, 50-140 Wroclaw\u00a0<\/a><\/p>\n<p>&nbsp;<\/td>\n<td valign=\"top\" width=\"237\"><strong>E-MAIL:<\/strong><strong>\u00a0<\/strong><a href=\"mailto:gc_plw@mfa.gov.ua\">\u00a0gc_plw@mfa.gov.ua<\/a><\/p>\n<p>&nbsp;<\/td>\n<td valign=\"top\" width=\"251\"><strong>GODZINY OTWARCIA<\/strong><strong>:\u00a0<\/strong><\/p>\n<p>poniedzia\u0142ek-pi\u0105tek - 8:00-20:30<\/p>\n<p><strong>godz. przyjmowania interesant\u00f3w<\/strong>:<\/p>\n<p>poniedzia\u0142ek, \u015broda - 14:30-17:30;<\/p>\n<p>wtorek, czwartek, pi\u0105tek - 08:30-12:30<\/td>\n<\/tr>\n<\/tbody>\n<\/table>\n<\/div>\n<p>&nbsp;<\/p>\n<div class=\"table-responsive\">\n<table class=\"table\" border=\"1\" cellspacing=\"0\" cellpadding=\"0\">\n<tbody>\n<tr>\n<td colspan=\"3\" valign=\"top\" width=\"707\"><strong>KONSULAT GENERALNY UKRAINY W KRAKOWIE<\/strong><\/td>\n<\/tr>\n<tr>\n<td valign=\"top\" width=\"221\"><strong>KONSUL GENERALNY<\/strong><strong>:<\/strong>\u00a0Wiaczes\u0142aw Wojnarowski<\/p>\n<p>&nbsp;<\/td>\n<td valign=\"top\" width=\"233\"><strong>TEL<\/strong><strong>:\u00a0<\/strong>+48-12-429-60-66,<\/p>\n<p>+48-124-29-45-22<\/p>\n<p><strong>FAX<\/strong><strong>:<\/strong><\/p>\n<p>+48-124-29-29-36<\/td>\n<td valign=\"top\" width=\"253\"><strong>WEBSITE<\/strong><strong>:<\/strong><\/p>\n<p><a href=\"http:\/\/krakow.mfa.gov.ua\/\" target=\"_blank\" rel=\"nofollow noopener\">http:\/\/krakow.mfa.gov.ua<\/a><\/p>\n<p>&nbsp;<\/td>\n<\/tr>\n<tr>\n<td valign=\"top\" width=\"221\"><strong>ADRES<\/strong><strong>:<\/strong><a href=\"https:\/\/www.google.com\/maps\/place\/Aleja+Pu%C5%82kownika+W%C5%82adys%C5%82awa+Beliny-Pra%C5%BCmowskiego+4,+Krak%C3%B3w\/@50.0674231,19.956536,17z\/data=!3m1!4b1!4m5!3m4!1s0x47165b220a408f7f:0xb295e65ecfe6a3a1!8m2!3d50.0674231!4d19.9587247\" target=\"_blank\" rel=\"noopener noreferrer\">\u00a0al. Beliny-Pra\u017cmowskiego 4, 31-514 Krak\u00f3w<\/a><\/p>\n<p>&nbsp;<\/td>\n<td valign=\"top\" width=\"233\"><strong>E-MAIL<\/strong>:<\/p>\n<p><a href=\"mailto:gc_plk@mfa.gov.ua\">gc_plk@mfa.gov.ua<\/a><\/td>\n<td valign=\"top\" width=\"253\"><strong>GODZINY OTWARCIA<\/strong>:<\/p>\n<p>08:00-20:00<\/td>\n<\/tr>\n<\/tbody>\n<\/table>\n<\/div>\n<p>&nbsp;<\/p>\n<div class=\"table-responsive\">\n<table class=\"table\" border=\"1\" cellspacing=\"0\" cellpadding=\"0\">\n<tbody>\n<tr>\n<td colspan=\"3\" valign=\"top\" width=\"707\"><strong>KONSULAT GENERALNY UKRAINY W LUBLINIE<\/strong><\/td>\n<\/tr>\n<tr>\n<td valign=\"top\" width=\"219\"><strong>KONSUL GENERALNY<\/strong><strong>:<\/strong>\u00a0 Oleh Kuts<\/p>\n<p>&nbsp;<\/td>\n<td valign=\"top\" width=\"237\"><strong>TEL<\/strong><strong>:<\/strong>\u00a0+48-81-531-88-89<\/p>\n<p><strong>FAX<\/strong><strong>:<\/strong>\u00a0+48-81-531-88-88<\/p>\n<p>+48 784 138 555 wy\u0142\u0105cznie w sprawach zagro\u017cenia \u017cyciu lub zgonu obywatela Ukrainy<\/td>\n<td valign=\"top\" width=\"251\"><strong>WEBSITE<\/strong><strong>:<\/strong>\u00a0<a href=\"http:\/\/lublin.mfa.gov.ua\/\" target=\"_blank\" rel=\"nofollow noopener\">http:\/\/lublin.mfa.gov.ua<\/a><\/p>\n<p>&nbsp;<\/td>\n<\/tr>\n<tr>\n<td valign=\"top\" width=\"219\"><strong>ADRES<\/strong><strong>:<\/strong>\u00a0ul. Spokojna 2, 20-074 Lublin<\/p>\n<p>&nbsp;<\/td>\n<td valign=\"top\" width=\"237\"><strong>E-MAIL:<\/strong><strong>\u00a0<\/strong><a href=\"mailto:gc_pll@mfa.gov.ua\">gc_pll@mfa.gov.ua<\/a><\/p>\n<p>&nbsp;<\/td>\n<td valign=\"top\" width=\"251\"><strong>GODZINY OTWARCIA<\/strong><strong>:\u00a0<\/strong><\/p>\n<p>poniedzia\u0142ek-pi\u0105tek - 8:30-17:30<\/p>\n<p><strong>godz. przyjmowania interesant\u00f3w<\/strong>:<\/p>\n<p>poniedzia\u0142ek, \u015broda - 14:30-17:30;<\/p>\n<p>wtorek, czwartek, pi\u0105tek - 08:30-12:30<\/td>\n<\/tr>\n<\/tbody>\n<\/table>\n<\/div>\n<p>&nbsp;<\/p>\n<div class=\"table-responsive\">\n<table class=\"table\" border=\"1\" cellspacing=\"0\" cellpadding=\"0\">\n<tbody>\n<tr>\n<td colspan=\"3\" valign=\"top\" width=\"707\"><strong>KONSULAT UKRAINY W GDA\u0143SKU<\/strong><\/td>\n<\/tr>\n<tr>\n<td valign=\"top\" width=\"221\"><strong>KONSUL UKRAINY<\/strong><strong>:\u00a0<\/strong><\/p>\n<p>O\u0142eksandr P\u0142odysty<\/p>\n<p>&nbsp;<\/p>\n<p>&nbsp;<\/td>\n<td valign=\"top\" width=\"234\"><strong>TEL<\/strong><strong>:\u00a0<\/strong>+48-58-34-606-90<\/p>\n<p><strong>FAX<\/strong><strong>:\u00a0<\/strong>+48-58-34-607-07<\/td>\n<td valign=\"top\" width=\"252\"><strong>WEBSITE<\/strong><strong>:<\/strong><\/p>\n<p><a href=\"http:\/\/gdansk.mfa.gov.ua\/\" target=\"_blank\" rel=\"nofollow noopener\">http:\/\/gdansk.mfa.gov.ua<\/a><\/p>\n<p>&nbsp;<\/td>\n<\/tr>\n<tr>\n<td valign=\"top\" width=\"221\"><strong>ADRES<\/strong><strong>:\u00a0<\/strong><a href=\"https:\/\/www.google.com\/maps\/place\/Bernarda+Chrzanowskiego+60,+80-278+Gda%C5%84sk\/@54.3857784,18.5772722,17z\/data=!3m1!4b1!4m5!3m4!1s0x46fd74e0abd915a7:0x50cb8aa4e7d72104!8m2!3d54.3857784!4d18.5794609\" target=\"_blank\" rel=\"noopener noreferrer\">ul. Bernarda Chrzanowskiego 60-\u0410, 80-278 Gda\u0144sk<\/a><\/p>\n<p>&nbsp;<\/p>\n<p>&nbsp;<\/td>\n<td valign=\"top\" width=\"234\"><strong>\u0415-MAIL:<\/strong><\/p>\n<p><a href=\"mailto:gc_plg@mfa.gov.ua\">gc_plg@mfa.gov.ua<\/a><\/p>\n<p>&nbsp;<\/td>\n<td valign=\"top\" width=\"252\"><strong>GODZINY OTWARCIA<\/strong><strong>:<\/strong><\/p>\n<p>poniedzia\u0142ek-pi\u0105tek 08:00-20.00<\/p>\n<p>sobota 09:00-16.00<\/p>\n<p>&nbsp;<\/td>\n<\/tr>\n<\/tbody>\n<\/table>\n<\/div>\n<p>&nbsp;<\/p>\n<p><img class=\"fr-fic fr-dib\" title=\"ambasada ukrainy w rzeczypospolitej polskiej - kontakt: ambasada i plac\u00f3wki konsularne\" alt=\"ambasada ukrainy w rzeczypospolitej polskiej - kontakt: ambasada i plac\u00f3wki konsularne\" \/><\/p>\n<\/div>\n<\/div>\n<\/div>\n<\/div>\n<p>&nbsp;<\/p>\n","protected":false},"excerpt":{"rendered":"<p>Ambasada RP w Kijowie Charg\u00e9 d'affaires ad interim Ambasada RP w Kijowie adres:\u00a0Jaros\u0142awiw Wa\u0142 12,\u00a001901 Kij\u00f3w telefon:\u00a0+38 044 2300700 faks:\u00a0+38 044 2706336 e-mail:\u00a0kijow.amb.sekretariat@msz.gov.pl Praktyki Wydzia\u0142 Konsularny i Polonii telefon:\u00a0+38\u00a0044 2300704 e-mail:\u00a0kijow.konsul@msz.gov.pl Okr\u0119g konsularny Konsula RP w Kijowie obejmuje Kijowski Okr\u0119g Konsularny (miasto Kij\u00f3w, obwody: czerkaski, czernihowski, kijowski, kirowogradzki) Telefon alarmowy W sytuacjach nag\u0142ych, wymagaj\u0105cych pilnej [&hellip;]<\/p>\n","protected":false},"author":2,"featured_media":0,"parent":7002,"menu_order":0,"comment_status":"closed","ping_status":"closed","template":"","meta":{"_acf_changed":false,"footnotes":""},"class_list":["post-7006","page","type-page","status-publish","hentry"],"acf":[],"_links":{"self":[{"href":"https:\/\/msppu.org.ua\/pl\/wp-json\/wp\/v2\/pages\/7006","targetHints":{"allow":["GET"]}}],"collection":[{"href":"https:\/\/msppu.org.ua\/pl\/wp-json\/wp\/v2\/pages"}],"about":[{"href":"https:\/\/msppu.org.ua\/pl\/wp-json\/wp\/v2\/types\/page"}],"author":[{"embeddable":true,"href":"https:\/\/msppu.org.ua\/pl\/wp-json\/wp\/v2\/users\/2"}],"replies":[{"embeddable":true,"href":"https:\/\/msppu.org.ua\/pl\/wp-json\/wp\/v2\/comments?post=7006"}],"version-history":[{"count":0,"href":"https:\/\/msppu.org.ua\/pl\/wp-json\/wp\/v2\/pages\/7006\/revisions"}],"up":[{"embeddable":true,"href":"https:\/\/msppu.org.ua\/pl\/wp-json\/wp\/v2\/pages\/7002"}],"wp:attachment":[{"href":"https:\/\/msppu.org.ua\/pl\/wp-json\/wp\/v2\/media?parent=7006"}],"curies":[{"name":"wp","href":"https:\/\/api.w.org\/{rel}","templated":true}]}}