{"id":7000,"date":"2018-05-10T11:27:03","date_gmt":"2018-05-10T08:27:03","guid":{"rendered":"https:\/\/msppu.org.ua\/?page_id=7000"},"modified":"2018-05-10T11:27:03","modified_gmt":"2018-05-10T08:27:03","slug":"dzialalnosc-charytatywna","status":"publish","type":"page","link":"https:\/\/msppu.org.ua\/pl\/dzialalnosc-msppu-2\/imprezy-i-przedsiewziecia\/dzialalnosc-charytatywna\/","title":{"rendered":"Dzia\u0142alno\u015b\u0107 charytatywna"},"content":{"rendered":"<p><strong>Wielka orkiestra \u2013 Sercu dla Serca<\/strong><\/p>\n<p>Stowarzyszenie i wielu jego Cz\u0142onk\u00f3w bierze udzia\u0142 w organizacji akcji \u201e\u0421\u0435\u0440\u0446\u0435 \u0434\u043e \u0421\u0435\u0440\u0446\u044f\u201d (<a href=\"http:\/\/fsds.in.ua\/\">http:\/\/fsds.in.ua<\/a>) , kt\u00f3ra jest odpowiednikiem \u201eWielkiej Orkiestry \u015awi\u0105tecznej Pomocy\u201c (<a href=\"http:\/\/www.wosp.org.pl\/\">http:\/\/www.wosp.org.pl<\/a>) . Fundacja, kt\u00f3ra ju\u017c pi\u0105ty rok zbiera \u015brodki na sprz\u0119t madyczny dla dzieci na Ukrainie, powsta\u0142a przy wsparciu i na wz\u00f3r fundacji Jurka Owsiaka.<\/p>\n<p><strong>Bazar Dobroczynny<\/strong><\/p>\n<p>Od 3 lat Stowarzyszenie bierze udzia\u0142 w organizowanym przez Mi\u0119dzynarodowy Klub Kobiet w Kijowie (<a href=\"http:\/\/www.iwck.org\/\">http:\/\/www.iwck.org<\/a>) \u015bwi\u0105tecznym Bazarze Dobroczynnym.<\/p>\n<p>Przedstawiciele prawie trzydziestu kraj\u00f3w przynosz\u0105 swoje wyroby i\u00a0produkty, \u015brodki ze sprzeda\u017cy kt\u00f3rych przeznaczane s\u0105 na pomoc potrzebuj\u0105cym, g\u0142\u00f3wnie Domom Dziecka na Ukrainie.<\/p>\n<p>Jeste\u015bmy bardzo dumni z\u00a0faktu, \u017ce w 2009 roku, zebrawszy kwot\u0119 95 550 UAH, Polska zaj\u0119\u0142a drugie miejsce w\u015br\u00f3d wszystkich pa\u0144stw, bior\u0105cych udzia\u0142 w\u00a0Bazarze. Uda\u0142o si\u0119 to osi\u0105gn\u0105\u0107, mi\u0119dzy innymi, dzi\u0119ki czynnemu zaanga\u017cowaniu w\u00a0akcj\u0119 Cz\u0142onk\u00f3w naszego Stowarzyszenia, kt\u00f3rzy ofiarowali swoje wyroby lub przekazali na rzecz akcji \u015brodki pieni\u0119\u017cne. Bardzo dzi\u0119kujemy firmom: Zelmer Ukraina, Delicja, Lirene (Irena Eris), Bakaland, Bella Trade, CAN-PACK, EKO, Cargill, Agora, Kredobank, Raben, Wolf Theiss i in. Mamy nadziej\u0119, \u017ce w przysz\u0142o\u015bci uda nam si\u0119 poszerzy\u0107 grono darczy\u0144c\u00f3w i zebra\u0107 jeszcze wi\u0119cej \u015brodk\u00f3w na cele charytatywne.<\/p>\n","protected":false},"excerpt":{"rendered":"<p>Wielka orkiestra \u2013 Sercu dla Serca Stowarzyszenie i wielu jego Cz\u0142onk\u00f3w bierze udzia\u0142 w organizacji akcji \u201e\u0421\u0435\u0440\u0446\u0435 \u0434\u043e \u0421\u0435\u0440\u0446\u044f\u201d (http:\/\/fsds.in.ua) , kt\u00f3ra jest odpowiednikiem \u201eWielkiej Orkiestry \u015awi\u0105tecznej Pomocy\u201c (http:\/\/www.wosp.org.pl) . Fundacja, kt\u00f3ra ju\u017c pi\u0105ty rok zbiera \u015brodki na sprz\u0119t madyczny dla dzieci na Ukrainie, powsta\u0142a przy wsparciu i na wz\u00f3r fundacji Jurka Owsiaka. Bazar Dobroczynny [&hellip;]<\/p>\n","protected":false},"author":2,"featured_media":0,"parent":6996,"menu_order":0,"comment_status":"closed","ping_status":"closed","template":"","meta":{"_acf_changed":false,"footnotes":""},"class_list":["post-7000","page","type-page","status-publish","hentry"],"acf":[],"_links":{"self":[{"href":"https:\/\/msppu.org.ua\/pl\/wp-json\/wp\/v2\/pages\/7000","targetHints":{"allow":["GET"]}}],"collection":[{"href":"https:\/\/msppu.org.ua\/pl\/wp-json\/wp\/v2\/pages"}],"about":[{"href":"https:\/\/msppu.org.ua\/pl\/wp-json\/wp\/v2\/types\/page"}],"author":[{"embeddable":true,"href":"https:\/\/msppu.org.ua\/pl\/wp-json\/wp\/v2\/users\/2"}],"replies":[{"embeddable":true,"href":"https:\/\/msppu.org.ua\/pl\/wp-json\/wp\/v2\/comments?post=7000"}],"version-history":[{"count":0,"href":"https:\/\/msppu.org.ua\/pl\/wp-json\/wp\/v2\/pages\/7000\/revisions"}],"up":[{"embeddable":true,"href":"https:\/\/msppu.org.ua\/pl\/wp-json\/wp\/v2\/pages\/6996"}],"wp:attachment":[{"href":"https:\/\/msppu.org.ua\/pl\/wp-json\/wp\/v2\/media?parent=7000"}],"curies":[{"name":"wp","href":"https:\/\/api.w.org\/{rel}","templated":true}]}}