{"id":6998,"date":"2018-05-10T11:24:29","date_gmt":"2018-05-10T08:24:29","guid":{"rendered":"https:\/\/msppu.org.ua\/?page_id=6998"},"modified":"2018-05-10T11:25:48","modified_gmt":"2018-05-10T08:25:48","slug":"spotkania-integracyjne","status":"publish","type":"page","link":"https:\/\/msppu.org.ua\/pl\/dzialalnosc-msppu-2\/imprezy-i-przedsiewziecia\/spotkania-integracyjne\/","title":{"rendered":"Spotkania integracyjne"},"content":{"rendered":"<p>Spotkania integracyjne stanowi\u0105 okazj\u0119 do nawi\u0105zywania kontakt\u00f3w oraz wymiany do\u015bwiadcze\u0144 i informacji. Nieformalny charakter tych spotka\u0144 i panuj\u0105ca na nich przyjazna atmosfera sprzyjaj\u0105 bli\u017cszemu poznaniu na p\u0142aszczy\u017anie towarzyskiej.<\/p>\n<p>Spotkania odbywaj\u0105 si\u0119 regularnie, najcz\u0119\u015bciej w ostatni wtorek miesi\u0105ca w\u00a0Pubie Golden Gate lub, w okresie letnim, w ogr\u00f3dku Pubu Patric. Poza tym kilkakrotnie organizowali\u015bmy wieczorne rejsy statkiem po Dnieprze, gdzie, delektuj\u0105c si\u0119 pysznymi przek\u0105skami przy d\u017awiekach muzyki, mo\u017cna by\u0142o podziwia\u0107 nocn\u0105 panoram\u0119 Kijowa, dyskutuj\u0105c nie tylko o biznesie.<\/p>\n<p>Tradycyjnie ju\u017c celebrujemy wsp\u00f3lnie polskie \u015bwi\u0119ta. Corocznie w czasie poprzedzaj\u0105cym \u015awi\u0119ta Bo\u017cego Narodzenia oraz Wielkiej Nocy organizujemy spotkania w Ambasadzie RP przy suto zastawionych polskimi potrawami sto\u0142ach. S\u0105 to spotkania jednocz\u0105ce \u015brodowisko polskie na Ukrainie. Spotykaj\u0105 si\u0119 tu Cz\u0142onkowie i sympatycy naszego Stowarzyszenia. Rang\u0119 tych uroczysto\u015bci podnosi obecno\u015b\u0107 przedstawicieli polskiej dyplomacji na Ukrainie. Naszymi go\u015b\u0107mi honorowymi s\u0105 Ambasador RP z\u00a0ma\u0142\u017conk\u0105, Konsulowie, przedstawiciele Ko\u015bcio\u0142a Katolickiego w Kijowie.<\/p>\n<p>Andrzejki, Dzie\u0144 Kobiet, Ostatki, T\u0142usty Czwartek s\u0105 dla nas r\u00f3wnie\u017c okazj\u0105 do wsp\u00f3lnego \u015bwi\u0119towania. Zazwyczaj wybieramy do tego celu kt\u00f3r\u0105\u015b ze stolicznych restauracji.<\/p>\n<p>Pami\u0119tamy r\u00f3wnie\u017c o naszych pociechach. Chcemy aby ca\u0142y czas mia\u0142y one kontakt z\u00a0polskim j\u0119zykiem i tradycj\u0105. Organizujemy Miko\u0142ajki, Dzie\u0144 Dziecka, Bale Karnawa\u0142owe, seanse specjalnie w tym celu sprowadzonych kopii film\u00f3w polskich dla dzieci. W czasie zabaw, dzieci maj\u0105 zapewnione niezliczone atrakcje i, co wa\u017cne, towarzystwo polskich koleg\u00f3w.<\/p>\n<p>Nasi Cz\u0142onkowie sponsoruj\u0105 \u015bwi\u0105teczne podarunki i\u00a0pocz\u0119stunek dla maluch\u00f3w, za co gor\u0105co im dzi\u0119kujemy. Zapraszamy wszystkie firmy do aktywnego wspierania naszej dzia\u0142alno\u015bci w zakresie organizacji spotka\u0144 integracyjnych.<\/p>\n<p>Informacje na temat najbli\u017cszych planowanych spotka\u0144 znajd\u0105 Pa\u0144stwo w\u00a0dziale\u00a0<a href=\"https:\/\/msppu.org.ua\/pl\/dzialalnosc-msppu\/plan-dzialalnosci\/\">Wiadomo\u015bci<\/a>.<\/p>\n<p>Cz\u0142onkowie Stowarzyszenia otrzymuj\u0105 informacje o nadchodz\u0105cych wydarzeniach na sw\u00f3j adres e-mail.<\/p>\n","protected":false},"excerpt":{"rendered":"<p>Spotkania integracyjne stanowi\u0105 okazj\u0119 do nawi\u0105zywania kontakt\u00f3w oraz wymiany do\u015bwiadcze\u0144 i informacji. Nieformalny charakter tych spotka\u0144 i panuj\u0105ca na nich przyjazna atmosfera sprzyjaj\u0105 bli\u017cszemu poznaniu na p\u0142aszczy\u017anie towarzyskiej. Spotkania odbywaj\u0105 si\u0119 regularnie, najcz\u0119\u015bciej w ostatni wtorek miesi\u0105ca w\u00a0Pubie Golden Gate lub, w okresie letnim, w ogr\u00f3dku Pubu Patric. Poza tym kilkakrotnie organizowali\u015bmy wieczorne rejsy statkiem [&hellip;]<\/p>\n","protected":false},"author":2,"featured_media":0,"parent":6996,"menu_order":0,"comment_status":"closed","ping_status":"closed","template":"","meta":{"_acf_changed":false,"footnotes":""},"class_list":["post-6998","page","type-page","status-publish","hentry"],"acf":[],"_links":{"self":[{"href":"https:\/\/msppu.org.ua\/pl\/wp-json\/wp\/v2\/pages\/6998","targetHints":{"allow":["GET"]}}],"collection":[{"href":"https:\/\/msppu.org.ua\/pl\/wp-json\/wp\/v2\/pages"}],"about":[{"href":"https:\/\/msppu.org.ua\/pl\/wp-json\/wp\/v2\/types\/page"}],"author":[{"embeddable":true,"href":"https:\/\/msppu.org.ua\/pl\/wp-json\/wp\/v2\/users\/2"}],"replies":[{"embeddable":true,"href":"https:\/\/msppu.org.ua\/pl\/wp-json\/wp\/v2\/comments?post=6998"}],"version-history":[{"count":0,"href":"https:\/\/msppu.org.ua\/pl\/wp-json\/wp\/v2\/pages\/6998\/revisions"}],"up":[{"embeddable":true,"href":"https:\/\/msppu.org.ua\/pl\/wp-json\/wp\/v2\/pages\/6996"}],"wp:attachment":[{"href":"https:\/\/msppu.org.ua\/pl\/wp-json\/wp\/v2\/media?parent=6998"}],"curies":[{"name":"wp","href":"https:\/\/api.w.org\/{rel}","templated":true}]}}