{"id":6958,"date":"2018-05-07T14:26:55","date_gmt":"2018-05-07T11:26:55","guid":{"rendered":"https:\/\/msppu.org.ua\/?page_id=6958"},"modified":"2020-01-28T15:25:40","modified_gmt":"2020-01-28T13:25:40","slug":"plan-dzialalnosci","status":"publish","type":"page","link":"https:\/\/msppu.org.ua\/pl\/dzialalnosc-msppu-2\/plan-dzialalnosci\/","title":{"rendered":"Sprawozdanie z dzia\u0142alno\u015bci 2017"},"content":{"rendered":"<p><strong>Sprawozdanie z dzia\u0142alno\u015bci MSPPU za rok 2017<\/strong><\/p>\n<p>W roku 2017 MSPPU by\u0142o wsp\u00f3\u0142organizatorem i uczestnikiem szeregu spotkaniach, konferencji i posiedze\u0144. Spotkania te mia\u0142y ogromne znaczenia w budowaniu \u015bci\u015blejszych zwi\u0105zk\u00f3w mi\u0119dzy Polsk\u0105 i\u00a0Ukrain\u0105, poprzez aktywn\u0105 wsp\u00f3\u0142prac\u0119 na\u00a0p\u0142aszczy\u017anie jak spo\u0142ecznej tak i \u00a0gospodarczej.<\/p>\n<ul>\n<li><strong>01.2017 - <\/strong>spotkanie inauguracyjne <strong>Polsko-Ukrai\u0144skiego Forum Partnerstwa<\/strong> z udzia\u0142em ministra Witolda Waszczykowskiego w Warszawie. Na uroczyst\u0105 inauguracj\u0119 zaproszono m.in. ambasadora Ukrainy w Polsce \u2014 Andrija Deszczyc\u0119, ambasadora Polski na Ukrainie \u2014 Jana Piek\u0142o (r\u00f3wnie\u017c cz\u0142onek Forum), a tak\u017ce Sekretarz Stanu w\u00a0Kancelarii Prezydenta i\u00a0Pe\u0142nomocnik Prezydenta w\u00a0Komitecie Konsultacyjnym Prezydent\u00f3w RP i Ukrainy \u2014 Krzysztofa Szczerskiego;<\/li>\n<li><strong>23-26.02.2017 - XI posiedzenie robocze<\/strong> w sprawie renowacji d. Obserwatorium Astronomicznego UW na g\u00f3rze Pip Iwan w Tatarowie w obwodzie iwanofrankiwskim. W spotkaniu wzi\u0119li udzia\u0142 przedstawiciele Ministerstwa Kultury i Dziedzictwa Narodowego Polski, przedstawiciele Ambasady Ukrainy w Warszawie i Ambasady RP w Kijowie, reprezentanci wojew\u00f3dztw podkarpackiego i ma\u0142opolskiego, Iwanofrankiwskiej Obwodowej Administracji Pa\u0144stwowej i Rady Wojew\u00f3dzkiej, kierownicy Ministerstwa Nadzwyczajnych Sytuacji Ukrainy w Iwano-Frankiwsku, Grupy Bieszczadzkiej GOPR, architekci i sponsorzy;<\/li>\n<li><strong>02.2017 - <\/strong>uroczysto\u015bci z okazji 73. rocznicy zag\u0142ady Huty Pieniackiej;<\/li>\n<li><strong>13-16.03.2017 - <\/strong>konferencja \u00abTydzie\u0144 Energetyki Alternatywnej\u00bb w Kijowie, kt\u00f3rej oficjalnym partnerem by\u0142 Wydzia\u0142 Promocji Handlu i Inwestycji Ambasady RP w Kijowie<strong>;<\/strong><\/li>\n<li><strong>03.2017 - <\/strong>posiedzenie polskiej strony <strong>Polsko-Ukrai\u0144skiego Forum Partnerstwa<\/strong> w Warszawie z udzia\u0142em Ministra Spraw Zagranicznych RP Witolda Waszczykowskiego, Ministra Spraw Zagranicznych Ukrainy Paw\u0142a Klimkina oraz Ambasadora RP Jana Piek\u0142o;<\/li>\n<li><strong>03.2017 - <\/strong>otwarcie w Warszawie skweru ukrai\u0144skiego poety Wasyla Stusa przy udziale wszystkich uczestnik\u00f3w forum;<\/li>\n<li><strong>04.2017<\/strong> uroczyste otwarcie pomnika we wsi Raska Borodia\u0144skiego rejonu, wsp\u00f3\u0142finansowanie rekonstrukcji pomnika;<\/li>\n<li><strong>04.2017 - <\/strong>mi\u0119dzynarodowa konferencja po\u015bwi\u0119cona 154. rocznicy wybuchu powstania styczniowego w 1863 r. W konferencji wzi\u0119li udzia\u0142 przedstawiciele Ambasady RP, Ambasady Litwy, Ambasady Bia\u0142orusi;<\/li>\n<li><strong>05.2017 - <\/strong>w siedzibie Wydzia\u0142u Promocji Handlu i Inwestycji Ambasady RP w Kijowie odby\u0142o si\u0119 spotkanie polskich przedsi\u0119biorc\u00f3w z Litwy i Ukrainy. W spotkaniu udzia\u0142 wzi\u0119li Ambasador RP na Ukrainie Jan Piek\u0142o, Kierownik WPHI Ambasady RP w Kijowie Bartosz Musia\u0142owicz, przedstawiciele Forum Przedsi\u0119biorczo\u015bci Polskiej \u201eKorona\u201d na Litwie (Cz\u0142onek Zarz\u0105du Andrzej \u0141uksza \u2013 dyrektor Vilniaus Avilda, Rewident Eugeniusz Wojsiat \u2013 dyrektor Eugensa) oraz Zarz\u0105d Mi\u0119dzynarodowego Stowarzyszenia Przedsi\u0119biorc\u00f3w Polskich na Ukrainie (Prezes Piotr Ciarkowski \u2013 dyrektor Bikor, Damian Ragan \u2013 wiceprezes Kredobank, Zbigniew Szo\u0142yga \u2013 dyrektor PZU Ubezpieczenia na \u017cycie, Ireneusz Derek \u2013 dyrektor Plastics Ukraina z Ambasadorem RP;<\/li>\n<li><strong>05.2017 - <\/strong>wsp\u00f3\u0142organizacja w ramach obchod\u00f3w rocznicy\u00a0Konstytucji\u00a03\u00a0maja - <strong>Koncert-Premier Muzyki Polsko-Litewskiej<\/strong>;<\/li>\n<li><strong>05.2017 - VI Forum Mi\u0119dzynarodowe \u00abDzie\u0144 Ukrai\u0144skiego Biznesu\u00bb <\/strong>w Warszawie, g\u0142\u00f3wnym celem kt\u00f3rego by\u0142o stworzenie platformy wymiany pomys\u0142\u00f3w i idei, nawi\u0105zywanie wsp\u00f3\u0142pracy mi\u0119dzy oboma krajami i wspieranie zwi\u0119kszenia nap\u0142ywu bezpo\u015brednich inwestycji zagranicznych do Ukrainy. Forum odby\u0142o si\u0119 pod patronatem\u00a0<a href=\"http:\/\/poland.mfa.gov.ua\/ua\">Ambasady Ukrainy w Rzeczypospolitej Polskiej<\/a>i przy wsparciu\u00a0<a href=\"http:\/\/www.me.gov.ua\/?lang=uk-UA\">Ministerstwa Rozwoju Gospodarczego i Handlu Ukrainy<\/a>;<\/li>\n<li><strong>06.2017 - <\/strong>przyj\u0119cie z okazji otwarcia posiedzenia Polsko-Ukrai\u0144skiego Forum Partnerstwa, w budynku Ambasady Rzeczypospolitej Polskiej;<\/li>\n<li><strong>06.2017<\/strong> - spotkanie w sprawie renowacji d. Obserwatorium Astronomicznego UW na g\u00f3rze Pip Iwan przy udziale Wiceprezesa Rady Ministr\u00f3w, Ministra Kultury I Dziedzictwa Narodowego Pana Prof. dr hab. Piotra Gli\u0144skiego, Ambasadora RP w Kijowie Pana Jana Piek\u0142o, Konsula Generalnego we Lwowie Pana Rafa\u0142a Wolskiego oraz przedstawicieli uniwersytet\u00f3w: Warszawskiego I Przykarpackiego w Iwano-Frankiwsku;<\/li>\n<li><strong>21-22.06.2017 - IV Mi\u0119dzynarodowe Biznes Forum<\/strong> w Charkowie. Polska misja bior\u0105ca udzia\u0142 w Forum\u00a0zosta\u0142a zorganizowana przez\u00a0Wydzia\u0142 Promocji Handlu i Inwestycji i Wydzia\u0142 Ekonomiczny Ambasady RP w Kijowie, we wsp\u00f3\u0142pracy z Mi\u0119dzynarodowym Stowarzyszeniem Przedsi\u0119biorc\u00f3w Polskich na Ukrainie i Polsko-Ukrai\u0144sk\u0105 Izb\u0105 Gospodarcz\u0105<strong>;<\/strong><\/li>\n<li><strong>05-07.09.2017 - XXVII Forum Ekonomiczne<\/strong> w Krynicy Zdr\u00f3j<strong>;<\/strong><\/li>\n<li><strong>09.2017 - <\/strong>otwarcie <strong>Polsko-Ukrai\u0144skiej Stacji Ratownictwa G\u00f3rskiego<\/strong> na szczycie g\u00f3ry Pip Iwan.\u00a0 Obok przedstawicieli w\u0142adz pa\u0144stwowych Polski i Ukrainy byli obecni duchowni Ko\u015bcio\u0142\u00f3w rzymskokatolickiego, grekokatolickiego i prawos\u0142awnego, a przede wszystkim g\u0142\u00f3wni\u00a0 inicjatorzy odbudowy obserwatorium \u2013 dyrektor Centrum Studi\u00f3w Europy Wschodniej Uniwersytetu Warszawskiego Jan Malicki oraz rektor Uniwersytetu Przykarpackiego w Iwano-Frankiwsku\u00a0 prof. Igor Cependa;<\/li>\n<li><strong>09.2017 <\/strong>- konferencja \u00ab<strong>PRZEDSI\u0118BIORCZO\u015a\u0106-INNOWACYJNO\u015a\u0106-ROZW\u00d3J REGIONALNY\u00bb<\/strong> w ramach realizacji projektu \u00abWzrost atrakcyjno\u015bci inwestycyjnej Ukrainy oraz konkurencyjno\u015bci region\u00f3w\u00bb<strong>;<\/strong><\/li>\n<li><strong>10.2017<\/strong> - uroczyste otwarcie ulicy oraz muralu Jana Paw\u0142a II w Kijowie;<\/li>\n<li><strong>26 - 27.10.2017 - VII Forum Mi\u0119dzynarodowe Dni Polskiego Biznesu w Ukrainie <\/strong>przeprowadzone przy wsparciu Ministerstwa Infrastruktury Ukrainy i Wydzia\u0142u Promocji Handlu i Inwestycji Ambasady Rzeczypospolitej Polskiej w Kijowie;<\/li>\n<li><strong>11.2017 - <\/strong>konferencja<strong> \u201eUkraina i Polska \u2013 s\u0105siedzi i partnerzy\u201d<\/strong>, kt\u00f3ra ma na celu promocj\u0119 polskiej transformacji oraz polsko-ukrai\u0144skiej wsp\u00f3\u0142pracy (Sumy);<\/li>\n<li><strong>12.2017<\/strong> - odby\u0142o si\u0119 pierwsze spotkanie robocze przedstawicieli MSPPU, Polskiej Agencji Inwestycji Zagranicznych oraz Zrzeszenia Ukrai\u0144skiego Biznesu w Polsce w celu u\u015bci\u015blenia wsp\u00f3\u0142pracy pomi\u0119dzy organizacjami;<\/li>\n<\/ul>\n<p><strong><u>MSPPU by\u0142o organizatorem lub wsp\u00f3\u0142organizatorem seminari\u00f3w oraz biznes-\u015bniada\u0144:<\/u><\/strong><\/p>\n<ul>\n<li><strong>02.2017 - <\/strong>seminarium <strong>\u00abDzia\u0142alno\u015b\u0107 prawna Sp\u00f3\u0142ek Akcyjnych\u00bb<\/strong> biznes \u015bniadanie organizowane wsp\u00f3lnie z LC Alliance Ratuszniak i Partnerzy;<\/li>\n<li><strong>02.2017 - <\/strong>seminarium informacyjne <strong>\u00abWindykacje, kontrole podatkowe i inspekcje pracy\u00bb <\/strong>wsp\u00f3lnie z WPHI z udzia\u0142em PLP Group;<\/li>\n<li><strong>03.2017 - <\/strong>biznes \u015bniadanie dla kierownik\u00f3w oraz wiod\u0105cych specjalist\u00f3w nt. <strong>reali\u00f3w i perspektyw prowadzenia dzia\u0142alno\u015bci gospodarczej na Ukrainie<\/strong> - wsp\u00f3lnie z WPHI z udzia\u0142em Wo\u0142odymyra Ratuszniaka;<\/li>\n<li><strong>03.2017 - <\/strong>szkolenie Praktyczne \u00abEmocjonalne liderstwo - zarz\u0105dzanie z dusz\u0105\u00bb wsp\u00f3lnie z Accord Consulting;<\/li>\n<li><strong>03.2017 - <\/strong>seminarium informacyjne <strong>\u00abPodatki -2017. Bie\u017c\u0105ce wyja\u015bnienia, inicjatywy podatkowe -2018\u00bb <\/strong>wsp\u00f3lnie z ekspertami OMP, Crowe Howarth AC Ukraine;<\/li>\n<li><strong>10.2017 <\/strong>- seminarium \u00abLegalizacja pobytu i zatrudnienia obcokrajowc\u00f3w w Ukrainie\u00bb wsp\u00f3lnie z PLP Group;<\/li>\n<li><strong>12.2017 <\/strong>- biznes \u015bniadanie z Algidrasem Szemet\u0105, biznes-ombudsmanem na Ukrainie \u2013 finansowane oraz organizowane wsp\u00f3lnie z WPHI;<\/li>\n<\/ul>\n<p><strong><u>Wsp\u00f3lnie z Ambasad\u0105 RP w Kijowie organizowali\u015bmy:<\/u><\/strong><\/p>\n<ul>\n<li><strong>06.2017 - <\/strong>\u015awi\u0119towanie Dnia Dziecka<strong>.<\/strong><\/li>\n<li><strong>11.2017<\/strong> - uroczyste przyj\u0119cie z okazji Narodowego \u015awi\u0119ta Niepodleg\u0142o\u015bci<\/li>\n<li><strong>12.2017<\/strong> - XXV \u015awi\u0105teczny Bazar Charytatywny.<\/li>\n<li><strong>12.2017<\/strong> - Uroczyste Przyj\u0119cie Wigilijne w Generalnym Konsulacie RP we Lwowie<\/li>\n<li><strong>12.2017<\/strong> - Spotkanie Wigilijne w budynku Ambasady RP w Kijowie,<\/li>\n<\/ul>\n<p>Spotkanie Wielkanocne w Ambasadzie RP ze wzgl\u0119d\u00f3w bezpiecze\u0144stwa zosta\u0142o skasowane.<\/p>\n<p>Prace zwi\u0105zane z odbudow\u0105 Polsko-Ukrai\u0144skiej Stacji Ratownictwa G\u00f3rskiego zosta\u0142y sfinansowane ze \u015brodk\u00f3w Ambasady RP w Kijowie.<\/p>\n<p><strong><u>R\u00f3wnie\u017c zrealizowano nast\u0119puj\u0105ce projekty ze \u015brodk\u00f3w Fundacji Pomocy Polakom na Wschodzie:<\/u><\/strong><\/p>\n<ul>\n<li>Wydanie ksi\u0105\u017cki pt. \"Polsko-Ukrai\u0144ska Wsp\u00f3\u0142praca Wojskowa na Przestrzeni Dziej\u00f3w\";<\/li>\n<li>Rozbudowa polskiej ekspozycji w Narodowym Muzeum Historyczno-Architektonicznym \"Twierdza Kijowska\" w Kijowie;<\/li>\n<li>Wsparcie bie\u017c\u0105cej dzia\u0142alno\u015bci Szko\u0142y Polskiej w Kijowie;<\/li>\n<li>Sprz\u0105tanie grob\u00f3w polskich na Cmentarzu im. Bajkowa w Kijowie;<\/li>\n<li>Spotkanie okoliczno\u015bciowe \u2013 \u201eMiko\u0142ajki\u201d;<\/li>\n<li>Modernizacja strony internetowej.<\/li>\n<\/ul>\n<p><strong><u>Do grona cz\u0142onk\u00f3w MSPPU w roku 2017 zosta\u0142y przyj\u0119te sp\u00f3\u0142ki: <\/u><\/strong><\/p>\n<ul>\n<li>\u00abKo Next Poland\u00bb, \u00abHanplast Solar Ukraina\u00bb z o.o., \u00abBisar\u00bb Sp. z o.o., \u00abMirbud\u00bb Sp z o.o.<\/li>\n<\/ul>\n","protected":false},"excerpt":{"rendered":"<p>Sprawozdanie z dzia\u0142alno\u015bci MSPPU za rok 2017 W roku 2017 MSPPU by\u0142o wsp\u00f3\u0142organizatorem i uczestnikiem szeregu spotkaniach, konferencji i posiedze\u0144. Spotkania te mia\u0142y ogromne znaczenia w budowaniu \u015bci\u015blejszych zwi\u0105zk\u00f3w mi\u0119dzy Polsk\u0105 i\u00a0Ukrain\u0105, poprzez aktywn\u0105 wsp\u00f3\u0142prac\u0119 na\u00a0p\u0142aszczy\u017anie jak spo\u0142ecznej tak i \u00a0gospodarczej. 01.2017 - spotkanie inauguracyjne Polsko-Ukrai\u0144skiego Forum Partnerstwa z udzia\u0142em ministra Witolda Waszczykowskiego w Warszawie. [&hellip;]<\/p>\n","protected":false},"author":2,"featured_media":0,"parent":7022,"menu_order":0,"comment_status":"closed","ping_status":"closed","template":"","meta":{"_acf_changed":false,"footnotes":""},"class_list":["post-6958","page","type-page","status-publish","hentry"],"acf":[],"_links":{"self":[{"href":"https:\/\/msppu.org.ua\/pl\/wp-json\/wp\/v2\/pages\/6958","targetHints":{"allow":["GET"]}}],"collection":[{"href":"https:\/\/msppu.org.ua\/pl\/wp-json\/wp\/v2\/pages"}],"about":[{"href":"https:\/\/msppu.org.ua\/pl\/wp-json\/wp\/v2\/types\/page"}],"author":[{"embeddable":true,"href":"https:\/\/msppu.org.ua\/pl\/wp-json\/wp\/v2\/users\/2"}],"replies":[{"embeddable":true,"href":"https:\/\/msppu.org.ua\/pl\/wp-json\/wp\/v2\/comments?post=6958"}],"version-history":[{"count":0,"href":"https:\/\/msppu.org.ua\/pl\/wp-json\/wp\/v2\/pages\/6958\/revisions"}],"up":[{"embeddable":true,"href":"https:\/\/msppu.org.ua\/pl\/wp-json\/wp\/v2\/pages\/7022"}],"wp:attachment":[{"href":"https:\/\/msppu.org.ua\/pl\/wp-json\/wp\/v2\/media?parent=6958"}],"curies":[{"name":"wp","href":"https:\/\/api.w.org\/{rel}","templated":true}]}}