{"id":6952,"date":"2018-05-07T14:04:51","date_gmt":"2018-05-07T11:04:51","guid":{"rendered":"https:\/\/msppu.org.ua\/?page_id=6952"},"modified":"2018-05-10T13:47:31","modified_gmt":"2018-05-10T10:47:31","slug":"likwidacja-spolki","status":"publish","type":"page","link":"https:\/\/msppu.org.ua\/pl\/centrum-informacji-biznesowej\/warunki-prowadzenia-dzialalnosci-gospodarczej-na-ukrainie\/informacje-prawne\/likwidacja-spolki\/","title":{"rendered":"Likwidacja sp\u00f3\u0142ki"},"content":{"rendered":"<p>Zagadnienie likwidacji przedsi\u0119biorc\u00f3w zyska\u0142o znacznie na aktualno\u015bci w ci\u0105gu ostatnich kilku lat. Z powodu kryzysu, mali i \u015bredni przedsi\u0119biorcy cz\u0119stokro\u0107 nie wytrzymuj\u0105 konkurencji, wskutek czego s\u0105 oni zmuszeni do rozwa\u017cania zako\u0144czenia dzia\u0142alno\u015bci gospodarczej.<\/p>\n<p>Obecnie w Republice Ukrainy likwidacja przedsi\u0119biorc\u00f3w jest procesem do\u015b\u0107 skomplikowanym, co wi\u0105\u017ce si\u0119 zar\u00f3wno z konieczno\u015bci\u0105 przeprowadzenia r\u00f3\u017cnorodnych post\u0119powa\u0144, jak i z d\u0142ugotrwa\u0142o\u015bci\u0105 etap\u00f3w procedury likwidacyjnej.<\/p>\n<p>Procedura likwidacji przedsi\u0119biorc\u00f3w ma charakter kompleksowy i opr\u00f3cz samej likwidacji obejmuje tak\u017ce wyb\u00f3r odpowiedniego sposobu likwidacji oraz przygotowywanie przedsi\u0119biorcy do likwidacji.<br \/>\nWyboru sposobu likwidacji dokonuje si\u0119 adekwatnie do przyczyny i celu likwidacji, stanu aktyw\u00f3w i pasyw\u00f3w, stanu zaleg\u0142o\u015bci. Najistotniejsze w fazie przygotowania do likwidacji jest zapewnienie, aby by\u0142a ona przeprowadzona przez odpowiednich specjalist\u00f3w, co pozwala na unikni\u0119cie wielu \u201epu\u0142apek\u201d towarzysz\u0105cych omawianej procedurze.<\/p>\n<p>Istota likwidacji polega na wykre\u015bleniu sp\u00f3\u0142ki z ukrai\u0144skiego rejestru przedsi\u0119biorc\u00f3w. Po zako\u0144czeniu procedury likwidacji, przedsi\u0119biorstwo przestaje istnie\u0107 zar\u00f3wno w sensie faktycznym, jak i prawnym, co oznacza, i\u017c ustaj\u0105 wszelkie prawa i obowi\u0105zki uczestnik\u00f3w (wsp\u00f3lnik\u00f3w) przedsi\u0119biorstwa.<\/p>\n<p>Odpowiednie przygotowanie procesu likwidacji jest niezb\u0119dne w celu w\u0142a\u015bciwego przeprowadzenia procedury zako\u0144czenia dzia\u0142alno\u015bci gospodarczej przedsi\u0119biorcy, a tak\u017ce w celu unikni\u0119cia problem\u00f3w ze strony organ\u00f3w w\u0142adzy publicznej po zako\u0144czeniu likwidacji. Faza przygotowawcza likwidacji obejmuje nast\u0119puj\u0105ce aspekty: poprawne rozwi\u0105zanie stosunk\u00f3w pracy i wyp\u0142ata wynagrodzenia pracownikom, rozwi\u0105zanie um\u00f3w z kontrahentami, analiza stanu rachunk\u00f3w bankowych, analiza stanu aktyw\u00f3w i pasyw\u00f3w; sp\u0142ata zobowi\u0105za\u0144 i wyegzekwowanie wierzytelno\u015bci przedsi\u0119biorcy, dochowywanie obowi\u0105zk\u00f3w sprawozdawczych na r\u00f3\u017cnych etapach likwidacji.<\/p>\n<p>Og\u00f3lne zasady likwidacji przedsi\u0119biorc\u00f3w zosta\u0142y sformu\u0142owane w art. 60 Kodeksu Gospodarczego Ukrainy. Likwidacj\u0119 sp\u00f3\u0142ki mo\u017ce przeprowadzi\u0107 albo specjalnie utworzona w ww. celu komisja likwidacyjna, albo zarz\u0105d likwidowanej sp\u00f3\u0142ki. Organ, kt\u00f3ry podj\u0105\u0142 decyzj\u0119 o likwidacji, wyznacza regulamin i terminarz likwidacji, a ponadto tak\u017ce termin na zg\u0142aszanie wierzytelno\u015bci w stosunku do likwidowanej sp\u00f3\u0142ki. Warto zaznaczy\u0107, \u017ce wspomniany termin musi wynosi\u0107 co najmniej dwa miesi\u0105ce, pocz\u0105wszy od momentu og\u0142oszenia o otwarciu procedury likwidacyjnej. Og\u0142oszenie o otwarciu likwidacji ze wskazaniem termin\u00f3w na zg\u0142aszanie wierzytelno\u015bci powinno nast\u0105pi\u0107 publicznie. Komisja likwidacyjna jest obowi\u0105zana zastosowa\u0107 wszystkie niezb\u0119dne \u015brodki w celu wyegzekwowania wierzytelno\u015bci likwidowanej sp\u00f3\u0142ki, jak r\u00f3wnie\u017c oszacowa\u0107 maj\u0105tek likwidowanej sp\u00f3\u0142ki.<\/p>\n<p>Powy\u017csza procedura, cho\u0107 skomplikowana, jest w pe\u0142ni uzasadniona, gdy\u017c zmierza do maksymalnego zaspokojenia wierzycieli oraz do ochrony przedsi\u0119biorc\u00f3w przed nieuczciwymi partnerami. R\u00f3wnocze\u015bnie, ogromny nak\u0142ad pracy towarzysz\u0105cy likwidacji stwarza istotne problemy przedsi\u0119biorcom, kt\u00f3rzy z r\u00f3\u017cnych powod\u00f3w zdecydowali si\u0119 wszcz\u0105\u0107 procedur\u0119 likwidacyjn\u0105.<\/p>\n<p>Skuteczno\u015b\u0107 procedury likwidacyjnej jest uzale\u017cniona od zastosowanych wariant\u00f3w jej realizacji.<\/p>\n<p>Jednym ze stosowanych wariant\u00f3w jest likwidacja standardowa, tj. dobrowolna. Za bol\u0105czk\u0119 tego sposobu likwidacji postrzegana jest konieczno\u015b\u0107 poddania si\u0119 wnikliwej procedurze kontrolnej ze strony Urz\u0119du Skarbowego. Dlatego czasem za korzystniejszy wariant zako\u0144czenia dzia\u0142alno\u015bci gospodarczej uwa\u017ca si\u0119 og\u0142oszenie upad\u0142o\u015bci sp\u00f3\u0142ki. Ka\u017cdy jednak\u017ce konkretny przypadek charakteryzuje si\u0119 wieloma odmienno\u015bciami i niuansami.<\/p>\n<p>Podsumowuj\u0105c powy\u017csze rozwa\u017cania nale\u017cy doj\u015b\u0107 do wniosku, i\u017c likwidacja sp\u00f3\u0142ek stanowi procedur\u0119 skomplikowan\u0105, wymagaj\u0105c\u0105 indywidualnej i w\u0142a\u015bciwej oceny ka\u017cdego przypadku. Rozpoczynaj\u0105c procedur\u0119 likwidacyjn\u0105 przedsi\u0119biorcy znajduj\u0105 si\u0119 w odmiennych sytuacjach, dlatego ka\u017cda konkretna sprawa wymaga zastosowania w\u0142a\u015bciwych i optymalnych rozwi\u0105za\u0144. Nale\u017cy tak\u017ce mie\u0107 \u015bwiadomo\u015b\u0107, i\u017c b\u0142\u0119dy pope\u0142nione w toku procedury likwidacji sp\u00f3\u0142ki mog\u0105 doprowadzi\u0107 do nieprzewidzianych, negatywnych skutk\u00f3w, w tym niekiedy skutkowa\u0107 odpowiedzialno\u015bci\u0105 administracyjn\u0105, cywilnoprawn\u0105 lub karn\u0105.<\/p>\n<p>Informacja jest przygotowana przez Kancelari\u0119 prawn\u0105 Cha\u0142as i Wsp\u00f3lnicy<\/p>\n","protected":false},"excerpt":{"rendered":"<p>Zagadnienie likwidacji przedsi\u0119biorc\u00f3w zyska\u0142o znacznie na aktualno\u015bci w ci\u0105gu ostatnich kilku lat. Z powodu kryzysu, mali i \u015bredni przedsi\u0119biorcy cz\u0119stokro\u0107 nie wytrzymuj\u0105 konkurencji, wskutek czego s\u0105 oni zmuszeni do rozwa\u017cania zako\u0144czenia dzia\u0142alno\u015bci gospodarczej. Obecnie w Republice Ukrainy likwidacja przedsi\u0119biorc\u00f3w jest procesem do\u015b\u0107 skomplikowanym, co wi\u0105\u017ce si\u0119 zar\u00f3wno z konieczno\u015bci\u0105 przeprowadzenia r\u00f3\u017cnorodnych post\u0119powa\u0144, jak i z [&hellip;]<\/p>\n","protected":false},"author":2,"featured_media":0,"parent":6977,"menu_order":0,"comment_status":"closed","ping_status":"closed","template":"","meta":{"_acf_changed":false,"footnotes":""},"class_list":["post-6952","page","type-page","status-publish","hentry"],"acf":[],"_links":{"self":[{"href":"https:\/\/msppu.org.ua\/pl\/wp-json\/wp\/v2\/pages\/6952","targetHints":{"allow":["GET"]}}],"collection":[{"href":"https:\/\/msppu.org.ua\/pl\/wp-json\/wp\/v2\/pages"}],"about":[{"href":"https:\/\/msppu.org.ua\/pl\/wp-json\/wp\/v2\/types\/page"}],"author":[{"embeddable":true,"href":"https:\/\/msppu.org.ua\/pl\/wp-json\/wp\/v2\/users\/2"}],"replies":[{"embeddable":true,"href":"https:\/\/msppu.org.ua\/pl\/wp-json\/wp\/v2\/comments?post=6952"}],"version-history":[{"count":0,"href":"https:\/\/msppu.org.ua\/pl\/wp-json\/wp\/v2\/pages\/6952\/revisions"}],"up":[{"embeddable":true,"href":"https:\/\/msppu.org.ua\/pl\/wp-json\/wp\/v2\/pages\/6977"}],"wp:attachment":[{"href":"https:\/\/msppu.org.ua\/pl\/wp-json\/wp\/v2\/media?parent=6952"}],"curies":[{"name":"wp","href":"https:\/\/api.w.org\/{rel}","templated":true}]}}