{"id":6948,"date":"2018-05-07T14:01:12","date_gmt":"2018-05-07T11:01:12","guid":{"rendered":"https:\/\/msppu.org.ua\/?page_id=6948"},"modified":"2018-05-14T14:19:45","modified_gmt":"2018-05-14T11:19:45","slug":"rejestracja-spolki-na-ukrainie","status":"publish","type":"page","link":"https:\/\/msppu.org.ua\/pl\/centrum-informacji-biznesowej\/warunki-prowadzenia-dzialalnosci-gospodarczej-na-ukrainie\/rejestracja-spolki-na-ukrainie\/","title":{"rendered":"Rejestracja sp\u00f3\u0142ki na Ukrainie"},"content":{"rendered":"<p><span lang=\"pl-PL\">Rejestracja sp\u00f3\u0142ki na Ukrainie w \u015bwietle ostatnich zmian ustawodawstwa.<\/span><\/p>\n<p lang=\"pl-PL\">Tryb rejestracji dzia\u0142alno\u015bci gospodarczej na Ukrainie jest regulowany Ustaw\u0105 Ukrainy \u201eO pa\u0144stwowej rejestracji os\u00f3b prawnych i fizycznych \u2013 przedsi\u0119biorc\u00f3w\u201d Nr 755-IV z dnia 15.05.2003r. (dalej-Ustawa), natomiast sam tryb za\u0142o\u017cenia Sp\u00f3\u0142ki, jej dzia\u0142alno\u015b\u0107 jak te\u017c likwidacja s\u0105 regulowane przez odr\u0119bn\u0105 Ustaw\u0119 Ukrainy \u201eO sp\u00f3\u0142kach gospodarczych\u201d Nr1576-XII z dnia 19.09.1991r. wraz z przepisami Kodeksu Cywilnego i Kodeksu Gospodarczego Ukrainy.<\/p>\n<p lang=\"pl-PL\">Ostatnie zmiany w wy\u017cej wymienionych aktach prawnych wprowadzone w latach 2011-2012 wskazuj\u0105 na niekt\u00f3r\u0105 zmian\u0119 podej\u015bcia Pa\u0144stwa Ukrai\u0144skiego do procedur zak\u0142adania dzia\u0142alno\u015bci gospodarczej, kt\u00f3ra wydawa\u0142a si\u0119 na prost\u0105 pr\u00f3b\u0119 uporz\u0105dkowania informacji o przedsi\u0119biorcach i pomniejszenia ilo\u015bci etat\u00f3w urz\u0119dnik\u00f3w podstawowego poziomu, zatrudnionych w swoim czasie przy rejestracji i ewidencji w tym US, GUS, ZUS, Urz\u0105d Celny, MSW.<\/p>\n<p lang=\"pl-PL\">Najcz\u0119\u015bciej spotykanym rodzajem Sp\u00f3\u0142ki gospodarczej na Ukrainie by\u0142a i zostaje Sp\u00f3\u0142ka z ograniczona odpowiedzialno\u015bci\u0105. Taka zaistnia\u0142a sytuacja jest naturalnie zwi\u0105zana z tym, \u017ce inne rodzaje sp\u00f3\u0142ek (akcyjna, pe\u0142na, komandytowa lub z dodatkow\u0105 odpowiedzialno\u015bci\u0105) dla prowadzenia dzia\u0142alno\u015bci charakterystycznej dla ma\u0142ych i \u015brednich przedsi\u0119biorstw z regu\u0142y nie maj\u0105 dodatkowych atut\u00f3w w por\u00f3wnaniu do Sp\u00f3\u0142ki z ograniczon\u0105 odpowiedzialno\u015bci\u0105.<\/p>\n<p lang=\"pl-PL\">Zgodnie z art. 24 p.2 Ustawy Ukrainy \u201eO pa\u0144stwowej rejestracji os\u00f3b prawnych i fizycznych \u2013 przedsi\u0119biorc\u00f3w\u201d dla rejestracji Sp\u00f3\u0142ki do w\u0142a\u015bciwego organu podstawowo musz\u0105 by\u0107 z\u0142o\u017cone tylko 4 (cztery) dokumenty:<\/p>\n<ol>\n<li>\n<p lang=\"pl-PL\">Wniosek, wype\u0142niony wed\u0142ug odpowiedniego formularza.<\/p>\n<\/li>\n<li>\n<p lang=\"pl-PL\">Statut Sp\u00f3\u0142ki w dw\u00f3ch oryginalnych egzemplarzach.<\/p>\n<\/li>\n<li>\n<p lang=\"pl-PL\">Uchwa\u0142a o za\u0142o\u017ceniu Sp\u00f3\u0142ki lub jej notarialnie po\u015bwiadczona kopia.<\/p>\n<\/li>\n<li>\n<p lang=\"pl-PL\">Dokument zap\u0142aty op\u0142aty rejestracyjnej.<\/p>\n<\/li>\n<\/ol>\n<p lang=\"pl-PL\">W przypadku, kiedy za\u0142o\u017cycielem jest osoba prawna, misi by\u0107 te\u017c dostarczony dokument, potwierdzaj\u0105cy struktur\u0119 w\u0142a\u015bcicielska takiej osoby prawnej, a w szczeg\u00f3\u0142owych przypadkach te\u017c mo\u017ce by\u0107 konieczne zezwolenie Komitetu Antymonopolowego Ukrainy.<\/p>\n<p lang=\"pl-PL\">Zgodnie z art. 24 p.7 Ustawy Ukrainy \u201eO pa\u0144stwowej rejestracji os\u00f3b prawnych i fizycznych \u2013 przedsi\u0119biorc\u00f3w\u201d w przypadku, kiedy za\u0142o\u017cycielem jest zagraniczna osoba prawna, dla rejestracji Sp\u00f3\u0142ki do w\u0142a\u015bciwego organu podstawowo musi by\u0107 te\u017c z\u0142o\u017cony Wypis z rejestru przedsi\u0119biorc\u00f3w odpowiedniego kraju.<\/p>\n<p lang=\"pl-PL\">Udzia\u0142 os\u00f3b zagranicznych (fizycznych i prawnych) w przypadku zak\u0142adania Sp\u00f3\u0142ek naturalnie nawi\u0105zuje do wymog\u00f3w ustawodawstwa dewizowego Ukrainy i ustawodawstwa o zagranicznym inwestowaniu w Ukrainie. S\u0105 to dodatkowe zagadnienia, kt\u00f3re musz\u0105 by\u0107 uwzgl\u0119dnione jeszcze na etapie zak\u0142adania Sp\u00f3\u0142ek z kapita\u0142em zagranicznym.<\/p>\n<p lang=\"pl-PL\">Obecne prawo ukrai\u0144skie w niekt\u00f3rej cz\u0119\u015bci pozostawia bez odpowiedzi kwestie wymog\u00f3w formalnych do przygotowywanych i sk\u0142adanych dokument\u00f3w, dla tego spore znaczenie ma szeroka, konkretna i aktualna wiedza prawnicza os\u00f3b, wykonuj\u0105cych zadanie rejestracji Sp\u00f3\u0142ki na Ukrainie.<\/p>\n<p lang=\"pl-PL\">Mo\u017cliwe nie\u015bcis\u0142o\u015bci lub interpretacje t\u0142umaczenia z j\u0119zyka obcego, niedope\u0142nienie wymog\u00f3w notarialnych, nieuregulowanie kwestii adresu Sp\u00f3\u0142ki, etc. mog\u0105 spowodowa\u0107 do\u015b\u0107 du\u017ce komplikacje w procedurach rejestracji Sp\u00f3\u0142ki a nawet w jej przysz\u0142ej dzia\u0142alno\u015bci. Dla tego du\u017ce znaczenie ma poziom i technika przygotowania niezb\u0119dnych dokument\u00f3w jeszcze przed ich z\u0142o\u017ceniem do organu rejestracji.<\/p>\n<p lang=\"pl-PL\">Wymogi do tre\u015bci Statutu Sp\u00f3\u0142ki, s\u0105 wymienione w Ustawie Ukrainy \u201eO sp\u00f3\u0142kach gospodarczych na Ukrainie\u201d b\u0119d\u0105cym podstaw\u0105 organizacyjno-prawn\u0105 dla funkcjonowania ka\u017cdej osoby prawnej na Ukrainie. Dla tego te\u017c kwestie kompetencji organ\u00f3w Sp\u00f3\u0142ki, etat\u00f3w, wynagrodze\u0144 i zatrudnienia, etc. warto uwzgl\u0119dnia\u0107 w Statucie, \u017ceby unikn\u0105\u0107 w przysz\u0142o\u015bci niepotrzebnych nieporozumie\u0144.<\/p>\n<p lang=\"pl-PL\">Do procedur uzupe\u0142niaj\u0105cych rejestracji nale\u017c\u0105 otwarcie konta bankowego, uzyskanie za\u015bwiadczenia p\u0142atnika VAT, uzyskanie pozwolenia do pracy w przypadku zatrudnienia obcokrajowca w Zarz\u0105dzie Sp\u00f3\u0142ki, podj\u0119cie krok\u00f3w do rejestracji inwestycji zagranicznych na Ukrainie, akredytacja na Urz\u0119dzie Celnym etc.<\/p>\n<p lang=\"pl-PL\">W 2013 roku \u015bredni czas przeprowadzenia rejestracji Sp\u00f3\u0142ki na Ukrainie (Kij\u00f3w, gminy Pieczerska, Dnieprowska, Darnicka) wynosi\u0142 od 10 do 14 dni, w zale\u017cno\u015bci od sk\u0142adu faktycznego za\u0142o\u017cycieli, szybko\u015bci podj\u0119cia przez nich niezb\u0119dnych decyzji, miejsca organu rejestracji.<\/p>\n","protected":false},"excerpt":{"rendered":"<p>Rejestracja sp\u00f3\u0142ki na Ukrainie w \u015bwietle ostatnich zmian ustawodawstwa. Tryb rejestracji dzia\u0142alno\u015bci gospodarczej na Ukrainie jest regulowany Ustaw\u0105 Ukrainy \u201eO pa\u0144stwowej rejestracji os\u00f3b prawnych i fizycznych \u2013 przedsi\u0119biorc\u00f3w\u201d Nr 755-IV z dnia 15.05.2003r. (dalej-Ustawa), natomiast sam tryb za\u0142o\u017cenia Sp\u00f3\u0142ki, jej dzia\u0142alno\u015b\u0107 jak te\u017c likwidacja s\u0105 regulowane przez odr\u0119bn\u0105 Ustaw\u0119 Ukrainy \u201eO sp\u00f3\u0142kach gospodarczych\u201d Nr1576-XII z [&hellip;]<\/p>\n","protected":false},"author":2,"featured_media":0,"parent":6975,"menu_order":0,"comment_status":"closed","ping_status":"closed","template":"","meta":{"_acf_changed":false,"footnotes":""},"class_list":["post-6948","page","type-page","status-publish","hentry"],"acf":[],"_links":{"self":[{"href":"https:\/\/msppu.org.ua\/pl\/wp-json\/wp\/v2\/pages\/6948","targetHints":{"allow":["GET"]}}],"collection":[{"href":"https:\/\/msppu.org.ua\/pl\/wp-json\/wp\/v2\/pages"}],"about":[{"href":"https:\/\/msppu.org.ua\/pl\/wp-json\/wp\/v2\/types\/page"}],"author":[{"embeddable":true,"href":"https:\/\/msppu.org.ua\/pl\/wp-json\/wp\/v2\/users\/2"}],"replies":[{"embeddable":true,"href":"https:\/\/msppu.org.ua\/pl\/wp-json\/wp\/v2\/comments?post=6948"}],"version-history":[{"count":0,"href":"https:\/\/msppu.org.ua\/pl\/wp-json\/wp\/v2\/pages\/6948\/revisions"}],"up":[{"embeddable":true,"href":"https:\/\/msppu.org.ua\/pl\/wp-json\/wp\/v2\/pages\/6975"}],"wp:attachment":[{"href":"https:\/\/msppu.org.ua\/pl\/wp-json\/wp\/v2\/media?parent=6948"}],"curies":[{"name":"wp","href":"https:\/\/api.w.org\/{rel}","templated":true}]}}