{"id":6946,"date":"2018-05-07T14:00:22","date_gmt":"2018-05-07T11:00:22","guid":{"rendered":"https:\/\/msppu.org.ua\/?page_id=6946"},"modified":"2018-05-10T12:45:56","modified_gmt":"2018-05-10T09:45:56","slug":"centrum-informacji-biznesowej","status":"publish","type":"page","link":"https:\/\/msppu.org.ua\/pl\/centrum-informacji-biznesowej\/","title":{"rendered":"Centrum informacji biznesowej"},"content":{"rendered":"<ul>\n<li><a href=\"https:\/\/msppu.org.ua\/pl\/centrum-informacji-biznesowej\/rejestracja-spolki-na-ukrainie\/\">Rejestracja sp\u00f3\u0142ki na Ukrainie<\/a><\/li>\n<li><a href=\"https:\/\/msppu.org.ua\/pl\/centrum-informacji-biznesowej\/zatrudnianie-obywateli-polski-na-ukrainie\/\">Zatrudnianie obywateli Polski na Ukrainie<\/a><\/li>\n<li class=\"last\"><a href=\"https:\/\/msppu.org.ua\/pl\/centrum-informacji-biznesowej\/likwidacja-spolki\/\">Likwidacja sp\u00f3\u0142ki<\/a><\/li>\n<\/ul>\n","protected":false},"excerpt":{"rendered":"<p>Rejestracja sp\u00f3\u0142ki na Ukrainie Zatrudnianie obywateli Polski na Ukrainie Likwidacja sp\u00f3\u0142ki<\/p>\n","protected":false},"author":2,"featured_media":0,"parent":0,"menu_order":0,"comment_status":"closed","ping_status":"closed","template":"","meta":{"_acf_changed":false,"footnotes":""},"class_list":["post-6946","page","type-page","status-publish","hentry"],"acf":[],"_links":{"self":[{"href":"https:\/\/msppu.org.ua\/pl\/wp-json\/wp\/v2\/pages\/6946","targetHints":{"allow":["GET"]}}],"collection":[{"href":"https:\/\/msppu.org.ua\/pl\/wp-json\/wp\/v2\/pages"}],"about":[{"href":"https:\/\/msppu.org.ua\/pl\/wp-json\/wp\/v2\/types\/page"}],"author":[{"embeddable":true,"href":"https:\/\/msppu.org.ua\/pl\/wp-json\/wp\/v2\/users\/2"}],"replies":[{"embeddable":true,"href":"https:\/\/msppu.org.ua\/pl\/wp-json\/wp\/v2\/comments?post=6946"}],"version-history":[{"count":0,"href":"https:\/\/msppu.org.ua\/pl\/wp-json\/wp\/v2\/pages\/6946\/revisions"}],"wp:attachment":[{"href":"https:\/\/msppu.org.ua\/pl\/wp-json\/wp\/v2\/media?parent=6946"}],"curies":[{"name":"wp","href":"https:\/\/api.w.org\/{rel}","templated":true}]}}