{"id":218,"date":"2018-03-31T14:46:48","date_gmt":"2018-03-31T11:46:48","guid":{"rendered":"https:\/\/msppu.org.ua\/?page_id=218"},"modified":"2020-01-24T16:36:39","modified_gmt":"2020-01-24T14:36:39","slug":"co-daje-czlonkowstwo-w-stowarzyszeniu","status":"publish","type":"page","link":"https:\/\/msppu.org.ua\/pl\/co-daje-czlonkowstwo-w-stowarzyszeniu\/","title":{"rendered":"Co daje czlonkowstwo w Stowarzyszeniu?"},"content":{"rendered":"<p><strong>Mo\u017cemy pom\u00f3c w nast\u0119puj\u0105cych kwestiach:\u00a0<\/strong><\/p>\n<p>\u2013\u00a0\u00a0\u00a0\u00a0\u00a0\u00a0\u00a0\u00a0Konsultacje prawne i podatkowe \u2013 w oparciu o specjalist\u00f3w naszych firm-Cz\u0142onk\u00f3w,<\/p>\n<p>\u2013\u00a0\u00a0\u00a0\u00a0\u00a0\u00a0\u00a0\u00a0Organizacja szkole\u0144 i seminari\u00f3w,<\/p>\n<p>\u2013\u00a0\u00a0\u00a0\u00a0\u00a0\u00a0\u00a0\u00a0Kojarzenie firm oraz promocja Pa\u0144stwa oferty w\u015br\u00f3d firm cz\u0142onkowskich,<\/p>\n<p>\u2013\u00a0\u00a0\u00a0\u00a0\u00a0\u00a0\u00a0\u00a0Wsp\u00f3\u0142praca z organami konsularnymi i Ambasad\u0105 RP,<\/p>\n<p>\u2013\u00a0\u00a0\u00a0\u00a0\u00a0\u00a0\u00a0\u00a0Ochrona interes\u00f3w firm,<\/p>\n<p>\u2013\u00a0\u00a0\u00a0\u00a0\u00a0\u00a0\u00a0\u00a0Nauka j\u0119zyka polskiego dla pracownik\u00f3w firm,<\/p>\n<p>\u2013\u00a0\u00a0\u00a0\u00a0\u00a0\u00a0\u00a0\u00a0Pomoc w przygotowaniu dokument\u00f3w dla wiz Schengen oraz roboczych,<\/p>\n<p>\u2013\u00a0\u00a0\u00a0\u00a0\u00a0\u00a0\u00a0\u00a0Ubezpieczenia,<\/p>\n<p>\u2013\u00a0\u00a0\u00a0\u00a0\u00a0\u00a0\u00a0\u00a0T\u0142umaczenia ustne i pisemne z \\na j\u0119zyki europejskie.<\/p>\n","protected":false},"excerpt":{"rendered":"<p>Mo\u017cemy pom\u00f3c w nast\u0119puj\u0105cych kwestiach:\u00a0 \u2013\u00a0\u00a0\u00a0\u00a0\u00a0\u00a0\u00a0\u00a0Konsultacje prawne i podatkowe \u2013 w oparciu o specjalist\u00f3w naszych firm-Cz\u0142onk\u00f3w, \u2013\u00a0\u00a0\u00a0\u00a0\u00a0\u00a0\u00a0\u00a0Organizacja szkole\u0144 i seminari\u00f3w, \u2013\u00a0\u00a0\u00a0\u00a0\u00a0\u00a0\u00a0\u00a0Kojarzenie firm oraz promocja Pa\u0144stwa oferty w\u015br\u00f3d firm cz\u0142onkowskich, \u2013\u00a0\u00a0\u00a0\u00a0\u00a0\u00a0\u00a0\u00a0Wsp\u00f3\u0142praca z organami konsularnymi i Ambasad\u0105 RP, \u2013\u00a0\u00a0\u00a0\u00a0\u00a0\u00a0\u00a0\u00a0Ochrona interes\u00f3w firm, \u2013\u00a0\u00a0\u00a0\u00a0\u00a0\u00a0\u00a0\u00a0Nauka j\u0119zyka polskiego dla pracownik\u00f3w firm, \u2013\u00a0\u00a0\u00a0\u00a0\u00a0\u00a0\u00a0\u00a0Pomoc w przygotowaniu dokument\u00f3w dla wiz Schengen oraz roboczych, \u2013\u00a0\u00a0\u00a0\u00a0\u00a0\u00a0\u00a0\u00a0Ubezpieczenia, [&hellip;]<\/p>\n","protected":false},"author":1,"featured_media":0,"parent":0,"menu_order":0,"comment_status":"closed","ping_status":"closed","template":"","meta":{"_acf_changed":false,"footnotes":""},"class_list":["post-218","page","type-page","status-publish","hentry"],"acf":[],"_links":{"self":[{"href":"https:\/\/msppu.org.ua\/pl\/wp-json\/wp\/v2\/pages\/218","targetHints":{"allow":["GET"]}}],"collection":[{"href":"https:\/\/msppu.org.ua\/pl\/wp-json\/wp\/v2\/pages"}],"about":[{"href":"https:\/\/msppu.org.ua\/pl\/wp-json\/wp\/v2\/types\/page"}],"author":[{"embeddable":true,"href":"https:\/\/msppu.org.ua\/pl\/wp-json\/wp\/v2\/users\/1"}],"replies":[{"embeddable":true,"href":"https:\/\/msppu.org.ua\/pl\/wp-json\/wp\/v2\/comments?post=218"}],"version-history":[{"count":0,"href":"https:\/\/msppu.org.ua\/pl\/wp-json\/wp\/v2\/pages\/218\/revisions"}],"wp:attachment":[{"href":"https:\/\/msppu.org.ua\/pl\/wp-json\/wp\/v2\/media?parent=218"}],"curies":[{"name":"wp","href":"https:\/\/api.w.org\/{rel}","templated":true}]}}