{"id":216,"date":"2018-03-31T14:44:13","date_gmt":"2018-03-31T11:44:13","guid":{"rendered":"https:\/\/msppu.org.ua\/?page_id=216"},"modified":"2025-12-12T08:52:55","modified_gmt":"2025-12-12T06:52:55","slug":"o-msppu","status":"publish","type":"page","link":"https:\/\/msppu.org.ua\/pl\/o-msppu\/","title":{"rendered":"O MSPPU"},"content":{"rendered":"<p style=\"text-align: justify;\">MTPU jest platform\u0105 dla ukrai\u0144sko-polskich przedsi\u0119biorstw, dla obywateli polskich pracuj\u0105cych jako mened\u017cerowie w firmach z kapita\u0142em polskim, ukrai\u0144skim oraz w mi\u0119dzynarodowych korporacjach Ukrainy.<\/p>\n","protected":false},"excerpt":{"rendered":"<p>MTPU jest platform\u0105 dla ukrai\u0144sko-polskich przedsi\u0119biorstw, dla obywateli polskich pracuj\u0105cych jako mened\u017cerowie w firmach z kapita\u0142em polskim, ukrai\u0144skim oraz w mi\u0119dzynarodowych korporacjach Ukrainy.<\/p>\n","protected":false},"author":1,"featured_media":0,"parent":0,"menu_order":0,"comment_status":"closed","ping_status":"closed","template":"","meta":{"_acf_changed":false,"footnotes":""},"class_list":["post-216","page","type-page","status-publish","hentry"],"acf":[],"_links":{"self":[{"href":"https:\/\/msppu.org.ua\/pl\/wp-json\/wp\/v2\/pages\/216","targetHints":{"allow":["GET"]}}],"collection":[{"href":"https:\/\/msppu.org.ua\/pl\/wp-json\/wp\/v2\/pages"}],"about":[{"href":"https:\/\/msppu.org.ua\/pl\/wp-json\/wp\/v2\/types\/page"}],"author":[{"embeddable":true,"href":"https:\/\/msppu.org.ua\/pl\/wp-json\/wp\/v2\/users\/1"}],"replies":[{"embeddable":true,"href":"https:\/\/msppu.org.ua\/pl\/wp-json\/wp\/v2\/comments?post=216"}],"version-history":[{"count":3,"href":"https:\/\/msppu.org.ua\/pl\/wp-json\/wp\/v2\/pages\/216\/revisions"}],"predecessor-version":[{"id":17542,"href":"https:\/\/msppu.org.ua\/pl\/wp-json\/wp\/v2\/pages\/216\/revisions\/17542"}],"wp:attachment":[{"href":"https:\/\/msppu.org.ua\/pl\/wp-json\/wp\/v2\/media?parent=216"}],"curies":[{"name":"wp","href":"https:\/\/api.w.org\/{rel}","templated":true}]}}